{"id":7751,"date":"2025-06-20T17:25:38","date_gmt":"2025-06-20T21:25:38","guid":{"rendered":"https:\/\/www.multicasa.com.br\/inicio\/?post_type=product&#038;p=7751"},"modified":"2025-08-18T00:04:51","modified_gmt":"2025-08-18T04:04:51","slug":"sache-desumidificador-anti-mofo-moffim","status":"publish","type":"product","link":"https:\/\/www.multicasa.com.br\/inicio\/produto\/sache-desumidificador-anti-mofo-moffim\/","title":{"rendered":"Sach\u00ea Desumidificador\/Anti Mofo Moffim"},"content":{"rendered":"<p>O Sach\u00ea Desumidificador\/Anti Mofo da Moffim \u00e9 ideal para eliminar a umidade do ambiente e evitar a prolifera\u00e7\u00e3o do mofo, fungos, bolores e maus odores. Para usar, basta higienizar o local onde deseja coloc\u00e1-lo, posicionar o sach\u00ea e, quando o seu sach\u00ea anti mofo endurecer e inchar, \u00e9 hora de troc\u00e1-lo. Feito de alum\u00ednio e silicato de calico, auxilia no controle de germes e \u00e1caros que geram alergias respirat\u00f3rias.<\/p>\n","protected":false},"excerpt":{"rendered":"<h4 style=\"margin: 0px;padding: 0px 0px 16px;font-family: Lato, sans-serif;font-weight: bold;line-height: 3rem;color: var(--dark-grey3);font-size: 22px;font-style: normal;letter-spacing: normal;text-align: start;text-indent: 0px;text-transform: none\">Informa\u00e7\u00f5es t\u00e9cnicas<\/h4>\n<p><span style=\"margin: 0px;padding: 0px;font-weight: 450;font-size: 14px;line-height: 21px;color: var(--dark-grey2);font-family: Lato, sans-serif;font-style: normal;letter-spacing: normal;text-align: start;text-indent: 0px;text-transform: none\">Produto: Sach\u00ea desumidificador\/Anti Mofo<br \/>\nMarca: Moffim<br \/>\nMaterial: Alum\u00ednio silicato de c\u00e1lcio<br \/>\nCor: Branco e preto<br \/>\nQuantidade de pe\u00e7as: 2 pe\u00e7as<br \/>\nItens Inclusos: 1 Sach\u00ea desumidificador\/antimofo<br \/>\n1 mini cabide<br \/>\nDimens\u00f5es do produto (A x L x P): 16 x 11,5 x 2,5cm<\/span><\/p>\n","protected":false},"featured_media":7831,"template":"","meta":{"_joinchat":[]},"product_brand":[],"product_cat":[96],"product_tag":[],"class_list":{"0":"post-7751","1":"product","2":"type-product","3":"status-publish","4":"has-post-thumbnail","6":"product_cat-limpeza-e-cia","8":"first","9":"outofstock","10":"shipping-taxable","11":"purchasable","12":"product-type-simple"},"_links":{"self":[{"href":"https:\/\/www.multicasa.com.br\/inicio\/wp-json\/wp\/v2\/product\/7751","targetHints":{"allow":["GET"]}}],"collection":[{"href":"https:\/\/www.multicasa.com.br\/inicio\/wp-json\/wp\/v2\/product"}],"about":[{"href":"https:\/\/www.multicasa.com.br\/inicio\/wp-json\/wp\/v2\/types\/product"}],"wp:featuredmedia":[{"embeddable":true,"href":"https:\/\/www.multicasa.com.br\/inicio\/wp-json\/wp\/v2\/media\/7831"}],"wp:attachment":[{"href":"https:\/\/www.multicasa.com.br\/inicio\/wp-json\/wp\/v2\/media?parent=7751"}],"wp:term":[{"taxonomy":"product_brand","embeddable":true,"href":"https:\/\/www.multicasa.com.br\/inicio\/wp-json\/wp\/v2\/product_brand?post=7751"},{"taxonomy":"product_cat","embeddable":true,"href":"https:\/\/www.multicasa.com.br\/inicio\/wp-json\/wp\/v2\/product_cat?post=7751"},{"taxonomy":"product_tag","embeddable":true,"href":"https:\/\/www.multicasa.com.br\/inicio\/wp-json\/wp\/v2\/product_tag?post=7751"}],"curies":[{"name":"wp","href":"https:\/\/api.w.org\/{rel}","templated":true}]}}