{"id":7753,"date":"2025-06-20T17:25:38","date_gmt":"2025-06-20T21:25:38","guid":{"rendered":"https:\/\/www.multicasa.com.br\/inicio\/?post_type=product&#038;p=7753"},"modified":"2025-12-16T18:21:12","modified_gmt":"2025-12-16T22:21:12","slug":"regulador-para-gas-glp-com-mangueira-imar","status":"publish","type":"product","link":"https:\/\/www.multicasa.com.br\/inicio\/produto\/regulador-para-gas-glp-com-mangueira-imar\/","title":{"rendered":"Regulador para G\u00e1s GLP com Mangueira Imar"},"content":{"rendered":"<p>O Regulador para G\u00e1s GLP com Mangueira Imar \u00e9 destinado a reduzir a press\u00e3o entre o botij\u00e3o e o fog\u00e3o, aquecedor, assadeira e outros. Produzido em Zamac, alum\u00ednio, a\u00e7o, pvc, lat\u00e3o e borracha, funciona em baixa temperatura, tornando sua cozinha mais segura. Recomenda-se que a cada 5 anos seja trocado o regulador, al\u00e9m de manter sempre em local protegido e ventilado. N\u00e3o passe a mangueira por tr\u00e1s do fog\u00e3o e feche a v\u00e1lvula ao sair.<\/p>\n","protected":false},"excerpt":{"rendered":"<h4 style=\"margin: 0px;padding: 0px 0px 16px;font-family: Lato, sans-serif;font-weight: bold;line-height: 3rem;color: var(--dark-grey3);font-size: 22px;font-style: normal;letter-spacing: normal;text-align: start;text-indent: 0px;text-transform: none\">Informa\u00e7\u00f5es t\u00e9cnicas<\/h4>\n<p><span style=\"margin: 0px;padding: 0px;font-weight: 450;font-size: 14px;line-height: 21px;color: var(--dark-grey2);font-family: Lato, sans-serif;font-style: normal;letter-spacing: normal;text-align: start;text-indent: 0px;text-transform: none\">Produto: Regulador para G\u00e1s<br \/>\nMarca: Imar<br \/>\nMaterial: Zamac, alum\u00ednio, a\u00e7o, lat\u00e3o e borracha<br \/>\nCor: Prata, dourado e amarelo<br \/>\nCaracter\u00edsticas: Vaz\u00e3o 1,0kg por hora GLP<br \/>\nPress\u00e3o de entrada 69 a 686 kpa<br \/>\nPress\u00e3o de sa\u00edda 2,1 a 3,2 kpa<br \/>\nConex\u00e3o de entrada rosca de 5 por 8 unc<br \/>\nConex\u00e3o de sa\u00edda di\u00e2metro 12<br \/>\nQuantidade de pe\u00e7as: 4<br \/>\nItens inclusos: 1 Regulador para G\u00e1s<br \/>\n1 mangueira<br \/>\n2 abra\u00e7adeiras<br \/>\nDimens\u00f5es do produto (A X L) X (C): 22 x 10cm<br \/>\nMangueira &#8211; 1,25m<br \/>\n<\/span><\/p>\n","protected":false},"featured_media":7835,"template":"","meta":{"_joinchat":[]},"product_brand":[],"product_cat":[94],"product_tag":[],"class_list":{"0":"post-7753","1":"product","2":"type-product","3":"status-publish","4":"has-post-thumbnail","6":"product_cat-gas","8":"first","9":"outofstock","10":"shipping-taxable","11":"product-type-simple"},"_links":{"self":[{"href":"https:\/\/www.multicasa.com.br\/inicio\/wp-json\/wp\/v2\/product\/7753","targetHints":{"allow":["GET"]}}],"collection":[{"href":"https:\/\/www.multicasa.com.br\/inicio\/wp-json\/wp\/v2\/product"}],"about":[{"href":"https:\/\/www.multicasa.com.br\/inicio\/wp-json\/wp\/v2\/types\/product"}],"wp:featuredmedia":[{"embeddable":true,"href":"https:\/\/www.multicasa.com.br\/inicio\/wp-json\/wp\/v2\/media\/7835"}],"wp:attachment":[{"href":"https:\/\/www.multicasa.com.br\/inicio\/wp-json\/wp\/v2\/media?parent=7753"}],"wp:term":[{"taxonomy":"product_brand","embeddable":true,"href":"https:\/\/www.multicasa.com.br\/inicio\/wp-json\/wp\/v2\/product_brand?post=7753"},{"taxonomy":"product_cat","embeddable":true,"href":"https:\/\/www.multicasa.com.br\/inicio\/wp-json\/wp\/v2\/product_cat?post=7753"},{"taxonomy":"product_tag","embeddable":true,"href":"https:\/\/www.multicasa.com.br\/inicio\/wp-json\/wp\/v2\/product_tag?post=7753"}],"curies":[{"name":"wp","href":"https:\/\/api.w.org\/{rel}","templated":true}]}}