{"id":7754,"date":"2025-06-20T17:25:38","date_gmt":"2025-06-20T21:25:38","guid":{"rendered":"https:\/\/www.multicasa.com.br\/inicio\/?post_type=product&#038;p=7754"},"modified":"2025-06-20T17:26:32","modified_gmt":"2025-06-20T21:26:32","slug":"varal-de-chao-butterfly-com-abas-em-aco-branco-maxeb-150x56cm","status":"publish","type":"product","link":"https:\/\/www.multicasa.com.br\/inicio\/produto\/varal-de-chao-butterfly-com-abas-em-aco-branco-maxeb-150x56cm\/","title":{"rendered":"Varal de Ch\u00e3o Butterfly com Abas em A\u00e7o Branco Maxeb 150x56cm"},"content":{"rendered":"<p>O Varal de Ch\u00e3o Butterfly com Abas Maxeb \u00e9 perfeito para quem n\u00e3o tem muito espa\u00e7o em casa para estender e deixar secar roupas. Estrutura em tubo de a\u00e7o com acabamento em pintura ep\u00f3xi branca e com pe\u00e7as em polipropileno. Possui abas e com 150 x 56cm comporta aproximadamente 8,16 metros de roupas. Dobr\u00e1vel, facilita sua rotina e permite que voc\u00ea guarde-o de forma compacta enquanto n\u00e3o est\u00e1 usando.<\/p>\n","protected":false},"excerpt":{"rendered":"<h4 style=\"margin: 0px;padding: 0px 0px 16px;font-family: Lato, sans-serif;font-weight: bold;line-height: 3rem;color: var(--dark-grey3);font-size: 22px;font-style: normal;letter-spacing: normal;text-align: start;text-indent: 0px;text-transform: none\">Informa\u00e7\u00f5es t\u00e9cnicas<\/h4>\n<p><span style=\"margin: 0px;padding: 0px;font-weight: 450;font-size: 14px;line-height: 21px;color: var(--dark-grey2);font-family: Lato, sans-serif;font-style: normal;letter-spacing: normal;text-align: start;text-indent: 0px;text-transform: none\">Produto: Varal de ch\u00e3o<br \/>\nMarca: Max Eberhardt<br \/>\nMaterial: A\u00e7o<br \/>\nPolipropileno<br \/>\nAcabamento: Pintura ep\u00f3xi<br \/>\nCor: Branco<br \/>\nCaracter\u00edsticas: Comporta aproximadamente 8,16m de roupas<br \/>\nItens Inclusos: 1 varal de ch\u00e3o<br \/>\nDimens\u00f5es do produto (A x L x P): 150 x 90 x 56cm<br \/>\n<\/span><\/p>\n","protected":false},"featured_media":7836,"template":"","meta":{"_joinchat":[]},"product_brand":[],"product_cat":[95],"product_tag":[],"class_list":{"0":"post-7754","1":"product","2":"type-product","3":"status-publish","4":"has-post-thumbnail","6":"product_cat-lavanderia","8":"first","9":"outofstock","10":"shipping-taxable","11":"product-type-simple"},"_links":{"self":[{"href":"https:\/\/www.multicasa.com.br\/inicio\/wp-json\/wp\/v2\/product\/7754","targetHints":{"allow":["GET"]}}],"collection":[{"href":"https:\/\/www.multicasa.com.br\/inicio\/wp-json\/wp\/v2\/product"}],"about":[{"href":"https:\/\/www.multicasa.com.br\/inicio\/wp-json\/wp\/v2\/types\/product"}],"wp:featuredmedia":[{"embeddable":true,"href":"https:\/\/www.multicasa.com.br\/inicio\/wp-json\/wp\/v2\/media\/7836"}],"wp:attachment":[{"href":"https:\/\/www.multicasa.com.br\/inicio\/wp-json\/wp\/v2\/media?parent=7754"}],"wp:term":[{"taxonomy":"product_brand","embeddable":true,"href":"https:\/\/www.multicasa.com.br\/inicio\/wp-json\/wp\/v2\/product_brand?post=7754"},{"taxonomy":"product_cat","embeddable":true,"href":"https:\/\/www.multicasa.com.br\/inicio\/wp-json\/wp\/v2\/product_cat?post=7754"},{"taxonomy":"product_tag","embeddable":true,"href":"https:\/\/www.multicasa.com.br\/inicio\/wp-json\/wp\/v2\/product_tag?post=7754"}],"curies":[{"name":"wp","href":"https:\/\/api.w.org\/{rel}","templated":true}]}}