{"id":7780,"date":"2025-06-20T17:26:00","date_gmt":"2025-06-20T21:26:00","guid":{"rendered":"https:\/\/www.multicasa.com.br\/inicio\/?post_type=product&#038;p=7780"},"modified":"2026-04-22T09:00:22","modified_gmt":"2026-04-22T13:00:22","slug":"plastico-bolha-atco-60cmx1m","status":"publish","type":"product","link":"https:\/\/www.multicasa.com.br\/inicio\/produto\/plastico-bolha-atco-60cmx1m\/","title":{"rendered":"Pl\u00e1stico Bolha Atco 60cmx1m"},"content":{"rendered":"<p>Proteja seus m\u00f3veis, objetos e lou\u00e7as usando o pl\u00e1stico bolha Atco. Ideal para todas as ocasi\u00f5es, \u00e9 f\u00e1cil de armazenar, ocupa pouco espa\u00e7o e protege da umidade, poeira e vapor. Resistente a choque, \u00e9 reutiliz\u00e1vel, recicl\u00e1vel e isolante t\u00e9rmico. Suas bolhas de ar prensadas s\u00e3o ideais para que os utens\u00edlios n\u00e3o se quebrem ao ca\u00edrem no ch\u00e3o e para que superf\u00edcies n\u00e3o sejam danificadas.<\/p>\n","protected":false},"excerpt":{"rendered":"<h4 style=\"margin: 0px;padding: 0px 0px 16px;font-family: Lato, sans-serif;font-weight: bold;line-height: 3rem;color: var(--dark-grey3);font-size: 22px;font-style: normal;letter-spacing: normal;text-align: start;text-indent: 0px;text-transform: none\">Informa\u00e7\u00f5es t\u00e9cnicas<\/h4>\n<p><span style=\"margin: 0px;padding: 0px;font-weight: 450;font-size: 14px;line-height: 21px;color: var(--dark-grey2);font-family: Lato, sans-serif;font-style: normal;letter-spacing: normal;text-align: start;text-indent: 0px;text-transform: none\">Produto: Pl\u00e1stico Bolha<br \/>\nMarca: Atco<br \/>\nMaterial: Polietietileno<br \/>\nCaracter\u00edsticas: Transparente<br \/>\nF\u00e1cil de armazenar<br \/>\nResistente a choques<br \/>\nReutiliz\u00e1vel<br \/>\nRecicl\u00e1vel<br \/>\nIsolante t\u00e9rmico<br \/>\nInodoro<br \/>\nAt\u00f3xico<br \/>\nItens Inclusos: 1 bobina de pl\u00e1stico bolha<br \/>\nDimens\u00f5es do produto (L X C): 60cm x 1m<br \/>\n<\/span><\/p>\n","protected":false},"featured_media":7838,"template":"","meta":{"_joinchat":[]},"product_brand":[],"product_cat":[97],"product_tag":[],"class_list":{"0":"post-7780","1":"product","2":"type-product","3":"status-publish","4":"has-post-thumbnail","6":"product_cat-papelaria","8":"first","9":"instock","10":"shipping-taxable","11":"purchasable","12":"product-type-simple"},"_links":{"self":[{"href":"https:\/\/www.multicasa.com.br\/inicio\/wp-json\/wp\/v2\/product\/7780","targetHints":{"allow":["GET"]}}],"collection":[{"href":"https:\/\/www.multicasa.com.br\/inicio\/wp-json\/wp\/v2\/product"}],"about":[{"href":"https:\/\/www.multicasa.com.br\/inicio\/wp-json\/wp\/v2\/types\/product"}],"wp:featuredmedia":[{"embeddable":true,"href":"https:\/\/www.multicasa.com.br\/inicio\/wp-json\/wp\/v2\/media\/7838"}],"wp:attachment":[{"href":"https:\/\/www.multicasa.com.br\/inicio\/wp-json\/wp\/v2\/media?parent=7780"}],"wp:term":[{"taxonomy":"product_brand","embeddable":true,"href":"https:\/\/www.multicasa.com.br\/inicio\/wp-json\/wp\/v2\/product_brand?post=7780"},{"taxonomy":"product_cat","embeddable":true,"href":"https:\/\/www.multicasa.com.br\/inicio\/wp-json\/wp\/v2\/product_cat?post=7780"},{"taxonomy":"product_tag","embeddable":true,"href":"https:\/\/www.multicasa.com.br\/inicio\/wp-json\/wp\/v2\/product_tag?post=7780"}],"curies":[{"name":"wp","href":"https:\/\/api.w.org\/{rel}","templated":true}]}}