{"id":7784,"date":"2025-06-20T17:26:01","date_gmt":"2025-06-20T21:26:01","guid":{"rendered":"https:\/\/www.multicasa.com.br\/inicio\/?post_type=product&#038;p=7784"},"modified":"2025-06-20T17:26:55","modified_gmt":"2025-06-20T21:26:55","slug":"organizador-de-gaveta-branco-7-pecas-purimax","status":"publish","type":"product","link":"https:\/\/www.multicasa.com.br\/inicio\/produto\/organizador-de-gaveta-branco-7-pecas-purimax\/","title":{"rendered":"Organizador de Gaveta Branco 7 Pe\u00e7as Purimax"},"content":{"rendered":"<p>Com o Organizador de Gaveta Purimax voc\u00ea organiza suas gavetas com muita facilidade e estilo. Com 7 pe\u00e7as produzidas em material branco, voc\u00ea tem a possibilidade de criar a melhor combina\u00e7\u00e3o para sua gaveta de acordo com os objetos, j\u00e1 que os m\u00f3dulos s\u00e3o encaix\u00e1veis. S\u00e3o 3 m\u00f3dulos grandes, 2 m\u00f3dulos m\u00e9dios e 2 pequenos para comportar melhor suas necessidades.<\/p>\n","protected":false},"excerpt":{"rendered":"<h4 style=\"margin: 0px;padding: 0px 0px 16px;font-family: Lato, sans-serif;font-weight: bold;line-height: 3rem;color: var(--dark-grey3);font-size: 22px;font-style: normal;letter-spacing: normal;text-align: start;text-indent: 0px;text-transform: none\">Informa\u00e7\u00f5es t\u00e9cnicas<\/h4>\n<p><span style=\"margin: 0px;padding: 0px;font-weight: 450;font-size: 14px;line-height: 21px;color: var(--dark-grey2);font-family: Lato, sans-serif;font-style: normal;letter-spacing: normal;text-align: start;text-indent: 0px;text-transform: none\">Produto: Organizador de gaveta<br \/>\nMarca: Purimax<br \/>\nMaterial: Pl\u00e1stico<br \/>\nCor: Branco<br \/>\nCaracter\u00edsticas: Possui 6 divis\u00f3rias<br \/>\nQuantidade de pe\u00e7as: 7<br \/>\nItens Inclusos: 3m\u00f3dulos grandes<br \/>\n2m\u00f3dulos m\u00e9dios<br \/>\n2m\u00f3dulos pequenos<br \/>\nDimens\u00f5es do produto (A x L x P): Pequeno &#8211; 5 x 8 x 7,5cm<br \/>\nM\u00e9dio &#8211; 5 x 23 x 8cm<br \/>\nGrande &#8211; 5 x 30 x 8cm<\/span><\/p>\n","protected":false},"featured_media":7849,"template":"","meta":{"_joinchat":[]},"product_brand":[],"product_cat":[98],"product_tag":[],"class_list":{"0":"post-7784","1":"product","2":"type-product","3":"status-publish","4":"has-post-thumbnail","6":"product_cat-organizadores","8":"first","9":"outofstock","10":"shipping-taxable","11":"product-type-simple"},"_links":{"self":[{"href":"https:\/\/www.multicasa.com.br\/inicio\/wp-json\/wp\/v2\/product\/7784","targetHints":{"allow":["GET"]}}],"collection":[{"href":"https:\/\/www.multicasa.com.br\/inicio\/wp-json\/wp\/v2\/product"}],"about":[{"href":"https:\/\/www.multicasa.com.br\/inicio\/wp-json\/wp\/v2\/types\/product"}],"wp:featuredmedia":[{"embeddable":true,"href":"https:\/\/www.multicasa.com.br\/inicio\/wp-json\/wp\/v2\/media\/7849"}],"wp:attachment":[{"href":"https:\/\/www.multicasa.com.br\/inicio\/wp-json\/wp\/v2\/media?parent=7784"}],"wp:term":[{"taxonomy":"product_brand","embeddable":true,"href":"https:\/\/www.multicasa.com.br\/inicio\/wp-json\/wp\/v2\/product_brand?post=7784"},{"taxonomy":"product_cat","embeddable":true,"href":"https:\/\/www.multicasa.com.br\/inicio\/wp-json\/wp\/v2\/product_cat?post=7784"},{"taxonomy":"product_tag","embeddable":true,"href":"https:\/\/www.multicasa.com.br\/inicio\/wp-json\/wp\/v2\/product_tag?post=7784"}],"curies":[{"name":"wp","href":"https:\/\/api.w.org\/{rel}","templated":true}]}}