{"id":7788,"date":"2025-06-20T17:26:01","date_gmt":"2025-06-20T21:26:01","guid":{"rendered":"https:\/\/www.multicasa.com.br\/inicio\/?post_type=product&#038;p=7788"},"modified":"2026-04-09T15:30:13","modified_gmt":"2026-04-09T19:30:13","slug":"veda-porta-adesivo-em-plastico-transparente-comfort-90cm","status":"publish","type":"product","link":"https:\/\/www.multicasa.com.br\/inicio\/produto\/veda-porta-adesivo-em-plastico-transparente-comfort-90cm\/","title":{"rendered":"Veda Porta Adesivo em Pl\u00e1stico Transparente Comfort 90cm"},"content":{"rendered":"<p>O Veda Porta Adesivo Comfort \u00e9 um produto projetado para realizar veda\u00e7\u00f5es da base de portas com rapidez e praticidade, \u00e9 ideal para todos os tipos de aplica\u00e7\u00e3o, residenciais ou comerciais. Confeccionado em pl\u00e1stico pvc transparente e rodo em silicone, possui fixa\u00e7\u00e3o autoadesiva dupla face de alta ader\u00eancia e comprimento de 90 cm. O veda porta pode ser instalado de maneira simples e f\u00e1cil por qualquer pessoa, sem a necessidade de ferramentas ou acess\u00f3rios.<\/p>\n","protected":false},"excerpt":{"rendered":"<h4 style=\"margin: 0px;padding: 0px 0px 16px;font-family: Lato, sans-serif;font-weight: bold;line-height: 3rem;color: var(--dark-grey3);font-size: 22px;font-style: normal;letter-spacing: normal;text-align: start;text-indent: 0px;text-transform: none\">Informa\u00e7\u00f5es t\u00e9cnicas<\/h4>\n<p><span style=\"margin: 0px;padding: 0px;font-weight: 450;font-size: 14px;line-height: 21px;color: var(--dark-grey2);font-family: Lato, sans-serif;font-style: normal;letter-spacing: normal;text-align: start;text-indent: 0px;text-transform: none\">Produto: Veda Porta<br \/>\nMarca: Comfort<br \/>\nMaterial: Pl\u00e1stico PVC<br \/>\nRodo de silicone<br \/>\nCor: Incolor<br \/>\nCaracter\u00edsticas: Transparente<br \/>\nAuto Adesivo dupla face<br \/>\nAjuste m\u00e1ximo de corte<br \/>\nItens inclusos: 1 Veda Porta<br \/>\nDimens\u00f5es do produto (A X L): 4 x 90cm<\/span><\/p>\n","protected":false},"featured_media":26264,"template":"","meta":{"_joinchat":[]},"product_brand":[],"product_cat":[141],"product_tag":[],"class_list":{"0":"post-7788","1":"product","2":"type-product","3":"status-publish","4":"has-post-thumbnail","6":"product_cat-marcenaria","8":"first","9":"outofstock","10":"shipping-taxable","11":"purchasable","12":"product-type-simple"},"_links":{"self":[{"href":"https:\/\/www.multicasa.com.br\/inicio\/wp-json\/wp\/v2\/product\/7788","targetHints":{"allow":["GET"]}}],"collection":[{"href":"https:\/\/www.multicasa.com.br\/inicio\/wp-json\/wp\/v2\/product"}],"about":[{"href":"https:\/\/www.multicasa.com.br\/inicio\/wp-json\/wp\/v2\/types\/product"}],"wp:featuredmedia":[{"embeddable":true,"href":"https:\/\/www.multicasa.com.br\/inicio\/wp-json\/wp\/v2\/media\/26264"}],"wp:attachment":[{"href":"https:\/\/www.multicasa.com.br\/inicio\/wp-json\/wp\/v2\/media?parent=7788"}],"wp:term":[{"taxonomy":"product_brand","embeddable":true,"href":"https:\/\/www.multicasa.com.br\/inicio\/wp-json\/wp\/v2\/product_brand?post=7788"},{"taxonomy":"product_cat","embeddable":true,"href":"https:\/\/www.multicasa.com.br\/inicio\/wp-json\/wp\/v2\/product_cat?post=7788"},{"taxonomy":"product_tag","embeddable":true,"href":"https:\/\/www.multicasa.com.br\/inicio\/wp-json\/wp\/v2\/product_tag?post=7788"}],"curies":[{"name":"wp","href":"https:\/\/api.w.org\/{rel}","templated":true}]}}