{"id":7789,"date":"2025-06-20T17:26:01","date_gmt":"2025-06-20T21:26:01","guid":{"rendered":"https:\/\/www.multicasa.com.br\/inicio\/?post_type=product&#038;p=7789"},"modified":"2025-12-09T17:04:41","modified_gmt":"2025-12-09T21:04:41","slug":"suporte-articulado-3-niveis-para-tv-lcd-led-3d-de-14-a-56-multivisao-2","status":"publish","type":"product","link":"https:\/\/www.multicasa.com.br\/inicio\/produto\/suporte-articulado-3-niveis-para-tv-lcd-led-3d-de-14-a-56-multivisao-2\/","title":{"rendered":"Suporte Articulado 3 N\u00edveis para TV LCD\/LED\/3D de 14&#8243; a 56&#8243; Multivis\u00e3o"},"content":{"rendered":"<p>O Suporte Articulado Multivis\u00e3o permite organizar e decorar com praticidade e seguran\u00e7a. Possui 3 n\u00edveis de inclina\u00e7\u00e3o e permite fixar TVS de LCD\/LED\/3D de 14 a 56 polegadas. Na cor preta, possui 2 articula\u00e7\u00f5es e suporta at\u00e9 35kg.<\/p>\n","protected":false},"excerpt":{"rendered":"<h4 style=\"margin: 0px;padding: 0px 0px 16px;font-family: Lato, sans-serif;font-weight: bold;line-height: 3rem;color: var(--dark-grey3);font-size: 22px;font-style: normal;letter-spacing: normal;text-align: start;text-indent: 0px;text-transform: none\">Informa\u00e7\u00f5es t\u00e9cnicas<\/h4>\n<p><span style=\"margin: 0px;padding: 0px;font-weight: 450;font-size: 14px;line-height: 21px;color: var(--dark-grey2);font-family: Lato, sans-serif;font-style: normal;letter-spacing: normal;text-align: start;text-indent: 0px;text-transform: none\">Produto: Suporte para TV<br \/>\nTipo: Articul\u00e1vel<br \/>\nMarca: Multivis\u00e3o<br \/>\nMaterial: A\u00e7o<br \/>\nCor: Preto<br \/>\nUso indicado: Fixar TV?s de 14 a 56 polegadas<br \/>\nCaracter\u00edsticas: Art\u00edculavel<br \/>\nSuporta at\u00e9 35kg<br \/>\nDuas articula\u00e7\u00f5es<br \/>\nPara TV Led\/LCD\/3D<br \/>\nQuantidade de pe\u00e7as: 5<br \/>\nItens Inclusos: 1 suporte para TV<br \/>\n4 Parafusos m8x45<br \/>\nDimens\u00f5es do produto (A X L X P): 6 x 31 x 22,5cm<br \/>\n<\/span><\/p>\n","protected":false},"featured_media":7884,"template":"","meta":{"_joinchat":[]},"product_brand":[],"product_cat":[153],"product_tag":[],"class_list":{"0":"post-7789","1":"product","2":"type-product","3":"status-publish","4":"has-post-thumbnail","6":"product_cat-eletronica-e-cia","8":"first","9":"outofstock","10":"shipping-taxable","11":"purchasable","12":"product-type-simple"},"_links":{"self":[{"href":"https:\/\/www.multicasa.com.br\/inicio\/wp-json\/wp\/v2\/product\/7789","targetHints":{"allow":["GET"]}}],"collection":[{"href":"https:\/\/www.multicasa.com.br\/inicio\/wp-json\/wp\/v2\/product"}],"about":[{"href":"https:\/\/www.multicasa.com.br\/inicio\/wp-json\/wp\/v2\/types\/product"}],"wp:featuredmedia":[{"embeddable":true,"href":"https:\/\/www.multicasa.com.br\/inicio\/wp-json\/wp\/v2\/media\/7884"}],"wp:attachment":[{"href":"https:\/\/www.multicasa.com.br\/inicio\/wp-json\/wp\/v2\/media?parent=7789"}],"wp:term":[{"taxonomy":"product_brand","embeddable":true,"href":"https:\/\/www.multicasa.com.br\/inicio\/wp-json\/wp\/v2\/product_brand?post=7789"},{"taxonomy":"product_cat","embeddable":true,"href":"https:\/\/www.multicasa.com.br\/inicio\/wp-json\/wp\/v2\/product_cat?post=7789"},{"taxonomy":"product_tag","embeddable":true,"href":"https:\/\/www.multicasa.com.br\/inicio\/wp-json\/wp\/v2\/product_tag?post=7789"}],"curies":[{"name":"wp","href":"https:\/\/api.w.org\/{rel}","templated":true}]}}