{"id":7791,"date":"2025-06-20T17:26:02","date_gmt":"2025-06-20T21:26:02","guid":{"rendered":"https:\/\/www.multicasa.com.br\/inicio\/?post_type=product&#038;p=7791"},"modified":"2025-06-20T17:27:08","modified_gmt":"2025-06-20T21:27:08","slug":"pulverizador-de-compressao-clink-2l","status":"publish","type":"product","link":"https:\/\/www.multicasa.com.br\/inicio\/produto\/pulverizador-de-compressao-clink-2l\/","title":{"rendered":"Pulverizador de Compress\u00e3o Clink 2L"},"content":{"rendered":"<p>O Pulverizador da Clink \u00e9 produzido em pl\u00e1stico resistente e dur\u00e1vel, com alto pad\u00e3o de qualidade. Conta com capacidade para 2 litros. \u00c9 um produto vers\u00e1til, ideal para pulverizar plantas, usar em sal\u00f5es de beleza e utilidades dom\u00e9sticas. Praticidade aliada \u00e0 alta qualidade.<\/p>\n","protected":false},"excerpt":{"rendered":"<h4 style=\"margin: 0px;padding: 0px 0px 16px;font-family: Lato, sans-serif;font-weight: bold;line-height: 3rem;color: var(--dark-grey3);font-size: 22px;font-style: normal;letter-spacing: normal;text-align: start;text-indent: 0px;text-transform: none\">Informa\u00e7\u00f5es t\u00e9cnicas<\/h4>\n<p><span style=\"margin: 0px;padding: 0px;font-weight: 450;font-size: 14px;line-height: 21px;color: var(--dark-grey2);font-family: Lato, sans-serif;font-style: normal;letter-spacing: normal;text-align: start;text-indent: 0px;text-transform: none\">Produto: Pulverizador<br \/>\nMarca: Clink<br \/>\nMaterial: Metal e pl\u00e1stico<br \/>\nCor: Branco com verde<br \/>\nCapacidade: 2L<br \/>\nCaracter\u00edsticas: Alta press\u00e3o<br \/>\nItens Inclusos: 1 pulverizador<br \/>\nDimens\u00f5es do produto (A x L ): 30 x 18cm<\/span><\/p>\n","protected":false},"featured_media":7888,"template":"","meta":{"_joinchat":[]},"product_brand":[],"product_cat":[76],"product_tag":[],"class_list":{"0":"post-7791","1":"product","2":"type-product","3":"status-publish","4":"has-post-thumbnail","6":"product_cat-jardinagem","8":"first","9":"outofstock","10":"shipping-taxable","11":"product-type-simple"},"_links":{"self":[{"href":"https:\/\/www.multicasa.com.br\/inicio\/wp-json\/wp\/v2\/product\/7791","targetHints":{"allow":["GET"]}}],"collection":[{"href":"https:\/\/www.multicasa.com.br\/inicio\/wp-json\/wp\/v2\/product"}],"about":[{"href":"https:\/\/www.multicasa.com.br\/inicio\/wp-json\/wp\/v2\/types\/product"}],"wp:featuredmedia":[{"embeddable":true,"href":"https:\/\/www.multicasa.com.br\/inicio\/wp-json\/wp\/v2\/media\/7888"}],"wp:attachment":[{"href":"https:\/\/www.multicasa.com.br\/inicio\/wp-json\/wp\/v2\/media?parent=7791"}],"wp:term":[{"taxonomy":"product_brand","embeddable":true,"href":"https:\/\/www.multicasa.com.br\/inicio\/wp-json\/wp\/v2\/product_brand?post=7791"},{"taxonomy":"product_cat","embeddable":true,"href":"https:\/\/www.multicasa.com.br\/inicio\/wp-json\/wp\/v2\/product_cat?post=7791"},{"taxonomy":"product_tag","embeddable":true,"href":"https:\/\/www.multicasa.com.br\/inicio\/wp-json\/wp\/v2\/product_tag?post=7791"}],"curies":[{"name":"wp","href":"https:\/\/api.w.org\/{rel}","templated":true}]}}