{"id":7792,"date":"2025-06-20T17:26:02","date_gmt":"2025-06-20T21:26:02","guid":{"rendered":"https:\/\/www.multicasa.com.br\/inicio\/?post_type=product&#038;p=7792"},"modified":"2025-08-17T18:58:54","modified_gmt":"2025-08-17T22:58:54","slug":"serra-tico-tico-black-decker-ks501-420w-220v","status":"publish","type":"product","link":"https:\/\/www.multicasa.com.br\/inicio\/produto\/serra-tico-tico-black-decker-ks501-420w-220v\/","title":{"rendered":"Serra Tico Tico Black + Decker KS501 420W 220V"},"content":{"rendered":"<p>A Serra tico tico Black + Decker modelo KS501 \u00e9 uma ferramenta el\u00e9trica para cortes retos e curvos, ideal para pequenos servi\u00e7os. Com pot\u00eancia de 420W, base girat\u00f3ria de 45\u00b0 e sistema de sopro para manter a \u00e1rea de corte limpa. Possui l\u00e2mina vis\u00edvel para corte preciso, troca de l\u00e2mina com chave e sistema lock-on garantindo maior seguran\u00e7a. Empunhadura de borracha, interruptor de 2 pinos e baixo n\u00edvel de vibra\u00e7\u00f5es com mecanismo de contrapeso. M\u00e1quina compacta e de f\u00e1cil manuseio podendo ser usada tanto por iniciantes quanto por profissionais. Praticidade e agilidade em um s\u00f3 produto.<\/p>\n","protected":false},"excerpt":{"rendered":"<h4 style=\"margin: 0px;padding: 0px 0px 16px;font-family: Lato, sans-serif;font-weight: bold;line-height: 3rem;color: var(--dark-grey3);font-size: 22px;font-style: normal;letter-spacing: normal;text-align: start;text-indent: 0px;text-transform: none\">Informa\u00e7\u00f5es t\u00e9cnicas<\/h4>\n<p><span style=\"margin: 0px;padding: 0px;font-weight: 450;font-size: 14px;line-height: 21px;color: var(--dark-grey2);font-family: Lato, sans-serif;font-style: normal;letter-spacing: normal;text-align: start;text-indent: 0px;text-transform: none\">Produto: Serra tico tico<br \/>\nMarca: Black + Decker<br \/>\nModelo: KS501<br \/>\nCor: Laranja e preto<br \/>\nUso indicado: Cortes retos e curvos<br \/>\nPot\u00eancia: 420w<br \/>\nTens\u00e3o el\u00e9trica: 220v<br \/>\nVelocidade: 3000GPM<br \/>\nCaracter\u00edsticas: Possui sistema de sopo<br \/>\nInterruptor de 2 pinos<br \/>\nFuncionalidade Lock-on<br \/>\nBase girat\u00f3ria de 45\u00b0<br \/>\nTroca de L\u00e2mina com chave<br \/>\nBase ajust\u00e1vel para cortes em \u00e2ngulo de 0\u00b0 \u00e0 45\u00b0<br \/>\nItens Inclusos: 1 serra tico tico<br \/>\nDimens\u00f5es do produto (A x L x P): 19 x 29cm<br \/>\nGarantia: 1 ano pelo fabricante<br \/>\nOCP: 0004<\/span><\/p>\n","protected":false},"featured_media":25969,"template":"","meta":{"_joinchat":[]},"product_brand":[],"product_cat":[152],"product_tag":[],"class_list":{"0":"post-7792","1":"product","2":"type-product","3":"status-publish","4":"has-post-thumbnail","6":"product_cat-ferramentas-eletricas","8":"first","9":"outofstock","10":"shipping-taxable","11":"purchasable","12":"product-type-simple"},"_links":{"self":[{"href":"https:\/\/www.multicasa.com.br\/inicio\/wp-json\/wp\/v2\/product\/7792","targetHints":{"allow":["GET"]}}],"collection":[{"href":"https:\/\/www.multicasa.com.br\/inicio\/wp-json\/wp\/v2\/product"}],"about":[{"href":"https:\/\/www.multicasa.com.br\/inicio\/wp-json\/wp\/v2\/types\/product"}],"wp:featuredmedia":[{"embeddable":true,"href":"https:\/\/www.multicasa.com.br\/inicio\/wp-json\/wp\/v2\/media\/25969"}],"wp:attachment":[{"href":"https:\/\/www.multicasa.com.br\/inicio\/wp-json\/wp\/v2\/media?parent=7792"}],"wp:term":[{"taxonomy":"product_brand","embeddable":true,"href":"https:\/\/www.multicasa.com.br\/inicio\/wp-json\/wp\/v2\/product_brand?post=7792"},{"taxonomy":"product_cat","embeddable":true,"href":"https:\/\/www.multicasa.com.br\/inicio\/wp-json\/wp\/v2\/product_cat?post=7792"},{"taxonomy":"product_tag","embeddable":true,"href":"https:\/\/www.multicasa.com.br\/inicio\/wp-json\/wp\/v2\/product_tag?post=7792"}],"curies":[{"name":"wp","href":"https:\/\/api.w.org\/{rel}","templated":true}]}}