{"id":7824,"date":"2025-06-20T17:26:25","date_gmt":"2025-06-20T21:26:25","guid":{"rendered":"https:\/\/www.multicasa.com.br\/inicio\/?post_type=product&#038;p=7824"},"modified":"2025-06-20T17:27:24","modified_gmt":"2025-06-20T21:27:24","slug":"parafuso-para-drywall-ponta-broca-bemfixa-42x13mm-50-unidades","status":"publish","type":"product","link":"https:\/\/www.multicasa.com.br\/inicio\/produto\/parafuso-para-drywall-ponta-broca-bemfixa-42x13mm-50-unidades\/","title":{"rendered":"Parafuso para Drywall Ponta Broca Bemfixa 4,2x13mm 50 unidades"},"content":{"rendered":"<p>Autoperfurante, o Parafuso para Drywall Bemfixa \u00e9 flangeado com ponta broca e indicado para fixa\u00e7\u00e3o de objetos em paineis de drywall. Pode ser usado tamb\u00e9m para fixar placas de gesso sobre perfis met\u00e1licos. Com encaixe fenda Philips, mede 4,2 x 13mm. <\/p>\n","protected":false},"excerpt":{"rendered":"<h4 style=\"margin: 0px;padding: 0px 0px 16px;font-family: Lato, sans-serif;font-weight: bold;line-height: 3rem;color: var(--dark-grey3);font-size: 22px;font-style: normal;letter-spacing: normal;text-align: start;text-indent: 0px;text-transform: none\">Informa\u00e7\u00f5es t\u00e9cnicas<\/h4>\n<p><span style=\"margin: 0px;padding: 0px;font-weight: 450;font-size: 14px;line-height: 21px;color: var(--dark-grey2);font-family: Lato, sans-serif;font-style: normal;letter-spacing: normal;text-align: start;text-indent: 0px;text-transform: none\">Produto: Parafuso para Drywall<br \/>\nMaterial: A\u00e7o<br \/>\nCor: Prata<br \/>\nUso Indicado: Para fixa\u00e7\u00e3o de objetos para pain\u00e9is de drywall<br \/>\nPara fixar placas de gesso sobre perfis met\u00e1licos<br \/>\nCaracter\u00edsticas: Flangeado com ponta broca<br \/>\nItens Inclusos: 50 unidades<br \/>\nDimens\u00f5es do produto: 4,2 x 13mm<\/span><\/p>\n","protected":false},"featured_media":7916,"template":"","meta":{"_joinchat":[]},"product_brand":[],"product_cat":[135],"product_tag":[],"class_list":{"0":"post-7824","1":"product","2":"type-product","3":"status-publish","4":"has-post-thumbnail","6":"product_cat-parafusos-e-buchas","8":"first","9":"outofstock","10":"shipping-taxable","11":"product-type-simple"},"_links":{"self":[{"href":"https:\/\/www.multicasa.com.br\/inicio\/wp-json\/wp\/v2\/product\/7824","targetHints":{"allow":["GET"]}}],"collection":[{"href":"https:\/\/www.multicasa.com.br\/inicio\/wp-json\/wp\/v2\/product"}],"about":[{"href":"https:\/\/www.multicasa.com.br\/inicio\/wp-json\/wp\/v2\/types\/product"}],"wp:featuredmedia":[{"embeddable":true,"href":"https:\/\/www.multicasa.com.br\/inicio\/wp-json\/wp\/v2\/media\/7916"}],"wp:attachment":[{"href":"https:\/\/www.multicasa.com.br\/inicio\/wp-json\/wp\/v2\/media?parent=7824"}],"wp:term":[{"taxonomy":"product_brand","embeddable":true,"href":"https:\/\/www.multicasa.com.br\/inicio\/wp-json\/wp\/v2\/product_brand?post=7824"},{"taxonomy":"product_cat","embeddable":true,"href":"https:\/\/www.multicasa.com.br\/inicio\/wp-json\/wp\/v2\/product_cat?post=7824"},{"taxonomy":"product_tag","embeddable":true,"href":"https:\/\/www.multicasa.com.br\/inicio\/wp-json\/wp\/v2\/product_tag?post=7824"}],"curies":[{"name":"wp","href":"https:\/\/api.w.org\/{rel}","templated":true}]}}