{"id":7826,"date":"2025-06-20T17:26:25","date_gmt":"2025-06-20T21:26:25","guid":{"rendered":"https:\/\/www.multicasa.com.br\/inicio\/?post_type=product&#038;p=7826"},"modified":"2025-06-20T17:27:29","modified_gmt":"2025-06-20T21:27:29","slug":"roteador-wireless-300mbps-preto-action-rf-1200-intelbras","status":"publish","type":"product","link":"https:\/\/www.multicasa.com.br\/inicio\/produto\/roteador-wireless-300mbps-preto-action-rf-1200-intelbras\/","title":{"rendered":"Roteador Wireless 300MBPS Preto Action RF 1200 Intelbras"},"content":{"rendered":"<p>Compartilhe conte\u00fados, jogue online, baixe e assista tudo que quiser com o Roteador Wireless Action RF 1200 Intelbras. Desenvolvido com a tecnologia AC que atua nas frequ\u00eancias 2,4 e 5 GHz, garante uma conex\u00e3o mais veloz e est\u00e1vel, sendo poss\u00edvel compartilhar o acesso \u00e0 internet com diversos dispositivos em uma rede sem fio de alt\u00edssima velocidade. De instala\u00e7\u00e3o simples, Action RF 1200 descomplica o processo de gerenciamento porque sua configura\u00e7\u00e3o pode ser feita via interface web ou via aplicativo para Android ou iOS. O roteador Intelbras leva muito mais velocidade e estabilidade, mesmo com m\u00faltiplas conex\u00f5es ao mesmo tempo, distribuindo excelente sinal que n\u00e3o falha durante a navega\u00e7\u00e3o. Al\u00e9m disso, permite monitoramento eficiente com a fun\u00e7\u00e3o &#8220;&#8221;Controle Parental&#8221;&#8221; que bloqueia o acesso a sites indesejados e\/ou hor\u00e1rios determinados por voc\u00ea, ideal para controlar o conte\u00fado consumido por crian\u00e7as. Internet de qualidade e seguran\u00e7a pra voc\u00ea e sua fam\u00edlia!<\/p>\n","protected":false},"excerpt":{"rendered":"<h4 style=\"margin: 0px;padding: 0px 0px 16px;font-family: Lato, sans-serif;font-weight: bold;line-height: 3rem;color: var(--dark-grey3);font-size: 22px;font-style: normal;letter-spacing: normal;text-align: start;text-indent: 0px;text-transform: none\">Informa\u00e7\u00f5es t\u00e9cnicas<\/h4>\n<p><span style=\"margin: 0px;padding: 0px;font-weight: 450;font-size: 14px;line-height: 21px;color: var(--dark-grey2);font-family: Lato, sans-serif;font-style: normal;letter-spacing: normal;text-align: start;text-indent: 0px;text-transform: none\">Produto: Roteador Wireless<br \/>\nMarca: Intelbras<br \/>\nMaterial: Pl\u00e1stico<br \/>\nCor: Preto<br \/>\nFrequ\u00eancia: 2,4GHZ, 5GHz<br \/>\nCaracter\u00edsticas: Modelo Action RF 1200; Padr\u00e3o IEEE 802.11a\/b\/g\/n\/ac; Velocidade: 300 Mbps (2.4GHz) e 867 Mbps (5GHz); 4 antenas fixas externas de 5dBi; 3 portas LAN; Modos de opera\u00e7\u00e3o Roteador AP \/ Repetidor wireless \/ Cliente wireless \/ Ponto de acesso; Tecnologia AC; Dual-Band; Configura\u00e7\u00e3o e gerenciamento via app; Compat\u00edvel com IPv6.<br \/>\nItens Inclusos: 1 roteador wireless Action RF 1200, 1 fonte de alimenta\u00e7\u00e3o, 1 cabo de rede, 1 guia de instala\u00e7\u00e3o<br \/>\nDimens\u00f5es do produto (A X L X P): 29,5cm x 30cm x 7,7cm                                                                                          Peso: 0,438kg                                                                                                                                                     Garantia: 5 anos<\/span><\/p>\n","protected":false},"featured_media":7921,"template":"","meta":{"_joinchat":[]},"product_brand":[],"product_cat":[130],"product_tag":[],"class_list":{"0":"post-7826","1":"product","2":"type-product","3":"status-publish","4":"has-post-thumbnail","6":"product_cat-informatica","8":"first","9":"outofstock","10":"shipping-taxable","11":"product-type-simple"},"_links":{"self":[{"href":"https:\/\/www.multicasa.com.br\/inicio\/wp-json\/wp\/v2\/product\/7826","targetHints":{"allow":["GET"]}}],"collection":[{"href":"https:\/\/www.multicasa.com.br\/inicio\/wp-json\/wp\/v2\/product"}],"about":[{"href":"https:\/\/www.multicasa.com.br\/inicio\/wp-json\/wp\/v2\/types\/product"}],"wp:featuredmedia":[{"embeddable":true,"href":"https:\/\/www.multicasa.com.br\/inicio\/wp-json\/wp\/v2\/media\/7921"}],"wp:attachment":[{"href":"https:\/\/www.multicasa.com.br\/inicio\/wp-json\/wp\/v2\/media?parent=7826"}],"wp:term":[{"taxonomy":"product_brand","embeddable":true,"href":"https:\/\/www.multicasa.com.br\/inicio\/wp-json\/wp\/v2\/product_brand?post=7826"},{"taxonomy":"product_cat","embeddable":true,"href":"https:\/\/www.multicasa.com.br\/inicio\/wp-json\/wp\/v2\/product_cat?post=7826"},{"taxonomy":"product_tag","embeddable":true,"href":"https:\/\/www.multicasa.com.br\/inicio\/wp-json\/wp\/v2\/product_tag?post=7826"}],"curies":[{"name":"wp","href":"https:\/\/api.w.org\/{rel}","templated":true}]}}