{"id":7827,"date":"2025-06-20T17:26:25","date_gmt":"2025-06-20T21:26:25","guid":{"rendered":"https:\/\/www.multicasa.com.br\/inicio\/?post_type=product&#038;p=7827"},"modified":"2026-02-11T05:18:44","modified_gmt":"2026-02-11T09:18:44","slug":"telefone-ramal-sem-fio-ts-2511-preto-intelbras","status":"publish","type":"product","link":"https:\/\/www.multicasa.com.br\/inicio\/produto\/telefone-ramal-sem-fio-ts-2511-preto-intelbras\/","title":{"rendered":"Telefone Ramal sem Fio TS 2511 Preto Intelbras"},"content":{"rendered":"<p>O Telefone Ramal sem Fio TS 2511 Intelbras tem seu formato ergon\u00f4mico que encaixa perfeitamente na m\u00e3o com tecnologia DECT 6.0, que proporciona um \u00e1udio limpo e livre de interfer\u00eancias. Auxilia na redu\u00e7\u00e3o de custos e da autonomia para comprar apenas os ramais necess\u00e1rios que ser\u00e3o utilizados, expans\u00edvel at\u00e9 7 ramais. O TS 2511 tem identificador de chamadas DTMF\/FKS que d\u00e1 liberdade para escolher quais liga\u00e7\u00f5es atender (Identifica\u00e7\u00e3o de chamadas DTMF\/FSK: esse servi\u00e7o depende da libera\u00e7\u00e3o e tipo de operadora), tamb\u00e9m tenha acesso r\u00e1pido \u00e0s liga\u00e7\u00f5es n\u00e3o atendidas e chamadas efetuadas que ficam armazenadas no telefone com data e hor\u00e1rio da liga\u00e7\u00e3o. Com o display e teclado luminoso, voc\u00ea consegue visualizar todas as fun\u00e7\u00f5es do aparelho mesmo com pouca claridade no ambiente. Com a fun\u00e7\u00e3o n\u00e3o perturbe \u00e9 poss\u00edvel programar o fone durante um determinado hor\u00e1rio para n\u00e3o emitir o som da campainha. O telefone Ramal vem com a fun\u00e7\u00e3o ECO mode que oferece um consumo mais inteligente de energia, para isso \u00e9 recomend\u00e1vel que o fone e a base n\u00e3o fiquem muito distantes, proporcionando maior economia. Tem a possibilidade de para 70 contatos na agenda, 10 tipos de toque e 7 n\u00edveis de volumes, bloqueio de chamadas originadas e a cobrar, comunica\u00e7\u00e3o interna e discagem r\u00e1pida para at\u00e9 10 n\u00fameros.<\/p>\n","protected":false},"excerpt":{"rendered":"<h4 style=\"margin: 0px;padding: 0px 0px 16px;font-family: Lato, sans-serif;font-weight: bold;line-height: 3rem;color: var(--dark-grey3);font-size: 22px;font-style: normal;letter-spacing: normal;text-align: start;text-indent: 0px;text-transform: none\">Informa\u00e7\u00f5es t\u00e9cnicas<\/h4>\n<p><span style=\"margin: 0px;padding: 0px;font-weight: 450;font-size: 14px;line-height: 21px;color: var(--dark-grey2);font-family: Lato, sans-serif;font-style: normal;letter-spacing: normal;text-align: start;text-indent: 0px;text-transform: none\">Produto: Telefone sem Fio<br \/>\nMarca: Intelbras<br \/>\nModelo: TS 2511<br \/>\nCor: Preto<br \/>\nCaracter\u00edsticas: Agenda compartilhada para 70 contatos (Fun\u00e7\u00f5es realiz\u00e1veis entre telefones Intelbras das s\u00e9ries TS 25, TS 51 e TIS 5010 registrados em uma mesma base); Identifica\u00e7\u00e3o de chamadas; Display luminoso; Capacidade para 7 ramais.<br \/>\nItens inclusos: 1 Telefone, 1 Carregador de bateria para ramal, 1 Bateria recarreg\u00e1vel, 1 Adaptador de tens\u00e3o bivolt, 1 Manual do usu\u00e1rio.<br \/>\nDimens\u00f5es do produto (A X L X P): 15 x 4,5 x 2,8cm<br \/>\nPeso do produto: 0,217g<\/span><\/p>\n","protected":false},"featured_media":7924,"template":"","meta":{"_joinchat":[]},"product_brand":[],"product_cat":[138],"product_tag":[],"class_list":{"0":"post-7827","1":"product","2":"type-product","3":"status-publish","4":"has-post-thumbnail","6":"product_cat-telefones-e-cia","8":"first","9":"outofstock","10":"shipping-taxable","11":"purchasable","12":"product-type-simple"},"_links":{"self":[{"href":"https:\/\/www.multicasa.com.br\/inicio\/wp-json\/wp\/v2\/product\/7827","targetHints":{"allow":["GET"]}}],"collection":[{"href":"https:\/\/www.multicasa.com.br\/inicio\/wp-json\/wp\/v2\/product"}],"about":[{"href":"https:\/\/www.multicasa.com.br\/inicio\/wp-json\/wp\/v2\/types\/product"}],"wp:featuredmedia":[{"embeddable":true,"href":"https:\/\/www.multicasa.com.br\/inicio\/wp-json\/wp\/v2\/media\/7924"}],"wp:attachment":[{"href":"https:\/\/www.multicasa.com.br\/inicio\/wp-json\/wp\/v2\/media?parent=7827"}],"wp:term":[{"taxonomy":"product_brand","embeddable":true,"href":"https:\/\/www.multicasa.com.br\/inicio\/wp-json\/wp\/v2\/product_brand?post=7827"},{"taxonomy":"product_cat","embeddable":true,"href":"https:\/\/www.multicasa.com.br\/inicio\/wp-json\/wp\/v2\/product_cat?post=7827"},{"taxonomy":"product_tag","embeddable":true,"href":"https:\/\/www.multicasa.com.br\/inicio\/wp-json\/wp\/v2\/product_tag?post=7827"}],"curies":[{"name":"wp","href":"https:\/\/api.w.org\/{rel}","templated":true}]}}