{"id":7867,"date":"2025-06-20T17:26:56","date_gmt":"2025-06-20T21:26:56","guid":{"rendered":"https:\/\/www.multicasa.com.br\/inicio\/?post_type=product&#038;p=7867"},"modified":"2025-08-18T02:03:49","modified_gmt":"2025-08-18T06:03:49","slug":"suporte-de-celular-veicular-com-gancho-made-basics","status":"publish","type":"product","link":"https:\/\/www.multicasa.com.br\/inicio\/produto\/suporte-de-celular-veicular-com-gancho-made-basics\/","title":{"rendered":"Suporte de Celular Veicular com Gancho Made Basics"},"content":{"rendered":"<p>O suporte veicular \u00e9 ideal para ser utilizado no encosto de cabe\u00e7a do assento. Multifuncional, \u00e9 um suporte de celular para que o passageiro do banco de tr\u00e1s possa assistir a v\u00eddeos sem ter o telefone em m\u00e3os, de maneira muito pr\u00e1tica. Tamb\u00e9m atua como gancho para o assento, convertendo o enconsto de cabe\u00e7a em um espa\u00e7o de armazenagem pr\u00e1tico e conveniente para pendurar bolsas, sacolas, mochilas e muito mais.<\/p>\n","protected":false},"excerpt":{"rendered":"<h4 style=\"margin: 0px;padding: 0px 0px 16px;font-family: Lato, sans-serif;font-weight: bold;line-height: 3rem;color: var(--dark-grey3);font-size: 22px;font-style: normal;letter-spacing: normal;text-align: start;text-indent: 0px;text-transform: none\">Informa\u00e7\u00f5es t\u00e9cnicas<\/h4>\n<p><span style=\"margin: 0px;padding: 0px;font-weight: 450;font-size: 14px;line-height: 21px;color: var(--dark-grey2);font-family: Lato, sans-serif;font-style: normal;letter-spacing: normal;text-align: start;text-indent: 0px;text-transform: none\">Produto: Suporte Veicular<br \/>\nMarca: Made Basics<br \/>\nMaterial: Metal, Silicone e Pl\u00e1stico<br \/>\nCor: Preto<br \/>\nCaracter\u00edsticas: Para o encosto de cabe\u00e7a do assento de ve\u00edculos.<br \/>\nItens Inclusos: 1 suporte de celular<br \/>\nDimens\u00f5es do produto (A X L X C): 57,5 x 37 x 52cm<br \/>\nPeso: 80g<\/span><\/p>\n","protected":false},"featured_media":7931,"template":"","meta":{"_joinchat":[]},"product_brand":[],"product_cat":[142],"product_tag":[],"class_list":{"0":"post-7867","1":"product","2":"type-product","3":"status-publish","4":"has-post-thumbnail","6":"product_cat-utilidades-para-automoveis","8":"first","9":"instock","10":"shipping-taxable","11":"purchasable","12":"product-type-simple"},"_links":{"self":[{"href":"https:\/\/www.multicasa.com.br\/inicio\/wp-json\/wp\/v2\/product\/7867","targetHints":{"allow":["GET"]}}],"collection":[{"href":"https:\/\/www.multicasa.com.br\/inicio\/wp-json\/wp\/v2\/product"}],"about":[{"href":"https:\/\/www.multicasa.com.br\/inicio\/wp-json\/wp\/v2\/types\/product"}],"wp:featuredmedia":[{"embeddable":true,"href":"https:\/\/www.multicasa.com.br\/inicio\/wp-json\/wp\/v2\/media\/7931"}],"wp:attachment":[{"href":"https:\/\/www.multicasa.com.br\/inicio\/wp-json\/wp\/v2\/media?parent=7867"}],"wp:term":[{"taxonomy":"product_brand","embeddable":true,"href":"https:\/\/www.multicasa.com.br\/inicio\/wp-json\/wp\/v2\/product_brand?post=7867"},{"taxonomy":"product_cat","embeddable":true,"href":"https:\/\/www.multicasa.com.br\/inicio\/wp-json\/wp\/v2\/product_cat?post=7867"},{"taxonomy":"product_tag","embeddable":true,"href":"https:\/\/www.multicasa.com.br\/inicio\/wp-json\/wp\/v2\/product_tag?post=7867"}],"curies":[{"name":"wp","href":"https:\/\/api.w.org\/{rel}","templated":true}]}}