{"id":7871,"date":"2025-06-20T17:26:57","date_gmt":"2025-06-20T21:26:57","guid":{"rendered":"https:\/\/www.multicasa.com.br\/inicio\/?post_type=product&#038;p=7871"},"modified":"2026-02-11T12:30:13","modified_gmt":"2026-02-11T16:30:13","slug":"acabamento-cotovelo-para-canaleta-90-branco-ilumitec","status":"publish","type":"product","link":"https:\/\/www.multicasa.com.br\/inicio\/produto\/acabamento-cotovelo-para-canaleta-90-branco-ilumitec\/","title":{"rendered":"Acabamento Cotovelo para Canaleta 90 Branco Ilumitec"},"content":{"rendered":"<p>O acabamento cotovelo para canaleta 90 Ilumitec \u00e9 ideal para canaletas que medem 20 x 10 mm e pode ser instalado durante a montage para facilitar. Feito de PVC r\u00edgido, o cotovelo para canaletas ajuda a manter c\u00f4modos e fia\u00e7\u00e3o sempre organizados, garantindo seguran\u00e7a para para os ambientes.<\/p>\n","protected":false},"excerpt":{"rendered":"<h4 style=\"margin: 0px;padding: 0px 0px 16px;font-family: Lato, sans-serif;font-weight: bold;line-height: 3rem;color: var(--dark-grey3);font-size: 22px;font-style: normal;letter-spacing: normal;text-align: start;text-indent: 0px;text-transform: none\">Informa\u00e7\u00f5es t\u00e9cnicas<\/h4>\n<p><span style=\"margin: 0px;padding: 0px;font-weight: 450;font-size: 14px;line-height: 21px;color: var(--dark-grey2);font-family: Lato, sans-serif;font-style: normal;letter-spacing: normal;text-align: start;text-indent: 0px;text-transform: none\">Produto: Acabamento Cotovelo<br \/>\nMarca: Ilumitec<br \/>\nMaterial: PVC r\u00edgido<br \/>\nCor: Branco<br \/>\nUso indicado: Para canaletas de 20 x 10mm aparente<br \/>\nItens inclusos: 1 Acabamento Cotovelo<br \/>\nDimens\u00f5es do produto (A X L X P): 10 x 40 x 40mm<br \/>\n<\/span><\/p>\n","protected":false},"featured_media":7948,"template":"","meta":{"_joinchat":[]},"product_brand":[],"product_cat":[144],"product_tag":[],"class_list":{"0":"post-7871","1":"product","2":"type-product","3":"status-publish","4":"has-post-thumbnail","6":"product_cat-tomadas-e-cia","8":"first","9":"instock","10":"shipping-taxable","11":"purchasable","12":"product-type-simple"},"_links":{"self":[{"href":"https:\/\/www.multicasa.com.br\/inicio\/wp-json\/wp\/v2\/product\/7871","targetHints":{"allow":["GET"]}}],"collection":[{"href":"https:\/\/www.multicasa.com.br\/inicio\/wp-json\/wp\/v2\/product"}],"about":[{"href":"https:\/\/www.multicasa.com.br\/inicio\/wp-json\/wp\/v2\/types\/product"}],"wp:featuredmedia":[{"embeddable":true,"href":"https:\/\/www.multicasa.com.br\/inicio\/wp-json\/wp\/v2\/media\/7948"}],"wp:attachment":[{"href":"https:\/\/www.multicasa.com.br\/inicio\/wp-json\/wp\/v2\/media?parent=7871"}],"wp:term":[{"taxonomy":"product_brand","embeddable":true,"href":"https:\/\/www.multicasa.com.br\/inicio\/wp-json\/wp\/v2\/product_brand?post=7871"},{"taxonomy":"product_cat","embeddable":true,"href":"https:\/\/www.multicasa.com.br\/inicio\/wp-json\/wp\/v2\/product_cat?post=7871"},{"taxonomy":"product_tag","embeddable":true,"href":"https:\/\/www.multicasa.com.br\/inicio\/wp-json\/wp\/v2\/product_tag?post=7871"}],"curies":[{"name":"wp","href":"https:\/\/api.w.org\/{rel}","templated":true}]}}