{"id":7875,"date":"2025-06-20T17:26:57","date_gmt":"2025-06-20T21:26:57","guid":{"rendered":"https:\/\/www.multicasa.com.br\/inicio\/?post_type=product&#038;p=7875"},"modified":"2025-06-20T17:27:57","modified_gmt":"2025-06-20T21:27:57","slug":"acabamento-para-registro-cromado-blukit","status":"publish","type":"product","link":"https:\/\/www.multicasa.com.br\/inicio\/produto\/acabamento-para-registro-cromado-blukit\/","title":{"rendered":"Acabamento para Registro Cromado Blukit"},"content":{"rendered":"<p>O acabamento para registro da Blukit pode ser usado em cozinhas, banheiros e lavabos. Com acabamento cromado e produzido de pl\u00e1stico ABS, segue os mais altos padr\u00f5es de qualidade, levando beleza e sofistica\u00e7\u00e3o aos ambientes. Atende todos os sistemas, independente de ano, marca ou modelo.<\/p>\n","protected":false},"excerpt":{"rendered":"<h4 style=\"margin: 0px;padding: 0px 0px 16px;font-family: Lato, sans-serif;font-weight: bold;line-height: 3rem;color: var(--dark-grey3);font-size: 22px;font-style: normal;letter-spacing: normal;text-align: start;text-indent: 0px;text-transform: none\">Informa\u00e7\u00f5es t\u00e9cnicas<\/h4>\n<p><span style=\"margin: 0px;padding: 0px;font-weight: 450;font-size: 14px;line-height: 21px;color: var(--dark-grey2);font-family: Lato, sans-serif;font-style: normal;letter-spacing: normal;text-align: start;text-indent: 0px;text-transform: none\">Produto: Acabamento para Registro<br \/>\nMarca: Blukit<br \/>\nMaterial: pl\u00e1stico ABS<br \/>\nAcabamento: cromado<br \/>\nCor: prata<br \/>\nCaracter\u00edsticas: Atende todos os sistemas, independente do ano, marca ou modelo.<br \/>\nItens Inclusos: 1 Acabamento para registro<br \/>\nDimens\u00f5es do produto (A X L X P): 17,5 x 12cm<br \/>\n<\/span><\/p>\n","protected":false},"featured_media":7964,"template":"","meta":{"_joinchat":[]},"product_brand":[],"product_cat":[67],"product_tag":[],"class_list":{"0":"post-7875","1":"product","2":"type-product","3":"status-publish","4":"has-post-thumbnail","6":"product_cat-torneiras-e-cia","8":"first","9":"outofstock","10":"shipping-taxable","11":"product-type-simple"},"_links":{"self":[{"href":"https:\/\/www.multicasa.com.br\/inicio\/wp-json\/wp\/v2\/product\/7875","targetHints":{"allow":["GET"]}}],"collection":[{"href":"https:\/\/www.multicasa.com.br\/inicio\/wp-json\/wp\/v2\/product"}],"about":[{"href":"https:\/\/www.multicasa.com.br\/inicio\/wp-json\/wp\/v2\/types\/product"}],"wp:featuredmedia":[{"embeddable":true,"href":"https:\/\/www.multicasa.com.br\/inicio\/wp-json\/wp\/v2\/media\/7964"}],"wp:attachment":[{"href":"https:\/\/www.multicasa.com.br\/inicio\/wp-json\/wp\/v2\/media?parent=7875"}],"wp:term":[{"taxonomy":"product_brand","embeddable":true,"href":"https:\/\/www.multicasa.com.br\/inicio\/wp-json\/wp\/v2\/product_brand?post=7875"},{"taxonomy":"product_cat","embeddable":true,"href":"https:\/\/www.multicasa.com.br\/inicio\/wp-json\/wp\/v2\/product_cat?post=7875"},{"taxonomy":"product_tag","embeddable":true,"href":"https:\/\/www.multicasa.com.br\/inicio\/wp-json\/wp\/v2\/product_tag?post=7875"}],"curies":[{"name":"wp","href":"https:\/\/api.w.org\/{rel}","templated":true}]}}