{"id":7876,"date":"2025-06-20T17:26:57","date_gmt":"2025-06-20T21:26:57","guid":{"rendered":"https:\/\/www.multicasa.com.br\/inicio\/?post_type=product&#038;p=7876"},"modified":"2025-06-23T09:48:32","modified_gmt":"2025-06-23T13:48:32","slug":"alicate-interneed-de-crimpar-2-em-1-rg6-59","status":"publish","type":"product","link":"https:\/\/www.multicasa.com.br\/inicio\/produto\/alicate-interneed-de-crimpar-2-em-1-rg6-59\/","title":{"rendered":"Alicate Interneed de Crimpar 2 Em 1 RG6\/59"},"content":{"rendered":"<p>O Alicate Interneed de compress\u00e3o 2 em 1 \u00e9 de f\u00e1cil utiliza\u00e7\u00e3o, eliminando problemas de mau contato na conex\u00e3o. Pode ser levado no bolso por n\u00e3o possuir pontas que possam perfurar, esmagar ou cortar. Em a\u00e7o carbono m\u00e9dio com 6 polegadas e acabamento cromado, possui o mesmo padr\u00e3o de terminal utilizado pelas operadoras de tv paga (TVA, Net, Sky) ou antenas de tv com cabo coaxial. Para crimpagem dos conectores tipo f, coloque o embolo que acompanha o alicate, retire o embolo quando for crimpar conectores BNC e RCA, coloque o conector e o cabo no suporte do alicate, completando assim a opera\u00e7\u00e3o. Ajuste o alicate ap\u00f3s o uso, para melhor conex\u00e3o.<\/p>\n","protected":false},"excerpt":{"rendered":"<h4 style=\"margin: 0px;padding: 0px 0px 16px;font-family: Lato, sans-serif;font-weight: bold;line-height: 3rem;color: var(--dark-grey3);font-size: 22px;font-style: normal;letter-spacing: normal;text-align: start;text-indent: 0px;text-transform: none\">Informa\u00e7\u00f5es t\u00e9cnicas<\/h4>\n<p><span style=\"margin: 0px;padding: 0px;font-weight: 450;font-size: 14px;line-height: 21px;color: var(--dark-grey2);font-family: Lato, sans-serif;font-style: normal;letter-spacing: normal;text-align: start;text-indent: 0px;text-transform: none\">Produto: Alicate<br \/>\nTipo: Crimpar<br \/>\nMarca: Interneed<br \/>\nMaterial: A\u00e7o carbono m\u00e9dio<br \/>\nAcabamento: PVC imers\u00e3o\/ Cromado<br \/>\nCor: Vermelho e prata<br \/>\nCaracter\u00edsticas: Compat\u00edvel com cabos RG6\/59\/F\/BNC<br \/>\nItens Inclusos: 1 Alicate De Crimpar<br \/>\nDimens\u00f5es do produto em polegadas: 6.1?<br \/>\nDimens\u00f5es do produto (A): 155 \u00b1 3mm<\/span><\/p>\n","protected":false},"featured_media":24589,"template":"","meta":{"_joinchat":[]},"product_brand":[],"product_cat":[137],"product_tag":[],"class_list":{"0":"post-7876","1":"product","2":"type-product","3":"status-publish","4":"has-post-thumbnail","6":"product_cat-ferramentas-manuais","8":"first","9":"outofstock","10":"shipping-taxable","11":"product-type-simple"},"_links":{"self":[{"href":"https:\/\/www.multicasa.com.br\/inicio\/wp-json\/wp\/v2\/product\/7876","targetHints":{"allow":["GET"]}}],"collection":[{"href":"https:\/\/www.multicasa.com.br\/inicio\/wp-json\/wp\/v2\/product"}],"about":[{"href":"https:\/\/www.multicasa.com.br\/inicio\/wp-json\/wp\/v2\/types\/product"}],"wp:featuredmedia":[{"embeddable":true,"href":"https:\/\/www.multicasa.com.br\/inicio\/wp-json\/wp\/v2\/media\/24589"}],"wp:attachment":[{"href":"https:\/\/www.multicasa.com.br\/inicio\/wp-json\/wp\/v2\/media?parent=7876"}],"wp:term":[{"taxonomy":"product_brand","embeddable":true,"href":"https:\/\/www.multicasa.com.br\/inicio\/wp-json\/wp\/v2\/product_brand?post=7876"},{"taxonomy":"product_cat","embeddable":true,"href":"https:\/\/www.multicasa.com.br\/inicio\/wp-json\/wp\/v2\/product_cat?post=7876"},{"taxonomy":"product_tag","embeddable":true,"href":"https:\/\/www.multicasa.com.br\/inicio\/wp-json\/wp\/v2\/product_tag?post=7876"}],"curies":[{"name":"wp","href":"https:\/\/api.w.org\/{rel}","templated":true}]}}