{"id":7901,"date":"2025-06-20T17:27:19","date_gmt":"2025-06-20T21:27:19","guid":{"rendered":"https:\/\/www.multicasa.com.br\/inicio\/?post_type=product&#038;p=7901"},"modified":"2025-06-20T17:27:58","modified_gmt":"2025-06-20T21:27:58","slug":"alicate-de-cuticula-aco-mundial","status":"publish","type":"product","link":"https:\/\/www.multicasa.com.br\/inicio\/produto\/alicate-de-cuticula-aco-mundial\/","title":{"rendered":"Alicate de Cut\u00edcula A\u00e7o Mundial"},"content":{"rendered":"<p>Mantenha suas unhas sempre impec\u00e1veis com a ajuda do Alicate de Cut\u00edcula Mundial. O modelo 522 \u00e9 todo feito em a\u00e7o carbono niquelado, material de extrema qualidade que garante maior durabilidade e pode ser esterilizado em at\u00e9 170\u00b0C. Suas laminas afiadas permitem o corte preciso das cut\u00edculas dos p\u00e9s e das m\u00e3os, seja para uso pessoal ou profissional de manicures. Mundial \u00e9 marca com garantia de qualidade no quesito alicates de unha.<\/p>\n","protected":false},"excerpt":{"rendered":"<h4 style=\"margin: 0px;padding: 0px 0px 16px;font-family: Lato, sans-serif;font-weight: bold;line-height: 3rem;color: var(--dark-grey3);font-size: 22px;font-style: normal;letter-spacing: normal;text-align: start;text-indent: 0px;text-transform: none\">Informa\u00e7\u00f5es t\u00e9cnicas<\/h4>\n<p><span style=\"margin: 0px;padding: 0px;font-weight: 450;font-size: 14px;line-height: 21px;color: var(--dark-grey2);font-family: Lato, sans-serif;font-style: normal;letter-spacing: normal;text-align: start;text-indent: 0px;text-transform: none\">Produto: Alicate de Cut\u00edcula<br \/>\nMarca: Mundial<br \/>\nMaterial: A\u00e7o carbono niquelado<br \/>\nCaracter\u00edsticas: Resistente; pode ser feita esteriliza\u00e7\u00e3o h\u00e1 170\u00b0C; modelo 522<br \/>\nItens Inclusos: 1 Alicate de cortar cut\u00edcula<br \/>\nDimens\u00f5es do produto (A X L X P): 15 x 20 x 10 cm<\/span><\/p>\n","protected":false},"featured_media":7965,"template":"","meta":{"_joinchat":[]},"product_brand":[],"product_cat":[101],"product_tag":[],"class_list":{"0":"post-7901","1":"product","2":"type-product","3":"status-publish","4":"has-post-thumbnail","6":"product_cat-cuidados-pessoais","8":"first","9":"outofstock","10":"shipping-taxable","11":"product-type-simple"},"_links":{"self":[{"href":"https:\/\/www.multicasa.com.br\/inicio\/wp-json\/wp\/v2\/product\/7901","targetHints":{"allow":["GET"]}}],"collection":[{"href":"https:\/\/www.multicasa.com.br\/inicio\/wp-json\/wp\/v2\/product"}],"about":[{"href":"https:\/\/www.multicasa.com.br\/inicio\/wp-json\/wp\/v2\/types\/product"}],"wp:featuredmedia":[{"embeddable":true,"href":"https:\/\/www.multicasa.com.br\/inicio\/wp-json\/wp\/v2\/media\/7965"}],"wp:attachment":[{"href":"https:\/\/www.multicasa.com.br\/inicio\/wp-json\/wp\/v2\/media?parent=7901"}],"wp:term":[{"taxonomy":"product_brand","embeddable":true,"href":"https:\/\/www.multicasa.com.br\/inicio\/wp-json\/wp\/v2\/product_brand?post=7901"},{"taxonomy":"product_cat","embeddable":true,"href":"https:\/\/www.multicasa.com.br\/inicio\/wp-json\/wp\/v2\/product_cat?post=7901"},{"taxonomy":"product_tag","embeddable":true,"href":"https:\/\/www.multicasa.com.br\/inicio\/wp-json\/wp\/v2\/product_tag?post=7901"}],"curies":[{"name":"wp","href":"https:\/\/api.w.org\/{rel}","templated":true}]}}