{"id":7902,"date":"2025-06-20T17:27:19","date_gmt":"2025-06-20T21:27:19","guid":{"rendered":"https:\/\/www.multicasa.com.br\/inicio\/?post_type=product&#038;p=7902"},"modified":"2026-01-19T12:25:15","modified_gmt":"2026-01-19T16:25:15","slug":"alicate-tramontina-corte-diagonal-de-aco-4","status":"publish","type":"product","link":"https:\/\/www.multicasa.com.br\/inicio\/produto\/alicate-tramontina-corte-diagonal-de-aco-4\/","title":{"rendered":"Alicate Tramontina Corte Diagonal de A\u00e7o 4?"},"content":{"rendered":"<p>O Alicate Tramontina de corte diagonal ir\u00e1 facilitar nas tarefas do seu dia a dia. O alicate com 4 polegadas permite prender, enrolar, deformar e cortar fios e arames moles, muito utilizados na confec\u00e7\u00e3o de bijuterias. Uma ferramenta que re\u00fane muitas qualidades como corpo em a\u00e7o especial forjado, que traz seguran\u00e7a e firmeza no momento do corte. Com cabo azul em PVC, que garante um manuseio muito mais seguro e confort\u00e1vel. Cabe\u00e7a e articula\u00e7\u00e3o lixadas, possuindo t\u00eampera especial no gume de corte e mand\u00edbulas. Um item resistente, que vai te auxiliar no corte e manipula\u00e7\u00e3o de diversos tipos de materiais.<\/p>\n","protected":false},"excerpt":{"rendered":"<h4 style=\"margin: 0px;padding: 0px 0px 16px;font-family: Lato, sans-serif;font-weight: bold;line-height: 3rem;color: var(--dark-grey3);font-size: 22px;font-style: normal;letter-spacing: normal;text-align: start;text-indent: 0px;text-transform: none\">Informa\u00e7\u00f5es t\u00e9cnicas<\/h4>\n<p><span style=\"margin: 0px;padding: 0px;font-weight: 450;font-size: 14px;line-height: 21px;color: var(--dark-grey2);font-family: Lato, sans-serif;font-style: normal;letter-spacing: normal;text-align: start;text-indent: 0px;text-transform: none\">Produto: Alicate<br \/>\nTipo: Corte Diagonal<br \/>\nMarca: Tramontina<br \/>\nMaterial: A\u00e7o Especial Forjado<br \/>\nCabo em PVC<br \/>\nCor: Azul<br \/>\nCaracter\u00edsticas: Cabe\u00e7a e articula\u00e7\u00e3o lixadas<br \/>\nTempera especial no gume de corte e mand\u00edbulas<br \/>\nItens Inclusos: 1 Alicate de corte<br \/>\nDimens\u00f5es do produto em polegadas: 4?<br \/>\nDimens\u00f5es do produto (A x L x P): 1,6 x 5,2 x 11cm<\/span><\/p>\n","protected":false},"featured_media":7966,"template":"","meta":{"_joinchat":[]},"product_brand":[],"product_cat":[137],"product_tag":[],"class_list":{"0":"post-7902","1":"product","2":"type-product","3":"status-publish","4":"has-post-thumbnail","6":"product_cat-ferramentas-manuais","8":"first","9":"instock","10":"shipping-taxable","11":"purchasable","12":"product-type-simple"},"_links":{"self":[{"href":"https:\/\/www.multicasa.com.br\/inicio\/wp-json\/wp\/v2\/product\/7902","targetHints":{"allow":["GET"]}}],"collection":[{"href":"https:\/\/www.multicasa.com.br\/inicio\/wp-json\/wp\/v2\/product"}],"about":[{"href":"https:\/\/www.multicasa.com.br\/inicio\/wp-json\/wp\/v2\/types\/product"}],"wp:featuredmedia":[{"embeddable":true,"href":"https:\/\/www.multicasa.com.br\/inicio\/wp-json\/wp\/v2\/media\/7966"}],"wp:attachment":[{"href":"https:\/\/www.multicasa.com.br\/inicio\/wp-json\/wp\/v2\/media?parent=7902"}],"wp:term":[{"taxonomy":"product_brand","embeddable":true,"href":"https:\/\/www.multicasa.com.br\/inicio\/wp-json\/wp\/v2\/product_brand?post=7902"},{"taxonomy":"product_cat","embeddable":true,"href":"https:\/\/www.multicasa.com.br\/inicio\/wp-json\/wp\/v2\/product_cat?post=7902"},{"taxonomy":"product_tag","embeddable":true,"href":"https:\/\/www.multicasa.com.br\/inicio\/wp-json\/wp\/v2\/product_tag?post=7902"}],"curies":[{"name":"wp","href":"https:\/\/api.w.org\/{rel}","templated":true}]}}