{"id":7907,"date":"2025-06-20T17:27:19","date_gmt":"2025-06-20T21:27:19","guid":{"rendered":"https:\/\/www.multicasa.com.br\/inicio\/?post_type=product&#038;p=7907"},"modified":"2026-04-09T14:00:32","modified_gmt":"2026-04-09T18:00:32","slug":"antena-digital-hdtv-interna-externa-pix-5m","status":"publish","type":"product","link":"https:\/\/www.multicasa.com.br\/inicio\/produto\/antena-digital-hdtv-interna-externa-pix-5m\/","title":{"rendered":"Antena Digital HDTV Interna\/Externa Pix 5m"},"content":{"rendered":"<p>Assista televis\u00e3o e ou\u00e7a suas esta\u00e7\u00f5es de r\u00e1dio favoritas usando a antena digital interna ou externa compat\u00edvel com HDTV. Garante excel\u00eancia no sinal da sua TV, diminuindo chuviscos e chiados. A antena digital Pix funciona para a capta\u00e7\u00e3o do sinal anal\u00f3gico e canais UHF e HDTV\/DVB-T\/SDB-T\/DMB-T\/H\/ASTC\/SBTVD-TB. Ganho de 2-4DB. Pode ser utilizada na vertical, horizontal e tamb\u00e9m possui uma base com \u00edm\u00e3 que funciona como um receptor de sinal 360\u00b0.<\/p>\n","protected":false},"excerpt":{"rendered":"<h4 style=\"margin: 0px;padding: 0px 0px 16px;font-family: Lato, sans-serif;font-weight: bold;line-height: 3rem;color: var(--dark-grey3);font-size: 22px;font-style: normal;letter-spacing: normal;text-align: start;text-indent: 0px;text-transform: none\">Informa\u00e7\u00f5es t\u00e9cnicas<\/h4>\n<p><span style=\"margin: 0px;padding: 0px;font-weight: 450;font-size: 14px;line-height: 21px;color: var(--dark-grey2);font-family: Lato, sans-serif;font-style: normal;letter-spacing: normal;text-align: start;text-indent: 0px;text-transform: none\">Produto: Antena<br \/>\nTipo: Digital<br \/>\nMarca: Pix<br \/>\nCor: Preto<br \/>\nCaracter\u00edsticas: Excelente recep\u00e7\u00e3o de sinal anal\u00f3gico e canais UHF, pode ser usada na vertical ou horizontal, compat\u00edvel com HDTV\/DVB-T\/SDB-T\/DMB-T\/H\/ATSC, frequ\u00eancia de recep\u00e7\u00e3o de UHF: 470-862mHZ, recep\u00e7\u00e3o de sinal UHF, ganho de 2-4DB imped\u00e2ncia de 75 OHM<br \/>\nItens inclusos: 1 Antena<br \/>\nDimens\u00f5es do produto (C): Cabo &#8211; 5m<\/span><\/p>\n","protected":false},"featured_media":24597,"template":"","meta":{"_joinchat":[]},"product_brand":[],"product_cat":[150],"product_tag":[],"class_list":{"0":"post-7907","1":"product","2":"type-product","3":"status-publish","4":"has-post-thumbnail","6":"product_cat-antenas-e-cia","8":"first","9":"instock","10":"shipping-taxable","11":"purchasable","12":"product-type-simple"},"_links":{"self":[{"href":"https:\/\/www.multicasa.com.br\/inicio\/wp-json\/wp\/v2\/product\/7907","targetHints":{"allow":["GET"]}}],"collection":[{"href":"https:\/\/www.multicasa.com.br\/inicio\/wp-json\/wp\/v2\/product"}],"about":[{"href":"https:\/\/www.multicasa.com.br\/inicio\/wp-json\/wp\/v2\/types\/product"}],"wp:featuredmedia":[{"embeddable":true,"href":"https:\/\/www.multicasa.com.br\/inicio\/wp-json\/wp\/v2\/media\/24597"}],"wp:attachment":[{"href":"https:\/\/www.multicasa.com.br\/inicio\/wp-json\/wp\/v2\/media?parent=7907"}],"wp:term":[{"taxonomy":"product_brand","embeddable":true,"href":"https:\/\/www.multicasa.com.br\/inicio\/wp-json\/wp\/v2\/product_brand?post=7907"},{"taxonomy":"product_cat","embeddable":true,"href":"https:\/\/www.multicasa.com.br\/inicio\/wp-json\/wp\/v2\/product_cat?post=7907"},{"taxonomy":"product_tag","embeddable":true,"href":"https:\/\/www.multicasa.com.br\/inicio\/wp-json\/wp\/v2\/product_tag?post=7907"}],"curies":[{"name":"wp","href":"https:\/\/api.w.org\/{rel}","templated":true}]}}