{"id":7939,"date":"2025-06-20T17:27:41","date_gmt":"2025-06-20T21:27:41","guid":{"rendered":"https:\/\/www.multicasa.com.br\/inicio\/?post_type=product&#038;p=7939"},"modified":"2025-08-17T18:56:45","modified_gmt":"2025-08-17T22:56:45","slug":"barbante-de-algodao-cru-4-6-western-140m","status":"publish","type":"product","link":"https:\/\/www.multicasa.com.br\/inicio\/produto\/barbante-de-algodao-cru-4-6-western-140m\/","title":{"rendered":"Barbante de Algod\u00e3o Cru 4\/6 Western 140m"},"content":{"rendered":"<p>Deixe suas atividades de artesanato, confec\u00e7\u00e3o de roupas, decora\u00e7\u00e3o, atividades escolares e outras mais charmosas. O barbante de algod\u00e3o cru 4\/6 da Western tem 140 metros e \u00e9 produzido de forma sustent\u00e1vel, apresentando maciez, beleza e versatilidade. Com dimens\u00f5es de 11 x 6 x 6 cm, sua composi\u00e7\u00e3o \u00e9 90% de algod\u00e3o e 10% em outras fibras.<\/p>\n","protected":false},"excerpt":{"rendered":"<h4 style=\"margin: 0px;padding: 0px 0px 16px;font-family: Lato, sans-serif;font-weight: bold;line-height: 3rem;color: var(--dark-grey3);font-size: 22px;font-style: normal;letter-spacing: normal;text-align: start;text-indent: 0px;text-transform: none\">Informa\u00e7\u00f5es t\u00e9cnicas<\/h4>\n<p><span style=\"margin: 0px;padding: 0px;font-weight: 450;font-size: 14px;line-height: 21px;color: var(--dark-grey2);font-family: Lato, sans-serif;font-style: normal;letter-spacing: normal;text-align: start;text-indent: 0px;text-transform: none\">Produto: Barbante 4\/6<br \/>\nMarca: Western<br \/>\nMaterial: Algod\u00e3o 90%<br \/>\n10% Outras Fibras<br \/>\nItens inclusos: 1 Barbante 4\/6<br \/>\nDimens\u00f5es do produto (A X L X P): 140m<br \/>\nDimens\u00f5es do rolo: 11 x 6 x 6cm<br \/>\n<\/span><\/p>\n","protected":false},"featured_media":24661,"template":"","meta":{"_joinchat":[]},"product_brand":[],"product_cat":[136],"product_tag":[],"class_list":{"0":"post-7939","1":"product","2":"type-product","3":"status-publish","4":"has-post-thumbnail","6":"product_cat-lazer","8":"first","9":"outofstock","10":"shipping-taxable","11":"purchasable","12":"product-type-simple"},"_links":{"self":[{"href":"https:\/\/www.multicasa.com.br\/inicio\/wp-json\/wp\/v2\/product\/7939","targetHints":{"allow":["GET"]}}],"collection":[{"href":"https:\/\/www.multicasa.com.br\/inicio\/wp-json\/wp\/v2\/product"}],"about":[{"href":"https:\/\/www.multicasa.com.br\/inicio\/wp-json\/wp\/v2\/types\/product"}],"wp:featuredmedia":[{"embeddable":true,"href":"https:\/\/www.multicasa.com.br\/inicio\/wp-json\/wp\/v2\/media\/24661"}],"wp:attachment":[{"href":"https:\/\/www.multicasa.com.br\/inicio\/wp-json\/wp\/v2\/media?parent=7939"}],"wp:term":[{"taxonomy":"product_brand","embeddable":true,"href":"https:\/\/www.multicasa.com.br\/inicio\/wp-json\/wp\/v2\/product_brand?post=7939"},{"taxonomy":"product_cat","embeddable":true,"href":"https:\/\/www.multicasa.com.br\/inicio\/wp-json\/wp\/v2\/product_cat?post=7939"},{"taxonomy":"product_tag","embeddable":true,"href":"https:\/\/www.multicasa.com.br\/inicio\/wp-json\/wp\/v2\/product_tag?post=7939"}],"curies":[{"name":"wp","href":"https:\/\/api.w.org\/{rel}","templated":true}]}}