{"id":7941,"date":"2025-06-20T17:27:41","date_gmt":"2025-06-20T21:27:41","guid":{"rendered":"https:\/\/www.multicasa.com.br\/inicio\/?post_type=product&#038;p=7941"},"modified":"2025-08-17T18:56:12","modified_gmt":"2025-08-17T22:56:12","slug":"bateria-para-telefone-sem-fio-fx-501-flex-650mah-3-6v","status":"publish","type":"product","link":"https:\/\/www.multicasa.com.br\/inicio\/produto\/bateria-para-telefone-sem-fio-fx-501-flex-650mah-3-6v\/","title":{"rendered":"Bateria para Telefone sem Fio FX-501 Flex 650mAh &#8211; 3.6V"},"content":{"rendered":"<p>Use a bateria para telefone sem fio FX-501 Flex com 650mAh e 3,6v para carregar seu aparelho e mant\u00ea-lo sempre funcionando. A bateria para telefone ni-mh possui 3 c\u00e9lulas AA. Utilize em telefones Philips TD 9203 \/ TD 9204 \/ TD 9213 \/ TD 9240 \/ TD 9241\/ TD 9272 \/ TD 9603 \/ TD 9673 \/ TD 9673 \/ TD 9804 \/ TD 9481, Panasonic A 36 \/ KZA 36 \/ KXT 3806 \/ T 3860, T 3865, Sanyo CLT 880 \/ CLT 980 \/ CLT 982 \/ CLT 985 \/ CLT 990, HI-TEL &#8211; 940 \/ 950 \/ 960, Samsung 915, Panasonic TC 1000 \/ TC 1001 \/ TC 1005 \/ TC 1006 \/ TC 1010 \/ TC 1025 \/ TC 1026 \/ TC 1040 e TC 1045.<\/p>\n","protected":false},"excerpt":{"rendered":"<h4 style=\"margin: 0px;padding: 0px 0px 16px;font-family: Lato, sans-serif;font-weight: bold;line-height: 3rem;color: var(--dark-grey3);font-size: 22px;font-style: normal;letter-spacing: normal;text-align: start;text-indent: 0px;text-transform: none\">Informa\u00e7\u00f5es t\u00e9cnicas<\/h4>\n<p><span style=\"margin: 0px;padding: 0px;font-weight: 450;font-size: 14px;line-height: 21px;color: var(--dark-grey2);font-family: Lato, sans-serif;font-style: normal;letter-spacing: normal;text-align: start;text-indent: 0px;text-transform: none\">Produto: Bateria<br \/>\nTipo: Recarreg\u00e1vel<br \/>\nMarca: Flex<br \/>\nModelo: FX-501<br \/>\nTamanho: 3 c\u00e9lulas AA<br \/>\nAmperagem: 650 mah<br \/>\nVoltagem: 3,6v<br \/>\nCaracter\u00edsticas: NI-MH<br \/>\nCompat\u00edvel com philips TD 9203\/TD 9204\/TD 9213\/TD 9240\/TD 9241\/TD 9272\/TD 9603\/TD 9673\/TD 9673\/TD 9804\/TD 9481, Panasonic A 36\/KZA 36\/KXT 3806\/<br \/>\nT 3860\/T 3865, Sanyo CLT 880\/CLT 980\/CLT 982\/CLT 985\/CLT 990, Hi-tel 940\/950\/ 960, Samsung 915 e Panasonic TC 1000\/TC 1001\/TC 1005\/TC 1006\/<br \/>\nTC 1010\/TC 1025\/TC 1026\/TC 1040\/TC 1045<br \/>\nItens inclusos: 1 bateria<br \/>\n<\/span><\/p>\n","protected":false},"featured_media":8016,"template":"","meta":{"_joinchat":[]},"product_brand":[],"product_cat":[151],"product_tag":[],"class_list":{"0":"post-7941","1":"product","2":"type-product","3":"status-publish","4":"has-post-thumbnail","6":"product_cat-pilhas","8":"first","9":"outofstock","10":"shipping-taxable","11":"purchasable","12":"product-type-simple"},"_links":{"self":[{"href":"https:\/\/www.multicasa.com.br\/inicio\/wp-json\/wp\/v2\/product\/7941","targetHints":{"allow":["GET"]}}],"collection":[{"href":"https:\/\/www.multicasa.com.br\/inicio\/wp-json\/wp\/v2\/product"}],"about":[{"href":"https:\/\/www.multicasa.com.br\/inicio\/wp-json\/wp\/v2\/types\/product"}],"wp:featuredmedia":[{"embeddable":true,"href":"https:\/\/www.multicasa.com.br\/inicio\/wp-json\/wp\/v2\/media\/8016"}],"wp:attachment":[{"href":"https:\/\/www.multicasa.com.br\/inicio\/wp-json\/wp\/v2\/media?parent=7941"}],"wp:term":[{"taxonomy":"product_brand","embeddable":true,"href":"https:\/\/www.multicasa.com.br\/inicio\/wp-json\/wp\/v2\/product_brand?post=7941"},{"taxonomy":"product_cat","embeddable":true,"href":"https:\/\/www.multicasa.com.br\/inicio\/wp-json\/wp\/v2\/product_cat?post=7941"},{"taxonomy":"product_tag","embeddable":true,"href":"https:\/\/www.multicasa.com.br\/inicio\/wp-json\/wp\/v2\/product_tag?post=7941"}],"curies":[{"name":"wp","href":"https:\/\/api.w.org\/{rel}","templated":true}]}}