{"id":7942,"date":"2025-06-20T17:27:41","date_gmt":"2025-06-20T21:27:41","guid":{"rendered":"https:\/\/www.multicasa.com.br\/inicio\/?post_type=product&#038;p=7942"},"modified":"2025-08-17T19:00:26","modified_gmt":"2025-08-17T23:00:26","slug":"bolsa-para-ferramentas-de-lona-stanley","status":"publish","type":"product","link":"https:\/\/www.multicasa.com.br\/inicio\/produto\/bolsa-para-ferramentas-de-lona-stanley\/","title":{"rendered":"Bolsa para Ferramentas de Lona Stanley"},"content":{"rendered":"<p>Com a Bolsa para Ferramentas de Lona Stanley voc\u00ea ter\u00e1 maior mobilidade ao trabalhar em reparos e manuten\u00e7\u00f5es. Modelo confeccionado em tecido Denier 600&#215;600 que \u00e9 forte, dur\u00e1vel e resistente. Possui v\u00e1rios bolsos internos e externos para organiza\u00e7\u00e3o, bolso frontal coberto para armazenamento seguro de pequenas pe\u00e7as ou itens pessoais. Seu tamanho \u00e9 de 28 cm de altura por 24 cm de largura com Design moderno nas cores amarelo e preto. Suas ferramentas merecem uma bolsa adequada, leve mais comodidade para seu dia com a bolsa de ferramentas Stanley.<\/p>\n","protected":false},"excerpt":{"rendered":"<h4 style=\"margin: 0px;padding: 0px 0px 16px;font-family: Lato, sans-serif;font-weight: bold;line-height: 3rem;color: var(--dark-grey3);font-size: 22px;font-style: normal;letter-spacing: normal;text-align: start;text-indent: 0px;text-transform: none\">Informa\u00e7\u00f5es t\u00e9cnicas<\/h4>\n<p><span style=\"margin: 0px;padding: 0px;font-weight: 450;font-size: 14px;line-height: 21px;color: var(--dark-grey2);font-family: Lato, sans-serif;font-style: normal;letter-spacing: normal;text-align: start;text-indent: 0px;text-transform: none\">Produto: Bolsa para ferramentas<br \/>\nMarca: Stanley<br \/>\nMaterial: Tecido Denier 600&#215;600<br \/>\nCor: Amarelo e Preto<br \/>\nCaracter\u00edsticas: V\u00e1rios bolsos internos e externos<br \/>\nBolso frontal coberto<br \/>\nResistente<br \/>\nDur\u00e1vel<br \/>\nItens Inclusos: 1 Bolsa para ferramentas<br \/>\nDimens\u00f5es do produto (A x L ): 28 x 24cm<\/span><\/p>\n","protected":false},"featured_media":24694,"template":"","meta":{"_joinchat":[]},"product_brand":[],"product_cat":[137],"product_tag":[],"class_list":{"0":"post-7942","1":"product","2":"type-product","3":"status-publish","4":"has-post-thumbnail","6":"product_cat-ferramentas-manuais","8":"first","9":"outofstock","10":"shipping-taxable","11":"purchasable","12":"product-type-simple"},"_links":{"self":[{"href":"https:\/\/www.multicasa.com.br\/inicio\/wp-json\/wp\/v2\/product\/7942","targetHints":{"allow":["GET"]}}],"collection":[{"href":"https:\/\/www.multicasa.com.br\/inicio\/wp-json\/wp\/v2\/product"}],"about":[{"href":"https:\/\/www.multicasa.com.br\/inicio\/wp-json\/wp\/v2\/types\/product"}],"wp:featuredmedia":[{"embeddable":true,"href":"https:\/\/www.multicasa.com.br\/inicio\/wp-json\/wp\/v2\/media\/24694"}],"wp:attachment":[{"href":"https:\/\/www.multicasa.com.br\/inicio\/wp-json\/wp\/v2\/media?parent=7942"}],"wp:term":[{"taxonomy":"product_brand","embeddable":true,"href":"https:\/\/www.multicasa.com.br\/inicio\/wp-json\/wp\/v2\/product_brand?post=7942"},{"taxonomy":"product_cat","embeddable":true,"href":"https:\/\/www.multicasa.com.br\/inicio\/wp-json\/wp\/v2\/product_cat?post=7942"},{"taxonomy":"product_tag","embeddable":true,"href":"https:\/\/www.multicasa.com.br\/inicio\/wp-json\/wp\/v2\/product_tag?post=7942"}],"curies":[{"name":"wp","href":"https:\/\/api.w.org\/{rel}","templated":true}]}}