{"id":7979,"date":"2025-06-20T17:28:03","date_gmt":"2025-06-20T21:28:03","guid":{"rendered":"https:\/\/www.multicasa.com.br\/inicio\/?post_type=product&#038;p=7979"},"modified":"2025-12-16T19:07:52","modified_gmt":"2025-12-16T23:07:52","slug":"bucha-de-fixacao-em-nylon-com-parafuso-philips-5mm-bemfixa-10-unidades","status":"publish","type":"product","link":"https:\/\/www.multicasa.com.br\/inicio\/produto\/bucha-de-fixacao-em-nylon-com-parafuso-philips-5mm-bemfixa-10-unidades\/","title":{"rendered":"Bucha de Fixa\u00e7\u00e3o em Nylon com Parafuso Philips 5mm Bemfixa 10 unidades"},"content":{"rendered":"<p>Use a bucha de fixa\u00e7\u00e3o em nylon e parafuso philips cabe\u00e7a panela Bemfixa em brocas de 5 mm. Garantem qualidade, resist\u00eancia e durabilidade aos servi\u00e7os nos quais s\u00e3o utilizadas. Embalagem com 10 unidades.<\/p>\n","protected":false},"excerpt":{"rendered":"<h4 style=\"margin: 0px;padding: 0px 0px 16px;font-family: Lato, sans-serif;font-weight: bold;line-height: 3rem;color: var(--dark-grey3);font-size: 22px;font-style: normal;letter-spacing: normal;text-align: start;text-indent: 0px;text-transform: none\">Informa\u00e7\u00f5es t\u00e9cnicas<\/h4>\n<p><span style=\"margin: 0px;padding: 0px;font-weight: 450;font-size: 14px;line-height: 21px;color: var(--dark-grey2);font-family: Lato, sans-serif;font-style: normal;letter-spacing: normal;text-align: start;text-indent: 0px;text-transform: none\">Produto: Bucha com parafuso<br \/>\nMarca: Bemfixa<br \/>\nMaterial: Bucha em nylon (poliamida)<br \/>\nCor: Cinza, prata<br \/>\nCaracter\u00edsticas: Parafuso philips cabe\u00e7a panela<br \/>\nQuantidade de pe\u00e7as: 10<br \/>\nItens inclusos: 5 Buchas<br \/>\n5 parafusos<br \/>\nDi\u00e2metro do produto: Bucha &#8211; 5mm<br \/>\n<\/span><\/p>\n","protected":false},"featured_media":24730,"template":"","meta":{"_joinchat":[]},"product_brand":[],"product_cat":[135],"product_tag":[],"class_list":{"0":"post-7979","1":"product","2":"type-product","3":"status-publish","4":"has-post-thumbnail","6":"product_cat-parafusos-e-buchas","8":"first","9":"outofstock","10":"shipping-taxable","11":"product-type-simple"},"_links":{"self":[{"href":"https:\/\/www.multicasa.com.br\/inicio\/wp-json\/wp\/v2\/product\/7979","targetHints":{"allow":["GET"]}}],"collection":[{"href":"https:\/\/www.multicasa.com.br\/inicio\/wp-json\/wp\/v2\/product"}],"about":[{"href":"https:\/\/www.multicasa.com.br\/inicio\/wp-json\/wp\/v2\/types\/product"}],"wp:featuredmedia":[{"embeddable":true,"href":"https:\/\/www.multicasa.com.br\/inicio\/wp-json\/wp\/v2\/media\/24730"}],"wp:attachment":[{"href":"https:\/\/www.multicasa.com.br\/inicio\/wp-json\/wp\/v2\/media?parent=7979"}],"wp:term":[{"taxonomy":"product_brand","embeddable":true,"href":"https:\/\/www.multicasa.com.br\/inicio\/wp-json\/wp\/v2\/product_brand?post=7979"},{"taxonomy":"product_cat","embeddable":true,"href":"https:\/\/www.multicasa.com.br\/inicio\/wp-json\/wp\/v2\/product_cat?post=7979"},{"taxonomy":"product_tag","embeddable":true,"href":"https:\/\/www.multicasa.com.br\/inicio\/wp-json\/wp\/v2\/product_tag?post=7979"}],"curies":[{"name":"wp","href":"https:\/\/api.w.org\/{rel}","templated":true}]}}