{"id":8004,"date":"2025-06-20T17:28:24","date_gmt":"2025-06-20T21:28:24","guid":{"rendered":"https:\/\/www.multicasa.com.br\/inicio\/?post_type=product&#038;p=8004"},"modified":"2026-04-28T13:30:14","modified_gmt":"2026-04-28T17:30:14","slug":"bucha-de-reducao-pvc-com-rosca-3-4x1-2-tigre","status":"publish","type":"product","link":"https:\/\/www.multicasa.com.br\/inicio\/produto\/bucha-de-reducao-pvc-com-rosca-3-4x1-2-tigre\/","title":{"rendered":"Bucha de Redu\u00e7\u00e3o PVC com rosca 3\/4&#215;1\/2&#8221; Tigre"},"content":{"rendered":"<p>Com a bucha de redu\u00e7\u00e3o da Tigre ficou mais f\u00e1cil vedar e evitar vazamentos. Feita de PVC e com medidas de 3\/4??x 1\/2??, \u00e9 ideal para redu\u00e7\u00e3o de di\u00e2metros em instala\u00e7\u00f5es rosque\u00e1veis. J\u00e1 possui bolsa e ponta rosc\u00e1vel padr\u00e3o BSP.<\/p>\n","protected":false},"excerpt":{"rendered":"<h4 style=\"margin: 0px;padding: 0px 0px 16px;font-family: Lato, sans-serif;font-weight: bold;line-height: 3rem;color: var(--dark-grey3);font-size: 22px;font-style: normal;letter-spacing: normal;text-align: start;text-indent: 0px;text-transform: none\">Informa\u00e7\u00f5es t\u00e9cnicas<\/h4>\n<p><span style=\"margin: 0px;padding: 0px;font-weight: 450;font-size: 14px;line-height: 21px;color: var(--dark-grey2);font-family: Lato, sans-serif;font-style: normal;letter-spacing: normal;text-align: start;text-indent: 0px;text-transform: none\">Produto: Bucha PCV<br \/>\nMarca: Tigre<br \/>\nMaterial: PVC<br \/>\nCor: Branca<br \/>\nCaracter\u00edsticas: Bolsa e ponta rosque\u00e1vel<br \/>\nItens inclusos: 1 Bucha pvc<br \/>\nDimens\u00e3o do Produto(A x L x P): 3\/4&#8243; x 1\/2&#8243; \/ 25 x 50mm<br \/>\n<\/span><\/p>\n","protected":false},"featured_media":24735,"template":"","meta":{"_joinchat":[]},"product_brand":[],"product_cat":[73],"product_tag":[],"class_list":{"0":"post-8004","1":"product","2":"type-product","3":"status-publish","4":"has-post-thumbnail","6":"product_cat-tubos-e-conexoes","8":"first","9":"instock","10":"shipping-taxable","11":"purchasable","12":"product-type-simple"},"_links":{"self":[{"href":"https:\/\/www.multicasa.com.br\/inicio\/wp-json\/wp\/v2\/product\/8004","targetHints":{"allow":["GET"]}}],"collection":[{"href":"https:\/\/www.multicasa.com.br\/inicio\/wp-json\/wp\/v2\/product"}],"about":[{"href":"https:\/\/www.multicasa.com.br\/inicio\/wp-json\/wp\/v2\/types\/product"}],"wp:featuredmedia":[{"embeddable":true,"href":"https:\/\/www.multicasa.com.br\/inicio\/wp-json\/wp\/v2\/media\/24735"}],"wp:attachment":[{"href":"https:\/\/www.multicasa.com.br\/inicio\/wp-json\/wp\/v2\/media?parent=8004"}],"wp:term":[{"taxonomy":"product_brand","embeddable":true,"href":"https:\/\/www.multicasa.com.br\/inicio\/wp-json\/wp\/v2\/product_brand?post=8004"},{"taxonomy":"product_cat","embeddable":true,"href":"https:\/\/www.multicasa.com.br\/inicio\/wp-json\/wp\/v2\/product_cat?post=8004"},{"taxonomy":"product_tag","embeddable":true,"href":"https:\/\/www.multicasa.com.br\/inicio\/wp-json\/wp\/v2\/product_tag?post=8004"}],"curies":[{"name":"wp","href":"https:\/\/api.w.org\/{rel}","templated":true}]}}