{"id":8005,"date":"2025-06-20T17:28:24","date_gmt":"2025-06-20T21:28:24","guid":{"rendered":"https:\/\/www.multicasa.com.br\/inicio\/?post_type=product&#038;p=8005"},"modified":"2025-06-20T17:28:53","modified_gmt":"2025-06-20T21:28:53","slug":"cabide-multiuso-para-porta-com-8-ganchos-arthi","status":"publish","type":"product","link":"https:\/\/www.multicasa.com.br\/inicio\/produto\/cabide-multiuso-para-porta-com-8-ganchos-arthi\/","title":{"rendered":"Cabide Multiuso para Porta com 8 Ganchos Arthi"},"content":{"rendered":"<p>Pr\u00e1tico e moderno, o cabide multiuso para porta com 8 ganchos pode ser usado para pendurar roupas, toalhas, acess\u00f3rios ou como gancho duplo para vassouras e rodos. Feito de a\u00e7o cromado, possui f\u00e1cil instala\u00e7\u00e3o que dispensa furos nas portas e paredes. Mede 25,5 x 40 x 5,8cm.<\/p>\n","protected":false},"excerpt":{"rendered":"<h4 style=\"margin: 0px;padding: 0px 0px 16px;font-family: Lato, sans-serif;font-weight: bold;line-height: 3rem;color: var(--dark-grey3);font-size: 22px;font-style: normal;letter-spacing: normal;text-align: start;text-indent: 0px;text-transform: none\">Informa\u00e7\u00f5es t\u00e9cnicas<\/h4>\n<p><span style=\"margin: 0px;padding: 0px;font-weight: 450;font-size: 14px;line-height: 21px;color: var(--dark-grey2);font-family: Lato, sans-serif;font-style: normal;letter-spacing: normal;text-align: start;text-indent: 0px;text-transform: none\">Produto: Cabide para Porta<br \/>\nMarca: Arthi<br \/>\nMaterial: A\u00e7o Cromado<br \/>\nCor: Prata<br \/>\nCaracter\u00edsticas: Possui 8 ganchos<br \/>\nItens Inclusos: 1 Cabide para porta<br \/>\nDimens\u00f5es do produto (A x L x P): 25,5 x 40 x 5,8cm<br \/>\n<\/span><\/p>\n","protected":false},"featured_media":8058,"template":"","meta":{"_joinchat":[]},"product_brand":[],"product_cat":[96],"product_tag":[],"class_list":{"0":"post-8005","1":"product","2":"type-product","3":"status-publish","4":"has-post-thumbnail","6":"product_cat-limpeza-e-cia","8":"first","9":"outofstock","10":"shipping-taxable","11":"product-type-simple"},"_links":{"self":[{"href":"https:\/\/www.multicasa.com.br\/inicio\/wp-json\/wp\/v2\/product\/8005","targetHints":{"allow":["GET"]}}],"collection":[{"href":"https:\/\/www.multicasa.com.br\/inicio\/wp-json\/wp\/v2\/product"}],"about":[{"href":"https:\/\/www.multicasa.com.br\/inicio\/wp-json\/wp\/v2\/types\/product"}],"wp:featuredmedia":[{"embeddable":true,"href":"https:\/\/www.multicasa.com.br\/inicio\/wp-json\/wp\/v2\/media\/8058"}],"wp:attachment":[{"href":"https:\/\/www.multicasa.com.br\/inicio\/wp-json\/wp\/v2\/media?parent=8005"}],"wp:term":[{"taxonomy":"product_brand","embeddable":true,"href":"https:\/\/www.multicasa.com.br\/inicio\/wp-json\/wp\/v2\/product_brand?post=8005"},{"taxonomy":"product_cat","embeddable":true,"href":"https:\/\/www.multicasa.com.br\/inicio\/wp-json\/wp\/v2\/product_cat?post=8005"},{"taxonomy":"product_tag","embeddable":true,"href":"https:\/\/www.multicasa.com.br\/inicio\/wp-json\/wp\/v2\/product_tag?post=8005"}],"curies":[{"name":"wp","href":"https:\/\/api.w.org\/{rel}","templated":true}]}}