{"id":8006,"date":"2025-06-20T17:28:24","date_gmt":"2025-06-20T21:28:24","guid":{"rendered":"https:\/\/www.multicasa.com.br\/inicio\/?post_type=product&#038;p=8006"},"modified":"2025-06-20T17:28:54","modified_gmt":"2025-06-20T21:28:54","slug":"cabo-conversor-hdmi-para-vga-exbom-15cm","status":"publish","type":"product","link":"https:\/\/www.multicasa.com.br\/inicio\/produto\/cabo-conversor-hdmi-para-vga-exbom-15cm\/","title":{"rendered":"Cabo Conversor HDMI para VGA Exbom 15cm"},"content":{"rendered":"<p>O Cabo Conversor HDMI para VGA Exbom converte a conex\u00e3o digital HDMI em conex\u00f5es anal\u00f3gicas de v\u00eddeo VGA e \u00e1udio. Seu comprimento \u00e9 de 15 cm e \u00e9 a solu\u00e7\u00e3o perfeita para conectar computadores, DVD, blu-ray, receptores de home theater, consoles de v\u00eddeo games e outros dispositivos eletr\u00f4nicos com sa\u00edda HDMI para transmitir v\u00eddeo e \u00e1udio em tvs, monitores e projetores VGA.<\/p>\n","protected":false},"excerpt":{"rendered":"<h4 style=\"margin: 0px;padding: 0px 0px 16px;font-family: Lato, sans-serif;font-weight: bold;line-height: 3rem;color: var(--dark-grey3);font-size: 22px;font-style: normal;letter-spacing: normal;text-align: start;text-indent: 0px;text-transform: none\">Informa\u00e7\u00f5es t\u00e9cnicas<\/h4>\n<p><span style=\"margin: 0px;padding: 0px;font-weight: 450;font-size: 14px;line-height: 21px;color: var(--dark-grey2);font-family: Lato, sans-serif;font-style: normal;letter-spacing: normal;text-align: start;text-indent: 0px;text-transform: none\">Produto: Cabo conversor HDMI<br \/>\nMarca: Exbom<br \/>\nCor: Preto<br \/>\nCaracter\u00edsticas: Conversor HDMI para VGA f\u00eamea<br \/>\nCom \u00e1udio desbloqueado<br \/>\nItens inclusos: 1 Cabo conversor HDMI<br \/>\nDimens\u00f5es do produto (C): 15cm<\/span><\/p>\n","protected":false},"featured_media":8059,"template":"","meta":{"_joinchat":[]},"product_brand":[],"product_cat":[153],"product_tag":[],"class_list":{"0":"post-8006","1":"product","2":"type-product","3":"status-publish","4":"has-post-thumbnail","6":"product_cat-eletronica-e-cia","8":"first","9":"outofstock","10":"shipping-taxable","11":"product-type-simple"},"_links":{"self":[{"href":"https:\/\/www.multicasa.com.br\/inicio\/wp-json\/wp\/v2\/product\/8006","targetHints":{"allow":["GET"]}}],"collection":[{"href":"https:\/\/www.multicasa.com.br\/inicio\/wp-json\/wp\/v2\/product"}],"about":[{"href":"https:\/\/www.multicasa.com.br\/inicio\/wp-json\/wp\/v2\/types\/product"}],"wp:featuredmedia":[{"embeddable":true,"href":"https:\/\/www.multicasa.com.br\/inicio\/wp-json\/wp\/v2\/media\/8059"}],"wp:attachment":[{"href":"https:\/\/www.multicasa.com.br\/inicio\/wp-json\/wp\/v2\/media?parent=8006"}],"wp:term":[{"taxonomy":"product_brand","embeddable":true,"href":"https:\/\/www.multicasa.com.br\/inicio\/wp-json\/wp\/v2\/product_brand?post=8006"},{"taxonomy":"product_cat","embeddable":true,"href":"https:\/\/www.multicasa.com.br\/inicio\/wp-json\/wp\/v2\/product_cat?post=8006"},{"taxonomy":"product_tag","embeddable":true,"href":"https:\/\/www.multicasa.com.br\/inicio\/wp-json\/wp\/v2\/product_tag?post=8006"}],"curies":[{"name":"wp","href":"https:\/\/api.w.org\/{rel}","templated":true}]}}