{"id":8013,"date":"2025-06-20T17:28:25","date_gmt":"2025-06-20T21:28:25","guid":{"rendered":"https:\/\/www.multicasa.com.br\/inicio\/?post_type=product&#038;p=8013"},"modified":"2025-10-22T09:43:56","modified_gmt":"2025-10-22T13:43:56","slug":"cabo-p2-estereo-x-2rca-macho-tblack-15m","status":"publish","type":"product","link":"https:\/\/www.multicasa.com.br\/inicio\/produto\/cabo-p2-estereo-x-2rca-macho-tblack-15m\/","title":{"rendered":"Cabo P2 Est\u00e9reo x 2RCA Macho TBlack 1,5m"},"content":{"rendered":"<p>Feito de PVC, lat\u00e3o, n\u00edquel e cobre o cabo P2 est\u00e9reo x 2RCA macho TBlack \u00e9 ideal para ligar dispositivos como mp3, mp4, iPod, computadores e celulares a aparelhos de som com entrada auxiliar. Mede 1,5 m e permite emiss\u00e3o ampliada de som.<\/p>\n","protected":false},"excerpt":{"rendered":"<h4 style=\"margin: 0px;padding: 0px 0px 16px;font-family: Lato, sans-serif;font-weight: bold;line-height: 3rem;color: var(--dark-grey3);font-size: 22px;font-style: normal;letter-spacing: normal;text-align: start;text-indent: 0px;text-transform: none\">Informa\u00e7\u00f5es t\u00e9cnicas<\/h4>\n<p><span style=\"margin: 0px;padding: 0px;font-weight: 450;font-size: 14px;line-height: 21px;color: var(--dark-grey2);font-family: Lato, sans-serif;font-style: normal;letter-spacing: normal;text-align: start;text-indent: 0px;text-transform: none\">Produto: Cabo<br \/>\nMarca: Tblack<br \/>\nMaterial: PVC<br \/>\nLat\u00e3o<br \/>\nN\u00edquel<br \/>\nCobre<br \/>\nCor: Preto<br \/>\nCaracter\u00edsticas: Conectores P2 Est\u00e9reo x 2RCA Macho<br \/>\nItens inclusos: 1 Cabo<br \/>\nDimens\u00f5es do produto (C): 1,5m<\/span><\/p>\n","protected":false},"featured_media":8066,"template":"","meta":{"_joinchat":[]},"product_brand":[],"product_cat":[153],"product_tag":[],"class_list":{"0":"post-8013","1":"product","2":"type-product","3":"status-publish","4":"has-post-thumbnail","6":"product_cat-eletronica-e-cia","8":"first","9":"outofstock","10":"shipping-taxable","11":"purchasable","12":"product-type-simple"},"_links":{"self":[{"href":"https:\/\/www.multicasa.com.br\/inicio\/wp-json\/wp\/v2\/product\/8013","targetHints":{"allow":["GET"]}}],"collection":[{"href":"https:\/\/www.multicasa.com.br\/inicio\/wp-json\/wp\/v2\/product"}],"about":[{"href":"https:\/\/www.multicasa.com.br\/inicio\/wp-json\/wp\/v2\/types\/product"}],"wp:featuredmedia":[{"embeddable":true,"href":"https:\/\/www.multicasa.com.br\/inicio\/wp-json\/wp\/v2\/media\/8066"}],"wp:attachment":[{"href":"https:\/\/www.multicasa.com.br\/inicio\/wp-json\/wp\/v2\/media?parent=8013"}],"wp:term":[{"taxonomy":"product_brand","embeddable":true,"href":"https:\/\/www.multicasa.com.br\/inicio\/wp-json\/wp\/v2\/product_brand?post=8013"},{"taxonomy":"product_cat","embeddable":true,"href":"https:\/\/www.multicasa.com.br\/inicio\/wp-json\/wp\/v2\/product_cat?post=8013"},{"taxonomy":"product_tag","embeddable":true,"href":"https:\/\/www.multicasa.com.br\/inicio\/wp-json\/wp\/v2\/product_tag?post=8013"}],"curies":[{"name":"wp","href":"https:\/\/api.w.org\/{rel}","templated":true}]}}