{"id":8039,"date":"2025-06-20T17:28:46","date_gmt":"2025-06-20T21:28:46","guid":{"rendered":"https:\/\/www.multicasa.com.br\/inicio\/?post_type=product&#038;p=8039"},"modified":"2025-12-16T18:28:39","modified_gmt":"2025-12-16T22:28:39","slug":"cabo-optico-digital-toslink-pix-chipsce-5m","status":"publish","type":"product","link":"https:\/\/www.multicasa.com.br\/inicio\/produto\/cabo-optico-digital-toslink-pix-chipsce-5m\/","title":{"rendered":"Cabo \u00d3ptico Digital Toslink Pix ChipSCE 5m"},"content":{"rendered":"<p>Com o cabo \u00f3ptico digital Toslink Pix ChipSCE voc\u00ea pode realizar transmiss\u00f5es livres de distor\u00e7\u00f5es e com \u00f3tima qualidade de \u00e1udio. Ideal para usar com TVs, blu-ray, v\u00eddeo games, DVDs, home theaters e outros equipamentos com a mesma tecnologia, o cabo \u00f3ptico mede 5 metros.<\/p>\n","protected":false},"excerpt":{"rendered":"<h4 style=\"margin: 0px;padding: 0px 0px 16px;font-family: Lato, sans-serif;font-weight: bold;line-height: 3rem;color: var(--dark-grey3);font-size: 22px;font-style: normal;letter-spacing: normal;text-align: start;text-indent: 0px;text-transform: none\">Informa\u00e7\u00f5es t\u00e9cnicas<\/h4>\n<p><span style=\"margin: 0px;padding: 0px;font-weight: 450;font-size: 14px;line-height: 21px;color: var(--dark-grey2);font-family: Lato, sans-serif;font-style: normal;letter-spacing: normal;text-align: start;text-indent: 0px;text-transform: none\">Produto: Cabo \u00d3ptico Digital<br \/>\nMarca: ChipSCE<br \/>\nMaterial: Revestida por camada de resina<br \/>\nCoberto por pl\u00e1stico<br \/>\nCor: Preto<br \/>\nCaracter\u00edsticas: Transmiss\u00e3o de \u00e1udio<br \/>\nItens inclusos: 1 Cabo \u00d3ptico Digital<br \/>\nDimens\u00f5es do produto (C): 5m<br \/>\n<\/span><\/p>\n","protected":false},"featured_media":8090,"template":"","meta":{"_joinchat":[]},"product_brand":[],"product_cat":[130],"product_tag":[],"class_list":{"0":"post-8039","1":"product","2":"type-product","3":"status-publish","4":"has-post-thumbnail","6":"product_cat-informatica","8":"first","9":"outofstock","10":"shipping-taxable","11":"product-type-simple"},"_links":{"self":[{"href":"https:\/\/www.multicasa.com.br\/inicio\/wp-json\/wp\/v2\/product\/8039","targetHints":{"allow":["GET"]}}],"collection":[{"href":"https:\/\/www.multicasa.com.br\/inicio\/wp-json\/wp\/v2\/product"}],"about":[{"href":"https:\/\/www.multicasa.com.br\/inicio\/wp-json\/wp\/v2\/types\/product"}],"wp:featuredmedia":[{"embeddable":true,"href":"https:\/\/www.multicasa.com.br\/inicio\/wp-json\/wp\/v2\/media\/8090"}],"wp:attachment":[{"href":"https:\/\/www.multicasa.com.br\/inicio\/wp-json\/wp\/v2\/media?parent=8039"}],"wp:term":[{"taxonomy":"product_brand","embeddable":true,"href":"https:\/\/www.multicasa.com.br\/inicio\/wp-json\/wp\/v2\/product_brand?post=8039"},{"taxonomy":"product_cat","embeddable":true,"href":"https:\/\/www.multicasa.com.br\/inicio\/wp-json\/wp\/v2\/product_cat?post=8039"},{"taxonomy":"product_tag","embeddable":true,"href":"https:\/\/www.multicasa.com.br\/inicio\/wp-json\/wp\/v2\/product_tag?post=8039"}],"curies":[{"name":"wp","href":"https:\/\/api.w.org\/{rel}","templated":true}]}}