{"id":8040,"date":"2025-06-20T17:28:46","date_gmt":"2025-06-20T21:28:46","guid":{"rendered":"https:\/\/www.multicasa.com.br\/inicio\/?post_type=product&#038;p=8040"},"modified":"2026-04-27T17:30:22","modified_gmt":"2026-04-27T21:30:22","slug":"cabo-hdmi-2-0-ultra-hd-pix-chipsce-10m","status":"publish","type":"product","link":"https:\/\/www.multicasa.com.br\/inicio\/produto\/cabo-hdmi-2-0-ultra-hd-pix-chipsce-10m\/","title":{"rendered":"Cabo HDMI 2.0 Ultra HD Pix ChipSCE 10m"},"content":{"rendered":"<p>Use o cabo HDMI 2.0 Ultra HD Pix ChipSCE para garantir transmiss\u00f5es de excelente qualidade. Com 19 pinos e 10m de comprimento, possui canal de retorno de \u00e1udio para 4K 30hz e 4K 60hz; al\u00e9m de disponibilizar 32 canais do tipo com 24bit, 192khz, 8 canais lpcm com \u00e1udio a 1536khz. O cabo HDMI Pix ChipSCE entrega gama ampliada de cor com at\u00e9 48bit, atingindo at\u00e9 60 quadros por segundo com resolu\u00e7\u00e3o de 4K que pode ficar ainda mais incr\u00edvel em jogos ou filmes. Use tamb\u00e9m para aparelhos blu-ray HD e DVDs com resolu\u00e7\u00e3o m\u00e1xima.<\/p>\n","protected":false},"excerpt":{"rendered":"<h4 style=\"margin: 0px;padding: 0px 0px 16px;font-family: Lato, sans-serif;font-weight: bold;line-height: 3rem;color: var(--dark-grey3);font-size: 22px;font-style: normal;letter-spacing: normal;text-align: start;text-indent: 0px;text-transform: none\">Informa\u00e7\u00f5es t\u00e9cnicas<\/h4>\n<p><span style=\"margin: 0px;padding: 0px;font-weight: 450;font-size: 14px;line-height: 21px;color: var(--dark-grey2);font-family: Lato, sans-serif;font-style: normal;letter-spacing: normal;text-align: start;text-indent: 0px;text-transform: none\">Produto: Cabo HDMI<br \/>\nMarca: ChipSCE<br \/>\nCor: Preto<br \/>\nUso indicado: TV, led, lcd, plasma, monitores digitais, v\u00eddeo games, notebook, projetores e etc<br \/>\nVers\u00f5es compat\u00edveis: 2.0<br \/>\nCaracter\u00edsticas: 19 pinos<br \/>\nCanal de retorno de \u00e1udio de 4K30HZ\/4K60HZ<br \/>\n\u00c1udio 32 canais &#8211; 24bit \/ 192HZ,<br \/>\n8 canais LCPM &#8211; 1536 KHZ<br \/>\n4 \u00e1udios simult\u00e2neos<br \/>\nSuper audio CD<br \/>\nSRGB<br \/>\nYCBCR 4-2\/4-4-4<br \/>\nCEC estendido<br \/>\nCor profunda at\u00e9 48bit<br \/>\nSuporta espa\u00e7o de cor de 2020<br \/>\nSuporta YCBCR 4-2-0<br \/>\nCompat\u00edvel com blu-ray e HD DVD com resolu\u00e7\u00e3o m\u00e1xima<br \/>\nAtinge 60 quadros por segundo<br \/>\nAmostragem de \u00e1udio de at\u00e9 1536KHZ<br \/>\nSuporta propor\u00e7\u00e3o Superwide cinema 21:9 com resolu\u00e7\u00e3o 4K a 50\/60HZ<br \/>\nLargura da banda de 18gb por segundo<br \/>\nItens inclusos: 1 Cabo HDMI<br \/>\nDimens\u00f5es do produto (C): 10m<br \/>\n<\/span><\/p>\n","protected":false},"featured_media":8091,"template":"","meta":{"_joinchat":[]},"product_brand":[],"product_cat":[130],"product_tag":[],"class_list":{"0":"post-8040","1":"product","2":"type-product","3":"status-publish","4":"has-post-thumbnail","6":"product_cat-informatica","8":"first","9":"instock","10":"shipping-taxable","11":"purchasable","12":"product-type-simple"},"_links":{"self":[{"href":"https:\/\/www.multicasa.com.br\/inicio\/wp-json\/wp\/v2\/product\/8040","targetHints":{"allow":["GET"]}}],"collection":[{"href":"https:\/\/www.multicasa.com.br\/inicio\/wp-json\/wp\/v2\/product"}],"about":[{"href":"https:\/\/www.multicasa.com.br\/inicio\/wp-json\/wp\/v2\/types\/product"}],"wp:featuredmedia":[{"embeddable":true,"href":"https:\/\/www.multicasa.com.br\/inicio\/wp-json\/wp\/v2\/media\/8091"}],"wp:attachment":[{"href":"https:\/\/www.multicasa.com.br\/inicio\/wp-json\/wp\/v2\/media?parent=8040"}],"wp:term":[{"taxonomy":"product_brand","embeddable":true,"href":"https:\/\/www.multicasa.com.br\/inicio\/wp-json\/wp\/v2\/product_brand?post=8040"},{"taxonomy":"product_cat","embeddable":true,"href":"https:\/\/www.multicasa.com.br\/inicio\/wp-json\/wp\/v2\/product_cat?post=8040"},{"taxonomy":"product_tag","embeddable":true,"href":"https:\/\/www.multicasa.com.br\/inicio\/wp-json\/wp\/v2\/product_tag?post=8040"}],"curies":[{"name":"wp","href":"https:\/\/api.w.org\/{rel}","templated":true}]}}