{"id":8046,"date":"2025-06-20T17:28:46","date_gmt":"2025-06-20T21:28:46","guid":{"rendered":"https:\/\/www.multicasa.com.br\/inicio\/?post_type=product&#038;p=8046"},"modified":"2025-12-16T18:28:46","modified_gmt":"2025-12-16T22:28:46","slug":"cabo-y-headset-para-fone-1-p2-macho-para-2-p2-femea-chipsce","status":"publish","type":"product","link":"https:\/\/www.multicasa.com.br\/inicio\/produto\/cabo-y-headset-para-fone-1-p2-macho-para-2-p2-femea-chipsce\/","title":{"rendered":"Cabo Y Headset para fone 1 P2 Macho para 2 P2 F\u00eamea ChipSCE"},"content":{"rendered":"<p>O Cabo Y Headset para fone ChipSCE \u00e9 ideal para compartilhar e dividir sa\u00edda de som do MP3, MP4, som do carro, computador, notebook e outros. Conta com 1 entrada P2 est\u00e9reo macho e 2 sa\u00eddas P2 est\u00e9reo f\u00eamea de 3,5mm resistente e que possuem \u00f3timo acabamento.<\/p>\n","protected":false},"excerpt":{"rendered":"<h4 style=\"margin: 0px;padding: 0px 0px 16px;font-family: Lato, sans-serif;font-weight: bold;line-height: 3rem;color: var(--dark-grey3);font-size: 22px;font-style: normal;letter-spacing: normal;text-align: start;text-indent: 0px;text-transform: none\">Informa\u00e7\u00f5es t\u00e9cnicas<\/h4>\n<p><span style=\"margin: 0px;padding: 0px;font-weight: 450;font-size: 14px;line-height: 21px;color: var(--dark-grey2);font-family: Lato, sans-serif;font-style: normal;letter-spacing: normal;text-align: start;text-indent: 0px;text-transform: none\">Produto: Cabo Y P2<br \/>\nTipo: Y<br \/>\nMarca: ChipSCE<br \/>\nCor: Branco<br \/>\nCaracter\u00edsticas: 1 Conector P2 st\u00e9reo macho<br \/>\n2 Conectores P2 st\u00e9reo f\u00eamea<br \/>\nItens inclusos: 1 Cabo Y P2<br \/>\nDimens\u00f5es do produto (A X L): 15 x 10cm<br \/>\n<\/span><\/p>\n","protected":false},"featured_media":8098,"template":"","meta":{"_joinchat":[]},"product_brand":[],"product_cat":[130],"product_tag":[],"class_list":{"0":"post-8046","1":"product","2":"type-product","3":"status-publish","4":"has-post-thumbnail","6":"product_cat-informatica","8":"first","9":"outofstock","10":"shipping-taxable","11":"product-type-simple"},"_links":{"self":[{"href":"https:\/\/www.multicasa.com.br\/inicio\/wp-json\/wp\/v2\/product\/8046","targetHints":{"allow":["GET"]}}],"collection":[{"href":"https:\/\/www.multicasa.com.br\/inicio\/wp-json\/wp\/v2\/product"}],"about":[{"href":"https:\/\/www.multicasa.com.br\/inicio\/wp-json\/wp\/v2\/types\/product"}],"wp:featuredmedia":[{"embeddable":true,"href":"https:\/\/www.multicasa.com.br\/inicio\/wp-json\/wp\/v2\/media\/8098"}],"wp:attachment":[{"href":"https:\/\/www.multicasa.com.br\/inicio\/wp-json\/wp\/v2\/media?parent=8046"}],"wp:term":[{"taxonomy":"product_brand","embeddable":true,"href":"https:\/\/www.multicasa.com.br\/inicio\/wp-json\/wp\/v2\/product_brand?post=8046"},{"taxonomy":"product_cat","embeddable":true,"href":"https:\/\/www.multicasa.com.br\/inicio\/wp-json\/wp\/v2\/product_cat?post=8046"},{"taxonomy":"product_tag","embeddable":true,"href":"https:\/\/www.multicasa.com.br\/inicio\/wp-json\/wp\/v2\/product_tag?post=8046"}],"curies":[{"name":"wp","href":"https:\/\/api.w.org\/{rel}","templated":true}]}}