{"id":8051,"date":"2025-06-20T17:28:47","date_gmt":"2025-06-20T21:28:47","guid":{"rendered":"https:\/\/www.multicasa.com.br\/inicio\/?post_type=product&#038;p=8051"},"modified":"2025-06-20T17:29:30","modified_gmt":"2025-06-20T21:29:30","slug":"caixa-maleta-de-ferramentas-5-pecas-13-013-stanley","status":"publish","type":"product","link":"https:\/\/www.multicasa.com.br\/inicio\/produto\/caixa-maleta-de-ferramentas-5-pecas-13-013-stanley\/","title":{"rendered":"Caixa Maleta de Ferramentas 5 Pe\u00e7as 13-013 Stanley"},"content":{"rendered":"<p>O Kit de Ferramentas Stanley \u00e9 um produto exclusivo para Multicoisas composto por 1 maleta com 2 compartimentos superiores para pe\u00e7as pequenas; 1 trena com 3 metros, 1 chave de fenda 1\/8&#215;3\u0092\u0092, 1 chave philips 1\/8&#215;3\u0092\u0092 e 1 estilete de 9mm. Com bandeja interna organizadora, a multi caixa \u00e9 produzida em pl\u00e1stico polipropileno, tem fecho com travas de metal niquelado e orif\u00edcio para cadeado. Vai te ajudar nos servi\u00e7os do dia a dia, dom\u00e9sticos, e tamb\u00e9m nos profissionais.<\/p>\n","protected":false},"excerpt":{"rendered":"<h4 style=\"margin: 0px;padding: 0px 0px 16px;font-family: Lato, sans-serif;font-weight: bold;line-height: 3rem;color: var(--dark-grey3);font-size: 22px;font-style: normal;letter-spacing: normal;text-align: start;text-indent: 0px;text-transform: none\">Informa\u00e7\u00f5es t\u00e9cnicas<\/h4>\n<p><span style=\"margin: 0px;padding: 0px;font-weight: 450;font-size: 14px;line-height: 21px;color: var(--dark-grey2);font-family: Lato, sans-serif;font-style: normal;letter-spacing: normal;text-align: start;text-indent: 0px;text-transform: none\">Produto: Kit Ferramentas<br \/>\nMarca: Stanley<br \/>\nMaterial: Maleta em pl\u00e1stico polipropileno, fecho com travas de metal niquelado<br \/>\nCor: Preto, amarelo<br \/>\nCaracter\u00edsticas: Com orif\u00edcio para cadeado. Produto exclusivo Multicoisas<br \/>\nQuantidade de Pe\u00e7as: 5<br \/>\nItens Inclusos: 1 maleta com 2 compartimentos e bandeja interna, 1 trena de 3 metros, 1 chave philips de 1\/8&#215;3&#8221;, 1 chave de fenda de 1\/8&#215;3&#8221; e 1 estilete de 9mm<br \/>\nDimens\u00f5es do Produto: 32,2 x 17,7 x 13,5cm<\/span><\/p>\n","protected":false},"featured_media":8110,"template":"","meta":{"_joinchat":[]},"product_brand":[],"product_cat":[137],"product_tag":[],"class_list":{"0":"post-8051","1":"product","2":"type-product","3":"status-publish","4":"has-post-thumbnail","6":"product_cat-ferramentas-manuais","8":"first","9":"outofstock","10":"shipping-taxable","11":"product-type-simple"},"_links":{"self":[{"href":"https:\/\/www.multicasa.com.br\/inicio\/wp-json\/wp\/v2\/product\/8051","targetHints":{"allow":["GET"]}}],"collection":[{"href":"https:\/\/www.multicasa.com.br\/inicio\/wp-json\/wp\/v2\/product"}],"about":[{"href":"https:\/\/www.multicasa.com.br\/inicio\/wp-json\/wp\/v2\/types\/product"}],"wp:featuredmedia":[{"embeddable":true,"href":"https:\/\/www.multicasa.com.br\/inicio\/wp-json\/wp\/v2\/media\/8110"}],"wp:attachment":[{"href":"https:\/\/www.multicasa.com.br\/inicio\/wp-json\/wp\/v2\/media?parent=8051"}],"wp:term":[{"taxonomy":"product_brand","embeddable":true,"href":"https:\/\/www.multicasa.com.br\/inicio\/wp-json\/wp\/v2\/product_brand?post=8051"},{"taxonomy":"product_cat","embeddable":true,"href":"https:\/\/www.multicasa.com.br\/inicio\/wp-json\/wp\/v2\/product_cat?post=8051"},{"taxonomy":"product_tag","embeddable":true,"href":"https:\/\/www.multicasa.com.br\/inicio\/wp-json\/wp\/v2\/product_tag?post=8051"}],"curies":[{"name":"wp","href":"https:\/\/api.w.org\/{rel}","templated":true}]}}