{"id":8077,"date":"2025-06-20T17:29:08","date_gmt":"2025-06-20T21:29:08","guid":{"rendered":"https:\/\/www.multicasa.com.br\/inicio\/?post_type=product&#038;p=8077"},"modified":"2025-08-17T18:56:09","modified_gmt":"2025-08-17T22:56:09","slug":"canaleta-com-fita-e-divisoria-branca-tramontina-20x10cm","status":"publish","type":"product","link":"https:\/\/www.multicasa.com.br\/inicio\/produto\/canaleta-com-fita-e-divisoria-branca-tramontina-20x10cm\/","title":{"rendered":"Canaleta com Fita e Divis\u00f3ria Branca Tramontina 20x10cm"},"content":{"rendered":"<p>Proteja fios e prolongue sua vida \u00fatil usando a canaleta com fita e divis\u00f3ria branca Tramontina. Medindo 20 x 10 cm, \u00e9 feito de PVC r\u00edgido e tem instala\u00e7\u00e3o f\u00e1cil e pr\u00e1tica sem a necessidade de fazer furos nas paredes. Tamb\u00e9m proporciona seguran\u00e7a, j\u00e1 que evita o contato direto com a eletricidade e deixa qualquer ambiente com aspecto mais organizado.<\/p>\n","protected":false},"excerpt":{"rendered":"<h4 style=\"margin: 0px;padding: 0px 0px 16px;font-family: Lato, sans-serif;font-weight: bold;line-height: 3rem;color: var(--dark-grey3);font-size: 22px;font-style: normal;letter-spacing: normal;text-align: start;text-indent: 0px;text-transform: none\">Informa\u00e7\u00f5es t\u00e9cnicas<\/h4>\n<p><span style=\"margin: 0px;padding: 0px;font-weight: 450;font-size: 14px;line-height: 21px;color: var(--dark-grey2);font-family: Lato, sans-serif;font-style: normal;letter-spacing: normal;text-align: start;text-indent: 0px;text-transform: none\">Produto: Canaleta<br \/>\nMarca: Tramontina<br \/>\nMaterial: Pvc<br \/>\nCor: Branca<br \/>\nCaracter\u00edsticas: F\u00e1cil instala\u00e7\u00e3o<br \/>\nN\u00e3o precisa furar a parede<br \/>\nProporciona seguran\u00e7a contra contatos com os fios el\u00e9tricos<br \/>\nPossui fita autocolante para fixa\u00e7\u00e3o em paredes<br \/>\nItens inclusos: 1 Canaleta<br \/>\nDimens\u00f5es do produto (A X L X P): 20 x 10 x 2000mm<br \/>\n<\/span><\/p>\n","protected":false},"featured_media":8136,"template":"","meta":{"_joinchat":[]},"product_brand":[],"product_cat":[144],"product_tag":[],"class_list":{"0":"post-8077","1":"product","2":"type-product","3":"status-publish","4":"has-post-thumbnail","6":"product_cat-tomadas-e-cia","8":"first","9":"outofstock","10":"shipping-taxable","11":"purchasable","12":"product-type-simple"},"_links":{"self":[{"href":"https:\/\/www.multicasa.com.br\/inicio\/wp-json\/wp\/v2\/product\/8077","targetHints":{"allow":["GET"]}}],"collection":[{"href":"https:\/\/www.multicasa.com.br\/inicio\/wp-json\/wp\/v2\/product"}],"about":[{"href":"https:\/\/www.multicasa.com.br\/inicio\/wp-json\/wp\/v2\/types\/product"}],"wp:featuredmedia":[{"embeddable":true,"href":"https:\/\/www.multicasa.com.br\/inicio\/wp-json\/wp\/v2\/media\/8136"}],"wp:attachment":[{"href":"https:\/\/www.multicasa.com.br\/inicio\/wp-json\/wp\/v2\/media?parent=8077"}],"wp:term":[{"taxonomy":"product_brand","embeddable":true,"href":"https:\/\/www.multicasa.com.br\/inicio\/wp-json\/wp\/v2\/product_brand?post=8077"},{"taxonomy":"product_cat","embeddable":true,"href":"https:\/\/www.multicasa.com.br\/inicio\/wp-json\/wp\/v2\/product_cat?post=8077"},{"taxonomy":"product_tag","embeddable":true,"href":"https:\/\/www.multicasa.com.br\/inicio\/wp-json\/wp\/v2\/product_tag?post=8077"}],"curies":[{"name":"wp","href":"https:\/\/api.w.org\/{rel}","templated":true}]}}