{"id":8078,"date":"2025-06-20T17:29:08","date_gmt":"2025-06-20T21:29:08","guid":{"rendered":"https:\/\/www.multicasa.com.br\/inicio\/?post_type=product&#038;p=8078"},"modified":"2025-08-17T23:14:38","modified_gmt":"2025-08-18T03:14:38","slug":"campainha-modular-auxiliar-para-telefone-multicraft","status":"publish","type":"product","link":"https:\/\/www.multicasa.com.br\/inicio\/produto\/campainha-modular-auxiliar-para-telefone-multicraft\/","title":{"rendered":"Campainha Modular Auxiliar para Telefone Multicraft"},"content":{"rendered":"<p>A Campainha Modular Auxiliar para Telefone Multicraft com conector de entrada Jack, amplifica som e \u00e9 perfeito para locais barulhentos e situa\u00e7\u00f5es em que o telefone fica longe. Emite um som eletr\u00f4nico que toca junto com o telefone e pode ser ligado junto com o aparelho ou em outro local. De f\u00e1cil instala\u00e7\u00e3o.<\/p>\n","protected":false},"excerpt":{"rendered":"<h4 style=\"margin: 0px;padding: 0px 0px 16px;font-family: Lato, sans-serif;font-weight: bold;line-height: 3rem;color: var(--dark-grey3);font-size: 22px;font-style: normal;letter-spacing: normal;text-align: start;text-indent: 0px;text-transform: none\">Informa\u00e7\u00f5es t\u00e9cnicas<\/h4>\n<p><span style=\"margin: 0px;padding: 0px;font-weight: 450;font-size: 14px;line-height: 21px;color: var(--dark-grey2);font-family: Lato, sans-serif;font-style: normal;letter-spacing: normal;text-align: start;text-indent: 0px;text-transform: none\">Produto: Campainha<br \/>\nMarca: Multicraft<br \/>\nCor: Preto<br \/>\nCaracter\u00edsticas: Para telefone auxiliar<br \/>\nAmplifica o som<br \/>\nConex\u00e3o entrada Jack<br \/>\nItens inclusos: 1 Campainha<\/span><\/p>\n","protected":false},"featured_media":8139,"template":"","meta":{"_joinchat":[]},"product_brand":[],"product_cat":[144],"product_tag":[],"class_list":{"0":"post-8078","1":"product","2":"type-product","3":"status-publish","4":"has-post-thumbnail","6":"product_cat-tomadas-e-cia","8":"first","9":"instock","10":"shipping-taxable","11":"purchasable","12":"product-type-simple"},"_links":{"self":[{"href":"https:\/\/www.multicasa.com.br\/inicio\/wp-json\/wp\/v2\/product\/8078","targetHints":{"allow":["GET"]}}],"collection":[{"href":"https:\/\/www.multicasa.com.br\/inicio\/wp-json\/wp\/v2\/product"}],"about":[{"href":"https:\/\/www.multicasa.com.br\/inicio\/wp-json\/wp\/v2\/types\/product"}],"wp:featuredmedia":[{"embeddable":true,"href":"https:\/\/www.multicasa.com.br\/inicio\/wp-json\/wp\/v2\/media\/8139"}],"wp:attachment":[{"href":"https:\/\/www.multicasa.com.br\/inicio\/wp-json\/wp\/v2\/media?parent=8078"}],"wp:term":[{"taxonomy":"product_brand","embeddable":true,"href":"https:\/\/www.multicasa.com.br\/inicio\/wp-json\/wp\/v2\/product_brand?post=8078"},{"taxonomy":"product_cat","embeddable":true,"href":"https:\/\/www.multicasa.com.br\/inicio\/wp-json\/wp\/v2\/product_cat?post=8078"},{"taxonomy":"product_tag","embeddable":true,"href":"https:\/\/www.multicasa.com.br\/inicio\/wp-json\/wp\/v2\/product_tag?post=8078"}],"curies":[{"name":"wp","href":"https:\/\/api.w.org\/{rel}","templated":true}]}}