{"id":8083,"date":"2025-06-20T17:29:09","date_gmt":"2025-06-20T21:29:09","guid":{"rendered":"https:\/\/www.multicasa.com.br\/inicio\/?post_type=product&#038;p=8083"},"modified":"2025-06-20T17:29:59","modified_gmt":"2025-06-20T21:29:59","slug":"carregador-veicular-com-2-entradas-usb-geonav-3-4a","status":"publish","type":"product","link":"https:\/\/www.multicasa.com.br\/inicio\/produto\/carregador-veicular-com-2-entradas-usb-geonav-3-4a\/","title":{"rendered":"Carregador Veicular com 2 entradas USB Geonav 3.4a"},"content":{"rendered":"<p>Ideal para carregar celular, tablets e outros dispositivos, o carregador veicular da Geonav possui 2 entradas USB e recurso de carga r\u00e1pida. Carrega at\u00e9 2 aparelhos simultaneamente sendo compat\u00edvel com smartphones, MP3, console de games, leitores de e-books, GPS e outros. Com pot\u00eancia de 17w, tem dupla sa\u00edda de 3.4a.<\/p>\n","protected":false},"excerpt":{"rendered":"<h4 style=\"margin: 0px;padding: 0px 0px 16px;font-family: Lato, sans-serif;font-weight: bold;line-height: 3rem;color: var(--dark-grey3);font-size: 22px;font-style: normal;letter-spacing: normal;text-align: start;text-indent: 0px;text-transform: none\">Informa\u00e7\u00f5es t\u00e9cnicas<\/h4>\n<p><span style=\"margin: 0px;padding: 0px;font-weight: 450;font-size: 14px;line-height: 21px;color: var(--dark-grey2);font-family: Lato, sans-serif;font-style: normal;letter-spacing: normal;text-align: start;text-indent: 0px;text-transform: none\">Produto: Carregador Veicular<br \/>\nMarca: Geonav<br \/>\nCor: Preto e prata<br \/>\nPot\u00eancia: 17w<br \/>\nCaracter\u00edsticas: Entrada DC 12VCC ? 24VCC 1A<br \/>\nCarregamento r\u00e1pido 2.4\/A<br \/>\n2 sa\u00eddas usb 5VCC &#8211; 3.4A<br \/>\nSuporta at\u00e9 2 aparelhos simultaneamente<br \/>\nItens inclusos: 1 Carregador Veicular<br \/>\nDimens\u00f5es do produto (A X L): 12 x 7,5cm<br \/>\n<\/span><\/p>\n","protected":false},"featured_media":8160,"template":"","meta":{"_joinchat":[]},"product_brand":[],"product_cat":[142],"product_tag":[],"class_list":{"0":"post-8083","1":"product","2":"type-product","3":"status-publish","4":"has-post-thumbnail","6":"product_cat-utilidades-para-automoveis","8":"first","9":"outofstock","10":"shipping-taxable","11":"product-type-simple"},"_links":{"self":[{"href":"https:\/\/www.multicasa.com.br\/inicio\/wp-json\/wp\/v2\/product\/8083","targetHints":{"allow":["GET"]}}],"collection":[{"href":"https:\/\/www.multicasa.com.br\/inicio\/wp-json\/wp\/v2\/product"}],"about":[{"href":"https:\/\/www.multicasa.com.br\/inicio\/wp-json\/wp\/v2\/types\/product"}],"wp:featuredmedia":[{"embeddable":true,"href":"https:\/\/www.multicasa.com.br\/inicio\/wp-json\/wp\/v2\/media\/8160"}],"wp:attachment":[{"href":"https:\/\/www.multicasa.com.br\/inicio\/wp-json\/wp\/v2\/media?parent=8083"}],"wp:term":[{"taxonomy":"product_brand","embeddable":true,"href":"https:\/\/www.multicasa.com.br\/inicio\/wp-json\/wp\/v2\/product_brand?post=8083"},{"taxonomy":"product_cat","embeddable":true,"href":"https:\/\/www.multicasa.com.br\/inicio\/wp-json\/wp\/v2\/product_cat?post=8083"},{"taxonomy":"product_tag","embeddable":true,"href":"https:\/\/www.multicasa.com.br\/inicio\/wp-json\/wp\/v2\/product_tag?post=8083"}],"curies":[{"name":"wp","href":"https:\/\/api.w.org\/{rel}","templated":true}]}}