{"id":8086,"date":"2025-06-20T17:29:09","date_gmt":"2025-06-20T21:29:09","guid":{"rendered":"https:\/\/www.multicasa.com.br\/inicio\/?post_type=product&#038;p=8086"},"modified":"2025-06-20T17:30:07","modified_gmt":"2025-06-20T21:30:07","slug":"cesto-de-roupas-com-tampa-em-plastico-branco-sanremo-464l","status":"publish","type":"product","link":"https:\/\/www.multicasa.com.br\/inicio\/produto\/cesto-de-roupas-com-tampa-em-plastico-branco-sanremo-464l\/","title":{"rendered":"Cesto de Roupas com Tampa em Pl\u00e1stico Branco Sanremo 46,4L"},"content":{"rendered":"<p>Cesto de Roupas em Pl\u00e1stico Branco Sanremo com capacidade para at\u00e9 46,4 litros. Feito de pl\u00e1stico resistente \u00e9 ideal para voc\u00ea levar roupas pessoais, de cama, mesa ou banho com agilidade e ganhar tempo nas tarefas do dia-a-dia. Possui tampa que auxilia a manter as pe\u00e7as mais organizadas dentro do cesto de roupas. Deisgn ideal para que fique no banheiro ou lavanderia sem deixar o ambiente bagun\u00e7ado.<\/p>\n","protected":false},"excerpt":{"rendered":"<h4 style=\"margin: 0px;padding: 0px 0px 16px;font-family: Lato, sans-serif;font-weight: bold;line-height: 3rem;color: var(--dark-grey3);font-size: 22px;font-style: normal;letter-spacing: normal;text-align: start;text-indent: 0px;text-transform: none\">Informa\u00e7\u00f5es t\u00e9cnicas<\/h4>\n<p><span style=\"margin: 0px;padding: 0px;font-weight: 450;font-size: 14px;line-height: 21px;color: var(--dark-grey2);font-family: Lato, sans-serif;font-style: normal;letter-spacing: normal;text-align: start;text-indent: 0px;text-transform: none\">Produto: Cesto de Roupas<br \/>\nMarca: Sanremo<br \/>\nMaterial: Pl\u00e1stico<br \/>\nCor: Branco<br \/>\nCapacidade: 46,4L<br \/>\nItens Inclusos: 1 Cesto de Roupas<br \/>\nDimens\u00f5es do produto (A x L x P): 57,6 X 55,5 X 35cm<br \/>\n<\/span><\/p>\n","protected":false},"featured_media":8166,"template":"","meta":{"_joinchat":[]},"product_brand":[],"product_cat":[153],"product_tag":[],"class_list":{"0":"post-8086","1":"product","2":"type-product","3":"status-publish","4":"has-post-thumbnail","6":"product_cat-eletronica-e-cia","8":"first","9":"outofstock","10":"shipping-taxable","11":"product-type-simple"},"_links":{"self":[{"href":"https:\/\/www.multicasa.com.br\/inicio\/wp-json\/wp\/v2\/product\/8086","targetHints":{"allow":["GET"]}}],"collection":[{"href":"https:\/\/www.multicasa.com.br\/inicio\/wp-json\/wp\/v2\/product"}],"about":[{"href":"https:\/\/www.multicasa.com.br\/inicio\/wp-json\/wp\/v2\/types\/product"}],"wp:featuredmedia":[{"embeddable":true,"href":"https:\/\/www.multicasa.com.br\/inicio\/wp-json\/wp\/v2\/media\/8166"}],"wp:attachment":[{"href":"https:\/\/www.multicasa.com.br\/inicio\/wp-json\/wp\/v2\/media?parent=8086"}],"wp:term":[{"taxonomy":"product_brand","embeddable":true,"href":"https:\/\/www.multicasa.com.br\/inicio\/wp-json\/wp\/v2\/product_brand?post=8086"},{"taxonomy":"product_cat","embeddable":true,"href":"https:\/\/www.multicasa.com.br\/inicio\/wp-json\/wp\/v2\/product_cat?post=8086"},{"taxonomy":"product_tag","embeddable":true,"href":"https:\/\/www.multicasa.com.br\/inicio\/wp-json\/wp\/v2\/product_tag?post=8086"}],"curies":[{"name":"wp","href":"https:\/\/api.w.org\/{rel}","templated":true}]}}