{"id":8115,"date":"2025-06-20T17:29:32","date_gmt":"2025-06-20T21:29:32","guid":{"rendered":"https:\/\/www.multicasa.com.br\/inicio\/?post_type=product&#038;p=8115"},"modified":"2025-08-17T19:10:05","modified_gmt":"2025-08-17T23:10:05","slug":"chave-combinada-aco-16mm-tramontina","status":"publish","type":"product","link":"https:\/\/www.multicasa.com.br\/inicio\/produto\/chave-combinada-aco-16mm-tramontina\/","title":{"rendered":"Chave Combinada A\u00e7o 16mm Tramontina"},"content":{"rendered":"<p>A Chave Combinada A\u00e7o 16mm Tramontina \u00e9 perfeita para trabalhos em casa, ela \u00e9 ideal para apertar e afrouxar porcas e parafusos. Resistente e dur\u00e1vel, \u00e9 feita de a\u00e7o especial temperado com acabamento cromado, possui duas configura\u00e7\u00f5es: de um lado chave fixa e do outro chave estrela. N\u00e3o pode faltar no seu kit de ferramentas!<\/p>\n","protected":false},"excerpt":{"rendered":"<h4 style=\"margin: 0px;padding: 0px 0px 16px;font-family: Lato, sans-serif;font-weight: bold;line-height: 3rem;color: var(--dark-grey3);font-size: 22px;font-style: normal;letter-spacing: normal;text-align: start;text-indent: 0px;text-transform: none\">Informa\u00e7\u00f5es t\u00e9cnicas<\/h4>\n<p><span style=\"margin: 0px;padding: 0px;font-weight: 450;font-size: 14px;line-height: 21px;color: var(--dark-grey2);font-family: Lato, sans-serif;font-style: normal;letter-spacing: normal;text-align: start;text-indent: 0px;text-transform: none\">Produto: Chave Combinada<br \/>\nMarca: Tramontina<br \/>\nMaterial: A\u00e7o especial e temperado<br \/>\nAcabamento: Cromado                                                                                                                                                      Caracter\u00edsticas: abertura das bocas calibradas, pesco\u00e7o curto<br \/>\nItens Inclusos: 1 Chave Combinada<br \/>\nDi\u00e2metro do produto: 16mm                                                                                                                                              Dimens\u00f5es do produto (A x L x P): 19,5 x 3,65 x 1,1cm                                                                                                        Peso: 0,12kg<\/span><\/p>\n","protected":false},"featured_media":8192,"template":"","meta":{"_joinchat":[]},"product_brand":[],"product_cat":[137],"product_tag":[],"class_list":{"0":"post-8115","1":"product","2":"type-product","3":"status-publish","4":"has-post-thumbnail","6":"product_cat-ferramentas-manuais","8":"first","9":"outofstock","10":"shipping-taxable","11":"purchasable","12":"product-type-simple"},"_links":{"self":[{"href":"https:\/\/www.multicasa.com.br\/inicio\/wp-json\/wp\/v2\/product\/8115","targetHints":{"allow":["GET"]}}],"collection":[{"href":"https:\/\/www.multicasa.com.br\/inicio\/wp-json\/wp\/v2\/product"}],"about":[{"href":"https:\/\/www.multicasa.com.br\/inicio\/wp-json\/wp\/v2\/types\/product"}],"wp:featuredmedia":[{"embeddable":true,"href":"https:\/\/www.multicasa.com.br\/inicio\/wp-json\/wp\/v2\/media\/8192"}],"wp:attachment":[{"href":"https:\/\/www.multicasa.com.br\/inicio\/wp-json\/wp\/v2\/media?parent=8115"}],"wp:term":[{"taxonomy":"product_brand","embeddable":true,"href":"https:\/\/www.multicasa.com.br\/inicio\/wp-json\/wp\/v2\/product_brand?post=8115"},{"taxonomy":"product_cat","embeddable":true,"href":"https:\/\/www.multicasa.com.br\/inicio\/wp-json\/wp\/v2\/product_cat?post=8115"},{"taxonomy":"product_tag","embeddable":true,"href":"https:\/\/www.multicasa.com.br\/inicio\/wp-json\/wp\/v2\/product_tag?post=8115"}],"curies":[{"name":"wp","href":"https:\/\/api.w.org\/{rel}","templated":true}]}}