{"id":8119,"date":"2025-06-20T17:29:32","date_gmt":"2025-06-20T21:29:32","guid":{"rendered":"https:\/\/www.multicasa.com.br\/inicio\/?post_type=product&#038;p=8119"},"modified":"2025-12-16T18:27:20","modified_gmt":"2025-12-16T22:27:20","slug":"chave-seletora-full-hd-hdmi-3-entradas-e-1-saida-bnk","status":"publish","type":"product","link":"https:\/\/www.multicasa.com.br\/inicio\/produto\/chave-seletora-full-hd-hdmi-3-entradas-e-1-saida-bnk\/","title":{"rendered":"Chave Seletora Full HD HDMI 3 Entradas e 1 Sa\u00edda BNK"},"content":{"rendered":"<p>Com a Chave Seletora Full HD HDMI 3 Entradas e 1 Sa\u00edda BNK voc\u00ea evita problemas de ligar e desligar aparelhos HDMI do televisor. O switch HDMI \u00e9 compat\u00edvel com DVD, receiver de TV a cabo, v\u00eddeogames, computadores, c\u00e2meras de v\u00eddeo e retroprojetores, onde \u00e9 poss\u00edvel ligar at\u00e9 3 equipamentos HDMI em uma \u00fanica porta do televisor. Sua resolu\u00e7\u00e3o HDTV \u00e9 de 1920&#215;1200.<\/p>\n","protected":false},"excerpt":{"rendered":"<h4 style=\"margin: 0px;padding: 0px 0px 16px;font-family: Lato, sans-serif;font-weight: bold;line-height: 3rem;color: var(--dark-grey3);font-size: 22px;font-style: normal;letter-spacing: normal;text-align: start;text-indent: 0px;text-transform: none\">Informa\u00e7\u00f5es t\u00e9cnicas<\/h4>\n<p><span style=\"margin: 0px;padding: 0px;font-weight: 450;font-size: 14px;line-height: 21px;color: var(--dark-grey2);font-family: Lato, sans-serif;font-style: normal;letter-spacing: normal;text-align: start;text-indent: 0px;text-transform: none\">Produto: Chave seletora<br \/>\nMarca: BNK<br \/>\nCor: Preto<br \/>\nCaracter\u00edsticas: 3 sa\u00eddas HDMI<br \/>\n1 entrada HDMI<br \/>\nResolu\u00e7\u00e3o HDTV 1920 X 1200<br \/>\nItens inclusos: 1 Chave seletora<br \/>\nDimens\u00f5es do produto (A X L X P): 1 x 6 x 6cm<\/span><\/p>\n","protected":false},"featured_media":8199,"template":"","meta":{"_joinchat":[]},"product_brand":[],"product_cat":[150],"product_tag":[],"class_list":{"0":"post-8119","1":"product","2":"type-product","3":"status-publish","4":"has-post-thumbnail","6":"product_cat-antenas-e-cia","8":"first","9":"outofstock","10":"shipping-taxable","11":"purchasable","12":"product-type-simple"},"_links":{"self":[{"href":"https:\/\/www.multicasa.com.br\/inicio\/wp-json\/wp\/v2\/product\/8119","targetHints":{"allow":["GET"]}}],"collection":[{"href":"https:\/\/www.multicasa.com.br\/inicio\/wp-json\/wp\/v2\/product"}],"about":[{"href":"https:\/\/www.multicasa.com.br\/inicio\/wp-json\/wp\/v2\/types\/product"}],"wp:featuredmedia":[{"embeddable":true,"href":"https:\/\/www.multicasa.com.br\/inicio\/wp-json\/wp\/v2\/media\/8199"}],"wp:attachment":[{"href":"https:\/\/www.multicasa.com.br\/inicio\/wp-json\/wp\/v2\/media?parent=8119"}],"wp:term":[{"taxonomy":"product_brand","embeddable":true,"href":"https:\/\/www.multicasa.com.br\/inicio\/wp-json\/wp\/v2\/product_brand?post=8119"},{"taxonomy":"product_cat","embeddable":true,"href":"https:\/\/www.multicasa.com.br\/inicio\/wp-json\/wp\/v2\/product_cat?post=8119"},{"taxonomy":"product_tag","embeddable":true,"href":"https:\/\/www.multicasa.com.br\/inicio\/wp-json\/wp\/v2\/product_tag?post=8119"}],"curies":[{"name":"wp","href":"https:\/\/api.w.org\/{rel}","templated":true}]}}