{"id":8125,"date":"2025-06-20T17:29:33","date_gmt":"2025-06-20T21:29:33","guid":{"rendered":"https:\/\/www.multicasa.com.br\/inicio\/?post_type=product&#038;p=8125"},"modified":"2025-08-17T18:57:48","modified_gmt":"2025-08-17T22:57:48","slug":"chuveiro-ducha-bello-banho-3-temperaturas-lorenzetti-4600w-220v","status":"publish","type":"product","link":"https:\/\/www.multicasa.com.br\/inicio\/produto\/chuveiro-ducha-bello-banho-3-temperaturas-lorenzetti-4600w-220v\/","title":{"rendered":"Chuveiro Ducha Bello Banho 3 Temperaturas Lorenzetti 4600W &#8211; 220V"},"content":{"rendered":"<p>Chegar em casa, depois de um dia cansativo de trabalho, e tomar um banho relaxante \u00e9 tudo o que voc\u00ea precisa. O Chuveiro Bello Banho 3 Temperaturas Lorenzetti \u00e9 ideal para te ajudar a descansar. Com cano incorporado, seu design moderno e funcional sem fia\u00e7\u00e3o aparente \u00e9 perfeito para deixar seu banheiro ainda mais organizado. Produzido em termopl\u00e1stico, tem pot\u00eancia de 220v e 4600w. Possui um espalhador de grande dimens\u00e3o com jato direto que proporciona um banho relaxante. Dispon\u00edvel na cor branca, n\u00e3o interfere na decora\u00e7\u00e3o do seu banheiro bem como nas cores de azulejos.<\/p>\n","protected":false},"excerpt":{"rendered":"<h4 style=\"margin: 0px;padding: 0px 0px 16px;font-family: Lato, sans-serif;font-weight: bold;line-height: 3rem;color: var(--dark-grey3);font-size: 22px;font-style: normal;letter-spacing: normal;text-align: start;text-indent: 0px;text-transform: none\">Informa\u00e7\u00f5es t\u00e9cnicas<\/h4>\n<p><span style=\"margin: 0px;padding: 0px;font-weight: 450;font-size: 14px;line-height: 21px;color: var(--dark-grey2);font-family: Lato, sans-serif;font-style: normal;letter-spacing: normal;text-align: start;text-indent: 0px;text-transform: none\">Produto: Chuveiro<br \/>\nMarca: Lorenzetti<br \/>\nModelo: Bello Banho<br \/>\nMaterial: Termopl\u00e1stico<br \/>\nCor: Branco<br \/>\nPot\u00eancia: 4600w<br \/>\nTens\u00e3o el\u00e9trica: 220v<br \/>\nCaracter\u00edsticas: 3 Temperaturas; espalhador de jato direto; cano incorporado<br \/>\nItens Inclusos: 1 Chuveiro<br \/>\nDimens\u00f5es do produto (A x L x P): 14 x 43 x 13cm<\/span><\/p>\n","protected":false},"featured_media":8209,"template":"","meta":{"_joinchat":[]},"product_brand":[],"product_cat":[71],"product_tag":[],"class_list":{"0":"post-8125","1":"product","2":"type-product","3":"status-publish","4":"has-post-thumbnail","6":"product_cat-chuveiros","8":"first","9":"outofstock","10":"shipping-taxable","11":"purchasable","12":"product-type-simple"},"_links":{"self":[{"href":"https:\/\/www.multicasa.com.br\/inicio\/wp-json\/wp\/v2\/product\/8125","targetHints":{"allow":["GET"]}}],"collection":[{"href":"https:\/\/www.multicasa.com.br\/inicio\/wp-json\/wp\/v2\/product"}],"about":[{"href":"https:\/\/www.multicasa.com.br\/inicio\/wp-json\/wp\/v2\/types\/product"}],"wp:featuredmedia":[{"embeddable":true,"href":"https:\/\/www.multicasa.com.br\/inicio\/wp-json\/wp\/v2\/media\/8209"}],"wp:attachment":[{"href":"https:\/\/www.multicasa.com.br\/inicio\/wp-json\/wp\/v2\/media?parent=8125"}],"wp:term":[{"taxonomy":"product_brand","embeddable":true,"href":"https:\/\/www.multicasa.com.br\/inicio\/wp-json\/wp\/v2\/product_brand?post=8125"},{"taxonomy":"product_cat","embeddable":true,"href":"https:\/\/www.multicasa.com.br\/inicio\/wp-json\/wp\/v2\/product_cat?post=8125"},{"taxonomy":"product_tag","embeddable":true,"href":"https:\/\/www.multicasa.com.br\/inicio\/wp-json\/wp\/v2\/product_tag?post=8125"}],"curies":[{"name":"wp","href":"https:\/\/api.w.org\/{rel}","templated":true}]}}