{"id":8151,"date":"2025-06-20T17:29:54","date_gmt":"2025-06-20T21:29:54","guid":{"rendered":"https:\/\/www.multicasa.com.br\/inicio\/?post_type=product&#038;p=8151"},"modified":"2025-12-16T18:10:14","modified_gmt":"2025-12-16T22:10:14","slug":"cola-de-madeira-pulvitec-250g","status":"publish","type":"product","link":"https:\/\/www.multicasa.com.br\/inicio\/produto\/cola-de-madeira-pulvitec-250g\/","title":{"rendered":"Cola de Madeira Pulvitec 250g"},"content":{"rendered":"<p>A cola de madeira Pulvitec foi desenvolvida para colagem de m\u00f3veis, compensados e aglomerados. A Poly Cola pode ser usado em atividades de marcenaria, reparos dom\u00e9sticos e fixa\u00e7\u00e3o em superf\u00edcies distintas como gesso, vidro, pedras, cer\u00e2micas e mais.<\/p>\n","protected":false},"excerpt":{"rendered":"<h4 style=\"margin: 0px;padding: 0px 0px 16px;font-family: Lato, sans-serif;font-weight: bold;line-height: 3rem;color: var(--dark-grey3);font-size: 22px;font-style: normal;letter-spacing: normal;text-align: start;text-indent: 0px;text-transform: none\">Informa\u00e7\u00f5es t\u00e9cnicas<\/h4>\n<p><span style=\"margin: 0px;padding: 0px;font-weight: 450;font-size: 14px;line-height: 21px;color: var(--dark-grey2);font-family: Lato, sans-serif;font-style: normal;letter-spacing: normal;text-align: start;text-indent: 0px;text-transform: none\">Produto: Cola de Madeira<br \/>\nMarca: Pulvitec<br \/>\nCor: Amarelo<br \/>\nConte\u00fado: 250g<br \/>\nCaracter\u00edsticas: Sol\u00favel em \u00e1gua<br \/>\nViscoso<br \/>\nCola e repara<br \/>\nItens inclusos: 1 Cola de Madeira<br \/>\n<\/span><\/p>\n","protected":false},"featured_media":8223,"template":"","meta":{"_joinchat":[]},"product_brand":[],"product_cat":[143],"product_tag":[],"class_list":{"0":"post-8151","1":"product","2":"type-product","3":"status-publish","4":"has-post-thumbnail","6":"product_cat-tintas-e-cia","8":"first","9":"outofstock","10":"shipping-taxable","11":"purchasable","12":"product-type-simple"},"_links":{"self":[{"href":"https:\/\/www.multicasa.com.br\/inicio\/wp-json\/wp\/v2\/product\/8151","targetHints":{"allow":["GET"]}}],"collection":[{"href":"https:\/\/www.multicasa.com.br\/inicio\/wp-json\/wp\/v2\/product"}],"about":[{"href":"https:\/\/www.multicasa.com.br\/inicio\/wp-json\/wp\/v2\/types\/product"}],"wp:featuredmedia":[{"embeddable":true,"href":"https:\/\/www.multicasa.com.br\/inicio\/wp-json\/wp\/v2\/media\/8223"}],"wp:attachment":[{"href":"https:\/\/www.multicasa.com.br\/inicio\/wp-json\/wp\/v2\/media?parent=8151"}],"wp:term":[{"taxonomy":"product_brand","embeddable":true,"href":"https:\/\/www.multicasa.com.br\/inicio\/wp-json\/wp\/v2\/product_brand?post=8151"},{"taxonomy":"product_cat","embeddable":true,"href":"https:\/\/www.multicasa.com.br\/inicio\/wp-json\/wp\/v2\/product_cat?post=8151"},{"taxonomy":"product_tag","embeddable":true,"href":"https:\/\/www.multicasa.com.br\/inicio\/wp-json\/wp\/v2\/product_tag?post=8151"}],"curies":[{"name":"wp","href":"https:\/\/api.w.org\/{rel}","templated":true}]}}