{"id":8155,"date":"2025-06-20T17:29:55","date_gmt":"2025-06-20T21:29:55","guid":{"rendered":"https:\/\/www.multicasa.com.br\/inicio\/?post_type=product&#038;p=8155"},"modified":"2025-08-17T18:58:32","modified_gmt":"2025-08-17T22:58:32","slug":"conversor-e-gravador-digital-para-tv-hd-pix","status":"publish","type":"product","link":"https:\/\/www.multicasa.com.br\/inicio\/produto\/conversor-e-gravador-digital-para-tv-hd-pix\/","title":{"rendered":"Conversor e Gravador Digital para Tv HD Pix"},"content":{"rendered":"<p>Use o conversor e gravador digital para TV HD Pix para graver seus programas favoritos diretamente dos canais abertos da TV digital. O aparelho conversor e gravador tem base magn\u00e9tica, cabo HDMI de 0,9cm e filtro de frequ\u00eancias 4G para evitar interfer\u00eancias. Al\u00e9m disso, possibilida ajuste de legendas closed caption em diversos idiomas e guia de programa\u00e7\u00e3o eletr\u00f4nico. Ideal para voc\u00ea graver e assistir sua programa\u00e7\u00e3o favorita em qualquer hora e qualquer lugar apenas plugando um pendrive ou HD externo na porta USB.<\/p>\n","protected":false},"excerpt":{"rendered":"<h4 style=\"margin: 0px;padding: 0px 0px 16px;font-family: Lato, sans-serif;font-weight: bold;line-height: 3rem;color: var(--dark-grey3);font-size: 22px;font-style: normal;letter-spacing: normal;text-align: start;text-indent: 0px;text-transform: none\">Informa\u00e7\u00f5es t\u00e9cnicas<\/h4>\n<p><span style=\"margin: 0px;padding: 0px;font-weight: 450;font-size: 14px;line-height: 21px;color: var(--dark-grey2);font-family: Lato, sans-serif;font-style: normal;letter-spacing: normal;text-align: start;text-indent: 0px;text-transform: none\">Produto: Conversor e Gravador<br \/>\nMarca: Pix<br \/>\nMaterial: Base com im\u00e3<br \/>\nCor: Preto<br \/>\nPot\u00eancia: DC 5V<br \/>\nTens\u00e3o el\u00e9trica: 100v &#8211; 240v<br \/>\nFrequ\u00eancia: 50\/60HZ<br \/>\nCaracter\u00edsticas: Consumo m\u00e1ximo 6w<br \/>\nConsumo em standby 0,7w<br \/>\nCabo hdmi 0,90cm<br \/>\nPot\u00eancia do sinal de entrada: -20~-81dbm &#8220;recep\u00e7\u00e3o de sinal 360\u00b0&#8221;<br \/>\nAlta resolu\u00e7\u00e3o: at\u00e9 1080p |hdtv | sdtv| mpeg-2 | mpeg-4 | decodificador h.264<br \/>\nDesenvolvido com o padr\u00e3o de recep\u00e7\u00e3o de tv digital isdb-t<br \/>\nFiltro de frequ\u00eancias 4g para evitar interfer\u00eancias<br \/>\nHdtv, sdtv e suporte \u00e0 decodifica\u00e7\u00e3o mpeg-2 e mpeg-4 h.264<br \/>\nCompat\u00edvel com as resolu\u00e7\u00f5es 480i, 480p, 576i, 576p, 720p, 1080i e 1080p<br \/>\nSa\u00edda hdmi para imagem de alta defini\u00e7\u00e3o<br \/>\nSuporte \u00e0 legendas closed caption em m\u00faltiplos idiomas<br \/>\nSuporte \u00e0 guia de programa\u00e7\u00e3o eletr\u00f4nico<br \/>\nEdi\u00e7\u00e3o de canais com personaliza\u00e7\u00e3o e favoritos<br \/>\nOp\u00e7\u00e3o de sele\u00e7\u00e3o de formato (4:3, 16:9) 4:3 pan &amp; scan e letter box<br \/>\nPorta usb2.0 e player de multim\u00eddia: mp3, avi, dat, mkv, mp4, mpg, vob, bmp, jpg<br \/>\nSuporte \u00e0 atualiza\u00e7\u00e3o de software via usb<br \/>\nSuporte \u00e0 pvr via usb para grava\u00e7\u00e3o externa da programa\u00e7\u00e3o da tv<br \/>\nQuantidade de pe\u00e7as: 6<br \/>\nItens inclusos: 1 Conversor e Gravador<br \/>\n1 controle remoto<br \/>\n1 cabo 3rca+3rca<br \/>\n2 pilhas AAA<br \/>\n1 fonte de alimenta\u00e7\u00e3o<br \/>\nDimens\u00f5es do produto (A X L X P): 2,4 x 11,8 x 11,8cm<\/span><\/p>\n","protected":false},"featured_media":8231,"template":"","meta":{"_joinchat":[]},"product_brand":[],"product_cat":[150],"product_tag":[],"class_list":{"0":"post-8155","1":"product","2":"type-product","3":"status-publish","4":"has-post-thumbnail","6":"product_cat-antenas-e-cia","8":"first","9":"outofstock","10":"shipping-taxable","11":"purchasable","12":"product-type-simple"},"_links":{"self":[{"href":"https:\/\/www.multicasa.com.br\/inicio\/wp-json\/wp\/v2\/product\/8155","targetHints":{"allow":["GET"]}}],"collection":[{"href":"https:\/\/www.multicasa.com.br\/inicio\/wp-json\/wp\/v2\/product"}],"about":[{"href":"https:\/\/www.multicasa.com.br\/inicio\/wp-json\/wp\/v2\/types\/product"}],"wp:featuredmedia":[{"embeddable":true,"href":"https:\/\/www.multicasa.com.br\/inicio\/wp-json\/wp\/v2\/media\/8231"}],"wp:attachment":[{"href":"https:\/\/www.multicasa.com.br\/inicio\/wp-json\/wp\/v2\/media?parent=8155"}],"wp:term":[{"taxonomy":"product_brand","embeddable":true,"href":"https:\/\/www.multicasa.com.br\/inicio\/wp-json\/wp\/v2\/product_brand?post=8155"},{"taxonomy":"product_cat","embeddable":true,"href":"https:\/\/www.multicasa.com.br\/inicio\/wp-json\/wp\/v2\/product_cat?post=8155"},{"taxonomy":"product_tag","embeddable":true,"href":"https:\/\/www.multicasa.com.br\/inicio\/wp-json\/wp\/v2\/product_tag?post=8155"}],"curies":[{"name":"wp","href":"https:\/\/api.w.org\/{rel}","templated":true}]}}