{"id":8157,"date":"2025-06-20T17:29:55","date_gmt":"2025-06-20T21:29:55","guid":{"rendered":"https:\/\/www.multicasa.com.br\/inicio\/?post_type=product&#038;p=8157"},"modified":"2026-04-23T11:50:09","modified_gmt":"2026-04-23T15:50:09","slug":"convertedor-de-ferrugem-tapmatic-100ml","status":"publish","type":"product","link":"https:\/\/www.multicasa.com.br\/inicio\/produto\/convertedor-de-ferrugem-tapmatic-100ml\/","title":{"rendered":"Convertedor de Ferrugem Tapmatic 100ml"},"content":{"rendered":"<p>Use o convertedor de ferrugem Tapmatic em estruturas met\u00e1licas, port\u00f5es, escadas e cercas. \u00c9 ideal para ser utilizado antes de receber o acabamento de tintas \u00e0 base de esmalte, sint\u00e9ticas, ep\u00f3xi ou PU. O convertedor de ferrugem cria uma prote\u00e7\u00e3o acr\u00edlica e substitui o jateamento ou lixamento na remo\u00e7\u00e3o de ferrugem em grandes \u00e1reas ou \u00e1reas de risco.<\/p>\n","protected":false},"excerpt":{"rendered":"<h4 style=\"margin: 0px;padding: 0px 0px 16px;font-family: Lato, sans-serif;font-weight: bold;line-height: 3rem;color: var(--dark-grey3);font-size: 22px;font-style: normal;letter-spacing: normal;text-align: start;text-indent: 0px;text-transform: none\">Informa\u00e7\u00f5es t\u00e9cnicas<\/h4>\n<p><span style=\"margin: 0px;padding: 0px;font-weight: 450;font-size: 14px;line-height: 21px;color: var(--dark-grey2);font-family: Lato, sans-serif;font-style: normal;letter-spacing: normal;text-align: start;text-indent: 0px;text-transform: none\">Produto: Convertedor de Ferrugem<br \/>\nMarca: Tapmatic<br \/>\nConte\u00fado: 100ml<br \/>\nCaracter\u00edsticas: Prote\u00e7\u00e3o acr\u00edlica<br \/>\nResistente a corros\u00e3o<br \/>\nAdes\u00e3o ao fundo met\u00e1lico e a tinta de acabamento<br \/>\nAplicado como tinta diretamente sobre a ferrugem<br \/>\nDescarta o uso de outros fundos<br \/>\nAp\u00f3s o tempo de convers\u00e3o total da ferrugem, a superf\u00edcie est\u00e1 pronta para receber tinta a base de esmalte<br \/>\nSubstitui o jateamento ou lixamento na remo\u00e7\u00e3o de ferrugem em grandes \u00e1reas ou em \u00e1rea de risco<br \/>\nItens Inclusos: 1 Convertedor de ferrugem<br \/>\n<\/span><\/p>\n","protected":false},"featured_media":8237,"template":"","meta":{"_joinchat":[]},"product_brand":[],"product_cat":[155],"product_tag":[],"class_list":{"0":"post-8157","1":"product","2":"type-product","3":"status-publish","4":"has-post-thumbnail","6":"product_cat-impermeabilizantes-e-cia","8":"first","9":"outofstock","10":"shipping-taxable","11":"purchasable","12":"product-type-simple"},"_links":{"self":[{"href":"https:\/\/www.multicasa.com.br\/inicio\/wp-json\/wp\/v2\/product\/8157","targetHints":{"allow":["GET"]}}],"collection":[{"href":"https:\/\/www.multicasa.com.br\/inicio\/wp-json\/wp\/v2\/product"}],"about":[{"href":"https:\/\/www.multicasa.com.br\/inicio\/wp-json\/wp\/v2\/types\/product"}],"wp:featuredmedia":[{"embeddable":true,"href":"https:\/\/www.multicasa.com.br\/inicio\/wp-json\/wp\/v2\/media\/8237"}],"wp:attachment":[{"href":"https:\/\/www.multicasa.com.br\/inicio\/wp-json\/wp\/v2\/media?parent=8157"}],"wp:term":[{"taxonomy":"product_brand","embeddable":true,"href":"https:\/\/www.multicasa.com.br\/inicio\/wp-json\/wp\/v2\/product_brand?post=8157"},{"taxonomy":"product_cat","embeddable":true,"href":"https:\/\/www.multicasa.com.br\/inicio\/wp-json\/wp\/v2\/product_cat?post=8157"},{"taxonomy":"product_tag","embeddable":true,"href":"https:\/\/www.multicasa.com.br\/inicio\/wp-json\/wp\/v2\/product_tag?post=8157"}],"curies":[{"name":"wp","href":"https:\/\/api.w.org\/{rel}","templated":true}]}}