{"id":8181,"date":"2025-06-20T17:30:16","date_gmt":"2025-06-20T21:30:16","guid":{"rendered":"https:\/\/www.multicasa.com.br\/inicio\/?post_type=product&#038;p=8181"},"modified":"2025-12-16T18:22:22","modified_gmt":"2025-12-16T22:22:22","slug":"corrente-para-caixa-acoplada-com-fixador-astra","status":"publish","type":"product","link":"https:\/\/www.multicasa.com.br\/inicio\/produto\/corrente-para-caixa-acoplada-com-fixador-astra\/","title":{"rendered":"Corrente para Caixa Acoplada com Fixador Astra"},"content":{"rendered":"<p>Mantenha seu banheiro em perfeito estado, fazendo as manuten\u00e7\u00f5es do dia-a-dia. A corrente para caixa acolplada da Astra j\u00e1 vem com fixador de mecanismos. Compat\u00edvel com as marcas Ideal Standart, Incepa, Icasa, Celite, Hervy, Deca, Logasa, Elizabeth e Monte Carlo, mede 36 cm.<\/p>\n","protected":false},"excerpt":{"rendered":"<h4 style=\"margin: 0px;padding: 0px 0px 16px;font-family: Lato, sans-serif;font-weight: bold;line-height: 3rem;color: var(--dark-grey3);font-size: 22px;font-style: normal;letter-spacing: normal;text-align: start;text-indent: 0px;text-transform: none\">Informa\u00e7\u00f5es t\u00e9cnicas<\/h4>\n<p><span style=\"margin: 0px;padding: 0px;font-weight: 450;font-size: 14px;line-height: 21px;color: var(--dark-grey2);font-family: Lato, sans-serif;font-style: normal;letter-spacing: normal;text-align: start;text-indent: 0px;text-transform: none\">Produto: Corrente caixa acoplada<br \/>\nMarca: Astra<br \/>\nMaterial: Pl\u00e1stico<br \/>\nAlum\u00ednio<br \/>\nCor: Prata, dourado<br \/>\nItens Inclusos: 1 Corrente caixa acoplada<br \/>\nDimens\u00f5es do produto (C): 36cm<br \/>\n<\/span><\/p>\n","protected":false},"featured_media":8240,"template":"","meta":{"_joinchat":[]},"product_brand":[],"product_cat":[74],"product_tag":[],"class_list":{"0":"post-8181","1":"product","2":"type-product","3":"status-publish","4":"has-post-thumbnail","6":"product_cat-reparos-hidraulicos","8":"first","9":"outofstock","10":"shipping-taxable","11":"product-type-simple"},"_links":{"self":[{"href":"https:\/\/www.multicasa.com.br\/inicio\/wp-json\/wp\/v2\/product\/8181","targetHints":{"allow":["GET"]}}],"collection":[{"href":"https:\/\/www.multicasa.com.br\/inicio\/wp-json\/wp\/v2\/product"}],"about":[{"href":"https:\/\/www.multicasa.com.br\/inicio\/wp-json\/wp\/v2\/types\/product"}],"wp:featuredmedia":[{"embeddable":true,"href":"https:\/\/www.multicasa.com.br\/inicio\/wp-json\/wp\/v2\/media\/8240"}],"wp:attachment":[{"href":"https:\/\/www.multicasa.com.br\/inicio\/wp-json\/wp\/v2\/media?parent=8181"}],"wp:term":[{"taxonomy":"product_brand","embeddable":true,"href":"https:\/\/www.multicasa.com.br\/inicio\/wp-json\/wp\/v2\/product_brand?post=8181"},{"taxonomy":"product_cat","embeddable":true,"href":"https:\/\/www.multicasa.com.br\/inicio\/wp-json\/wp\/v2\/product_cat?post=8181"},{"taxonomy":"product_tag","embeddable":true,"href":"https:\/\/www.multicasa.com.br\/inicio\/wp-json\/wp\/v2\/product_tag?post=8181"}],"curies":[{"name":"wp","href":"https:\/\/api.w.org\/{rel}","templated":true}]}}