{"id":8185,"date":"2025-06-20T17:30:16","date_gmt":"2025-06-20T21:30:16","guid":{"rendered":"https:\/\/www.multicasa.com.br\/inicio\/?post_type=product&#038;p=8185"},"modified":"2025-06-20T17:31:04","modified_gmt":"2025-06-20T21:31:04","slug":"cortina-de-vinil-para-box-com-estampa-de-coruja-plast-leo-2-x-135-m","status":"publish","type":"product","link":"https:\/\/www.multicasa.com.br\/inicio\/produto\/cortina-de-vinil-para-box-com-estampa-de-coruja-plast-leo-2-x-135-m\/","title":{"rendered":"Cortina de Vinil para Box com Estampa de Coruja Plast Leo 2 x 1,35 m"},"content":{"rendered":"<p>A cortina para box com estampa de coruja da Plast Leo deixa o banheiro sequinho e fofo ao mesmo tempo. Feita de vinil, vem com ilh\u00f3s e ganchos para prender, al\u00e9m de possuir uma viseira transparente que permite total visualiza\u00e7\u00e3o do espa\u00e7o. Retangular, mede 2 x 1, 35 m, tem barra na cor bege e excelente durabilidade.<\/p>\n","protected":false},"excerpt":{"rendered":"<h4 style=\"margin: 0px;padding: 0px 0px 16px;font-family: Lato, sans-serif;font-weight: bold;line-height: 3rem;color: var(--dark-grey3);font-size: 22px;font-style: normal;letter-spacing: normal;text-align: start;text-indent: 0px;text-transform: none\">Informa\u00e7\u00f5es t\u00e9cnicas<\/h4>\n<p><span style=\"margin: 0px;padding: 0px;font-weight: 450;font-size: 14px;line-height: 21px;color: var(--dark-grey2);font-family: Lato, sans-serif;font-style: normal;letter-spacing: normal;text-align: start;text-indent: 0px;text-transform: none\">Produto: Cortina para box<br \/>\nMarca: Plast Leo<br \/>\nMaterial: Vinil<br \/>\nCor: Incolor e bege<br \/>\nCaracter\u00edsticas: Transparente na parte de cima<br \/>\nPossui estampa de coruja na regi\u00e3o superior<br \/>\nPresa por 6 ilh\u00f3ses<br \/>\nQuantidade de pe\u00e7as: 11<br \/>\nItens inclusos: 1 Cortina para box<br \/>\n10 ganchos de pl\u00e1stico<br \/>\nDimens\u00f5es do produto (A X L): 2 x 1,35m<br \/>\n<\/span><\/p>\n","protected":false},"featured_media":8258,"template":"","meta":{"_joinchat":[]},"product_brand":[],"product_cat":[69],"product_tag":[],"class_list":{"0":"post-8185","1":"product","2":"type-product","3":"status-publish","4":"has-post-thumbnail","6":"product_cat-acessorios-para-banheiro","8":"first","9":"outofstock","10":"shipping-taxable","11":"product-type-simple"},"_links":{"self":[{"href":"https:\/\/www.multicasa.com.br\/inicio\/wp-json\/wp\/v2\/product\/8185","targetHints":{"allow":["GET"]}}],"collection":[{"href":"https:\/\/www.multicasa.com.br\/inicio\/wp-json\/wp\/v2\/product"}],"about":[{"href":"https:\/\/www.multicasa.com.br\/inicio\/wp-json\/wp\/v2\/types\/product"}],"wp:featuredmedia":[{"embeddable":true,"href":"https:\/\/www.multicasa.com.br\/inicio\/wp-json\/wp\/v2\/media\/8258"}],"wp:attachment":[{"href":"https:\/\/www.multicasa.com.br\/inicio\/wp-json\/wp\/v2\/media?parent=8185"}],"wp:term":[{"taxonomy":"product_brand","embeddable":true,"href":"https:\/\/www.multicasa.com.br\/inicio\/wp-json\/wp\/v2\/product_brand?post=8185"},{"taxonomy":"product_cat","embeddable":true,"href":"https:\/\/www.multicasa.com.br\/inicio\/wp-json\/wp\/v2\/product_cat?post=8185"},{"taxonomy":"product_tag","embeddable":true,"href":"https:\/\/www.multicasa.com.br\/inicio\/wp-json\/wp\/v2\/product_tag?post=8185"}],"curies":[{"name":"wp","href":"https:\/\/api.w.org\/{rel}","templated":true}]}}