{"id":8187,"date":"2025-06-20T17:30:16","date_gmt":"2025-06-20T21:30:16","guid":{"rendered":"https:\/\/www.multicasa.com.br\/inicio\/?post_type=product&#038;p=8187"},"modified":"2026-02-13T16:20:32","modified_gmt":"2026-02-13T20:20:32","slug":"desengordurante-e-desengraxante-algoo-700ml","status":"publish","type":"product","link":"https:\/\/www.multicasa.com.br\/inicio\/produto\/desengordurante-e-desengraxante-algoo-700ml\/","title":{"rendered":"Desengordurante e Desengraxante Algoo 700ml"},"content":{"rendered":"<p>Chega de dificuldades na hora da limpeza pesada. Use o Desengordurante e desengraxante da Algoo para limpar metais, concreto, borracha, sint\u00e9ticos, pl\u00e1sticos e outras superf\u00edcies resistentes \u00e0 \u00e1gua. Retira as impurezas mais dif\u00edceis de serem removidas com facilidade e deixa os seus objetos novos. Embalagem com 700ml.<\/p>\n","protected":false},"excerpt":{"rendered":"<h4 style=\"margin: 0px;padding: 0px 0px 16px;font-family: Lato, sans-serif;font-weight: bold;line-height: 3rem;color: var(--dark-grey3);font-size: 22px;font-style: normal;letter-spacing: normal;text-align: start;text-indent: 0px;text-transform: none\">Informa\u00e7\u00f5es t\u00e9cnicas<\/h4>\n<p><span style=\"margin: 0px;padding: 0px;font-weight: 450;font-size: 14px;line-height: 21px;color: var(--dark-grey2);font-family: Lato, sans-serif;font-style: normal;letter-spacing: normal;text-align: start;text-indent: 0px;text-transform: none\">Produto: Desengordurante e Desengraxante<br \/>\nMarca: Algoo<br \/>\nComposi\u00e7\u00e3o: Alcool etoxilado,<br \/>\nEter b\u00fatilico do dipropilenoglicol<br \/>\nCoadjuvante<br \/>\nTamponante e veiculo<br \/>\nConte\u00fado: 700ml<br \/>\nCaracter\u00edsticas: Produto Biodegrad\u00e1vel<br \/>\nN\u00e3o inflam\u00e1vel<br \/>\nPara limpeza pesada e sobre qualquer superf\u00edcie<br \/>\nBaixa toxidade<br \/>\nItens Inclusos: 1 desengordurante e desengraxante<br \/>\nDimens\u00f5es do produto (A x L): 27,5 x 8,5cm<br \/>\n<\/span><\/p>\n","protected":false},"featured_media":8261,"template":"","meta":{"_joinchat":[]},"product_brand":[],"product_cat":[96],"product_tag":[],"class_list":{"0":"post-8187","1":"product","2":"type-product","3":"status-publish","4":"has-post-thumbnail","6":"product_cat-limpeza-e-cia","8":"first","9":"outofstock","10":"shipping-taxable","11":"purchasable","12":"product-type-simple"},"_links":{"self":[{"href":"https:\/\/www.multicasa.com.br\/inicio\/wp-json\/wp\/v2\/product\/8187","targetHints":{"allow":["GET"]}}],"collection":[{"href":"https:\/\/www.multicasa.com.br\/inicio\/wp-json\/wp\/v2\/product"}],"about":[{"href":"https:\/\/www.multicasa.com.br\/inicio\/wp-json\/wp\/v2\/types\/product"}],"wp:featuredmedia":[{"embeddable":true,"href":"https:\/\/www.multicasa.com.br\/inicio\/wp-json\/wp\/v2\/media\/8261"}],"wp:attachment":[{"href":"https:\/\/www.multicasa.com.br\/inicio\/wp-json\/wp\/v2\/media?parent=8187"}],"wp:term":[{"taxonomy":"product_brand","embeddable":true,"href":"https:\/\/www.multicasa.com.br\/inicio\/wp-json\/wp\/v2\/product_brand?post=8187"},{"taxonomy":"product_cat","embeddable":true,"href":"https:\/\/www.multicasa.com.br\/inicio\/wp-json\/wp\/v2\/product_cat?post=8187"},{"taxonomy":"product_tag","embeddable":true,"href":"https:\/\/www.multicasa.com.br\/inicio\/wp-json\/wp\/v2\/product_tag?post=8187"}],"curies":[{"name":"wp","href":"https:\/\/api.w.org\/{rel}","templated":true}]}}