{"id":8220,"date":"2025-06-20T17:30:39","date_gmt":"2025-06-20T21:30:39","guid":{"rendered":"https:\/\/www.multicasa.com.br\/inicio\/?post_type=product&#038;p=8220"},"modified":"2025-12-16T18:10:54","modified_gmt":"2025-12-16T22:10:54","slug":"emenda-t-para-jack-f-para-cabo-coaxial-interneed","status":"publish","type":"product","link":"https:\/\/www.multicasa.com.br\/inicio\/produto\/emenda-t-para-jack-f-para-cabo-coaxial-interneed\/","title":{"rendered":"Emenda T para Jack F para Cabo Coaxial Interneed"},"content":{"rendered":"<p>A Emenda T para Jack F para Cabo Coaxial Interneed \u00e9 um produto para conectar fios de antena e aparelhos receptores como televis\u00e3o e r\u00e1dios. Produzido em n\u00edquel promove um \u00f3timo acabamento e recep\u00e7\u00e3o.<\/p>\n","protected":false},"excerpt":{"rendered":"<h4 style=\"margin: 0px;padding: 0px 0px 16px;font-family: Lato, sans-serif;font-weight: bold;line-height: 3rem;color: var(--dark-grey3);font-size: 22px;font-style: normal;letter-spacing: normal;text-align: start;text-indent: 0px;text-transform: none\">Informa\u00e7\u00f5es t\u00e9cnicas<\/h4>\n<p><span style=\"margin: 0px;padding: 0px;font-weight: 450;font-size: 14px;line-height: 21px;color: var(--dark-grey2);font-family: Lato, sans-serif;font-style: normal;letter-spacing: normal;text-align: start;text-indent: 0px;text-transform: none\">Produto: Emenda T<br \/>\nMarca: Interneed<br \/>\nMaterial: N\u00edquel<br \/>\nCor: Prata<br \/>\nCaracter\u00edsticas: F\u00eamea<br \/>\nPara pinos coaxial<br \/>\nItens inclusos: 1 Emenda F<br \/>\n<\/span><\/p>\n","protected":false},"featured_media":8275,"template":"","meta":{"_joinchat":[]},"product_brand":[],"product_cat":[130],"product_tag":[],"class_list":{"0":"post-8220","1":"product","2":"type-product","3":"status-publish","4":"has-post-thumbnail","6":"product_cat-informatica","8":"first","9":"outofstock","10":"shipping-taxable","11":"purchasable","12":"product-type-simple"},"_links":{"self":[{"href":"https:\/\/www.multicasa.com.br\/inicio\/wp-json\/wp\/v2\/product\/8220","targetHints":{"allow":["GET"]}}],"collection":[{"href":"https:\/\/www.multicasa.com.br\/inicio\/wp-json\/wp\/v2\/product"}],"about":[{"href":"https:\/\/www.multicasa.com.br\/inicio\/wp-json\/wp\/v2\/types\/product"}],"wp:featuredmedia":[{"embeddable":true,"href":"https:\/\/www.multicasa.com.br\/inicio\/wp-json\/wp\/v2\/media\/8275"}],"wp:attachment":[{"href":"https:\/\/www.multicasa.com.br\/inicio\/wp-json\/wp\/v2\/media?parent=8220"}],"wp:term":[{"taxonomy":"product_brand","embeddable":true,"href":"https:\/\/www.multicasa.com.br\/inicio\/wp-json\/wp\/v2\/product_brand?post=8220"},{"taxonomy":"product_cat","embeddable":true,"href":"https:\/\/www.multicasa.com.br\/inicio\/wp-json\/wp\/v2\/product_cat?post=8220"},{"taxonomy":"product_tag","embeddable":true,"href":"https:\/\/www.multicasa.com.br\/inicio\/wp-json\/wp\/v2\/product_tag?post=8220"}],"curies":[{"name":"wp","href":"https:\/\/api.w.org\/{rel}","templated":true}]}}