{"id":8282,"date":"2025-06-20T17:31:24","date_gmt":"2025-06-20T21:31:24","guid":{"rendered":"https:\/\/www.multicasa.com.br\/inicio\/?post_type=product&#038;p=8282"},"modified":"2025-06-20T17:32:01","modified_gmt":"2025-06-20T21:32:01","slug":"esponja-multiuso-scotch-brite-3m-3-unidades","status":"publish","type":"product","link":"https:\/\/www.multicasa.com.br\/inicio\/produto\/esponja-multiuso-scotch-brite-3m-3-unidades\/","title":{"rendered":"Esponja Multiuso Scotch Brite 3M 3 unidades"},"content":{"rendered":"<p>Use a Esponja Multiuso Scotch Brite para remover sujeiras incrustradas e mais dif\u00edceis. S\u00e3o 3 unidades de alta durabilidade com sistema de fibras ultrafortes que permitem limpeza r\u00e1pida em superf\u00edcies de alum\u00ednio, vidro refrat\u00e1rio e assadeiras de porcelana. Ideal para voc\u00ea higienizar os utens\u00edlios da sua casa com rapidez e ter tempo de sobra para outras atividades.<\/p>\n","protected":false},"excerpt":{"rendered":"<h4 style=\"margin: 0px;padding: 0px 0px 16px;font-family: Lato, sans-serif;font-weight: bold;line-height: 3rem;color: var(--dark-grey3);font-size: 22px;font-style: normal;letter-spacing: normal;text-align: start;text-indent: 0px;text-transform: none\">Informa\u00e7\u00f5es t\u00e9cnicas<\/h4>\n<p><span style=\"margin: 0px;padding: 0px;font-weight: 450;font-size: 14px;line-height: 21px;color: var(--dark-grey2);font-family: Lato, sans-serif;font-style: normal;letter-spacing: normal;text-align: start;text-indent: 0px;text-transform: none\">Produto: Esponja Multiuso<br \/>\nMarca: 3M<br \/>\nMaterial: Espuma<br \/>\nCor: Preto<br \/>\nCaracter\u00edsticas: Dupla face, pode ser higienizada em m\u00e1quina de lavar lou\u00e7a ou com \u00e1gua quente<br \/>\nItens Inclusos: 1 Esponja de multiuso<br \/>\nDimens\u00f5es do produto (A x L x P): 11 x 7,5 x 2cm<\/span><\/p>\n","protected":false},"featured_media":8340,"template":"","meta":{"_joinchat":[]},"product_brand":[],"product_cat":[96],"product_tag":[],"class_list":{"0":"post-8282","1":"product","2":"type-product","3":"status-publish","4":"has-post-thumbnail","6":"product_cat-limpeza-e-cia","8":"first","9":"outofstock","10":"shipping-taxable","11":"product-type-simple"},"_links":{"self":[{"href":"https:\/\/www.multicasa.com.br\/inicio\/wp-json\/wp\/v2\/product\/8282","targetHints":{"allow":["GET"]}}],"collection":[{"href":"https:\/\/www.multicasa.com.br\/inicio\/wp-json\/wp\/v2\/product"}],"about":[{"href":"https:\/\/www.multicasa.com.br\/inicio\/wp-json\/wp\/v2\/types\/product"}],"wp:featuredmedia":[{"embeddable":true,"href":"https:\/\/www.multicasa.com.br\/inicio\/wp-json\/wp\/v2\/media\/8340"}],"wp:attachment":[{"href":"https:\/\/www.multicasa.com.br\/inicio\/wp-json\/wp\/v2\/media?parent=8282"}],"wp:term":[{"taxonomy":"product_brand","embeddable":true,"href":"https:\/\/www.multicasa.com.br\/inicio\/wp-json\/wp\/v2\/product_brand?post=8282"},{"taxonomy":"product_cat","embeddable":true,"href":"https:\/\/www.multicasa.com.br\/inicio\/wp-json\/wp\/v2\/product_cat?post=8282"},{"taxonomy":"product_tag","embeddable":true,"href":"https:\/\/www.multicasa.com.br\/inicio\/wp-json\/wp\/v2\/product_tag?post=8282"}],"curies":[{"name":"wp","href":"https:\/\/api.w.org\/{rel}","templated":true}]}}