{"id":8286,"date":"2025-06-20T17:31:25","date_gmt":"2025-06-20T21:31:25","guid":{"rendered":"https:\/\/www.multicasa.com.br\/inicio\/?post_type=product&#038;p=8286"},"modified":"2025-06-20T17:32:05","modified_gmt":"2025-06-20T21:32:05","slug":"filtro-de-linha-com-4-tomadas-branco-ilumitec-1m-bivolt","status":"publish","type":"product","link":"https:\/\/www.multicasa.com.br\/inicio\/produto\/filtro-de-linha-com-4-tomadas-branco-ilumitec-1m-bivolt\/","title":{"rendered":"Filtro de Linha com 4 Tomadas Branco Ilumitec 1m Bivolt"},"content":{"rendered":"<p>Conecte v\u00e1rios aparelhos e dispositivos com seguran\u00e7a usando o Filtro de Linha com 4 tomadas 2P+T da Ilumitec. Bivolt, suas tomadas j\u00e1 est\u00e3o no novo padr\u00e3o brasileiro, tem cabo de 1,5 m e \u00e9 fabricado em pl\u00e1stico ABS. Seu funcionamento consiste em, diante de uma descarga de energia, o micro disjuntor desarma e o bot\u00e3o volta para a posi\u00e7\u00e3o off. Assim, para voc\u00ea continuar utilizando energia, basta retornar o bot\u00e3o para a posi\u00e7\u00e3o reset. Seu filtro de linha tem p\u00e9s antiderrapantes, leds identificadores de tens\u00e3o e prensa cabo. Dispon\u00edvel na cor branca.<\/p>\n","protected":false},"excerpt":{"rendered":"<h4 style=\"margin: 0px;padding: 0px 0px 16px;font-family: Lato, sans-serif;font-weight: bold;line-height: 3rem;color: var(--dark-grey3);font-size: 22px;font-style: normal;letter-spacing: normal;text-align: start;text-indent: 0px;text-transform: none\">Informa\u00e7\u00f5es t\u00e9cnicas<\/h4>\n<p><span style=\"margin: 0px;padding: 0px;font-weight: 450;font-size: 14px;line-height: 21px;color: var(--dark-grey2);font-family: Lato, sans-serif;font-style: normal;letter-spacing: normal;text-align: start;text-indent: 0px;text-transform: none\">Produto: Filtro de linha<br \/>\nMarca: Ilumitec<br \/>\nMaterial: Abs<br \/>\nCor: Branco<br \/>\nTens\u00e3o El\u00e9trica: 127-220v<br \/>\nCaracter\u00edsticas: Possui 4 tomadas el\u00e9tricas 2p+t<br \/>\nP\u00e9s antiderrapantes<br \/>\nLeds identificadores<br \/>\nPrensa cabo<br \/>\nCondutor cabo flex\u00edvel pp chato 3 vias 3&#215;0,75mm<br \/>\nCom gromet evita quebra do cabo<br \/>\nPossui micro disjuntor<br \/>\n2 leds indicadores de tens\u00e3o 127v (verde e 220v) 220v (verde+vermelho)<br \/>\nItens Inclusos: 1 Filtro de linha<br \/>\nDimens\u00f5es do produto (C): Cabo &#8211; 1m<br \/>\nGarantia: 5 anos pelo fabricante<br \/>\n<\/span><\/p>\n","protected":false},"featured_media":8345,"template":"","meta":{"_joinchat":[]},"product_brand":[],"product_cat":[120],"product_tag":[],"class_list":{"0":"post-8286","1":"product","2":"type-product","3":"status-publish","4":"has-post-thumbnail","6":"product_cat-extencoes-e-cia","8":"first","9":"outofstock","10":"shipping-taxable","11":"product-type-simple"},"_links":{"self":[{"href":"https:\/\/www.multicasa.com.br\/inicio\/wp-json\/wp\/v2\/product\/8286","targetHints":{"allow":["GET"]}}],"collection":[{"href":"https:\/\/www.multicasa.com.br\/inicio\/wp-json\/wp\/v2\/product"}],"about":[{"href":"https:\/\/www.multicasa.com.br\/inicio\/wp-json\/wp\/v2\/types\/product"}],"wp:featuredmedia":[{"embeddable":true,"href":"https:\/\/www.multicasa.com.br\/inicio\/wp-json\/wp\/v2\/media\/8345"}],"wp:attachment":[{"href":"https:\/\/www.multicasa.com.br\/inicio\/wp-json\/wp\/v2\/media?parent=8286"}],"wp:term":[{"taxonomy":"product_brand","embeddable":true,"href":"https:\/\/www.multicasa.com.br\/inicio\/wp-json\/wp\/v2\/product_brand?post=8286"},{"taxonomy":"product_cat","embeddable":true,"href":"https:\/\/www.multicasa.com.br\/inicio\/wp-json\/wp\/v2\/product_cat?post=8286"},{"taxonomy":"product_tag","embeddable":true,"href":"https:\/\/www.multicasa.com.br\/inicio\/wp-json\/wp\/v2\/product_tag?post=8286"}],"curies":[{"name":"wp","href":"https:\/\/api.w.org\/{rel}","templated":true}]}}