{"id":8287,"date":"2025-06-20T17:31:25","date_gmt":"2025-06-20T21:31:25","guid":{"rendered":"https:\/\/www.multicasa.com.br\/inicio\/?post_type=product&#038;p=8287"},"modified":"2025-06-20T17:32:09","modified_gmt":"2025-06-20T21:32:09","slug":"ferro-de-passar-a-vapor-oster-1500w-127v","status":"publish","type":"product","link":"https:\/\/www.multicasa.com.br\/inicio\/produto\/ferro-de-passar-a-vapor-oster-1500w-127v\/","title":{"rendered":"Ferro de Passar a Vapor Oster 1500W &#8211; 127V"},"content":{"rendered":"<p>O Ferro de Passar a Vapor Oster possui alimenta\u00e7\u00e3o de 127v e 1500w de pot\u00eancia. Com sistema anticalc\u00e1rio na base do ferro, tem leds indicadores que auxiliam sobre seu funcionamento e uso, e reservat\u00f3rio para at\u00e9 280ml. Seu jato de vapor permite que o ferro de passar seja utilizado tamb\u00e9m como vaporizador vertical j\u00e1 que seus micro furos de passagem garantem o uso da tecnologia, exclusive dos nano orif\u00edcios. Al\u00e9m disso, desliga 40% mais f\u00e1cil e r\u00e1pido e tem atrito reduzido que n\u00e3o danifica tecidos ou base. O Ferro de Passar Oster tem limpeza autom\u00e1tica que prolonga a vida \u00fatil do seu eletrodom\u00e9stico.<\/p>\n","protected":false},"excerpt":{"rendered":"<h4 style=\"margin: 0px;padding: 0px 0px 16px;font-family: Lato, sans-serif;font-weight: bold;line-height: 3rem;color: var(--dark-grey3);font-size: 22px;font-style: normal;letter-spacing: normal;text-align: start;text-indent: 0px;text-transform: none\">Informa\u00e7\u00f5es t\u00e9cnicas<\/h4>\n<p><span style=\"margin: 0px;padding: 0px;font-weight: 450;font-size: 14px;line-height: 21px;color: var(--dark-grey2);font-family: Lato, sans-serif;font-style: normal;letter-spacing: normal;text-align: start;text-indent: 0px;text-transform: none\">Produto: Ferro de Passar                                                                                                                                                    Tipo: A Vapor<br \/>\nMarca: Oster                                                                                                                                                                     Modelo: GCSTSP6206-017<br \/>\nMaterial: Base de cer\u00e2mica<br \/>\nCor: champagne e branco<br \/>\nPot\u00eancia: 1500w<br \/>\nTens\u00e3o el\u00e9trica: 127v<br \/>\nCaracter\u00edsticas: com tecnologia exclusiva de nano orif\u00edcios, reservat\u00f3rio de 280ml, desliga at\u00e9 40% mais r\u00e1pido<br \/>\nItens Inclusos: 1 ferro de passar<br \/>\nDimens\u00f5es do produto (A x L x P): 14,5 x 12 x 30cm<br \/>\nGarantia: 1 ano<br \/>\nOCP: 0040<\/span><\/p>\n","protected":false},"featured_media":8346,"template":"","meta":{"_joinchat":[]},"product_brand":[],"product_cat":[95],"product_tag":[],"class_list":{"0":"post-8287","1":"product","2":"type-product","3":"status-publish","4":"has-post-thumbnail","6":"product_cat-lavanderia","8":"first","9":"outofstock","10":"shipping-taxable","11":"product-type-simple"},"_links":{"self":[{"href":"https:\/\/www.multicasa.com.br\/inicio\/wp-json\/wp\/v2\/product\/8287","targetHints":{"allow":["GET"]}}],"collection":[{"href":"https:\/\/www.multicasa.com.br\/inicio\/wp-json\/wp\/v2\/product"}],"about":[{"href":"https:\/\/www.multicasa.com.br\/inicio\/wp-json\/wp\/v2\/types\/product"}],"wp:featuredmedia":[{"embeddable":true,"href":"https:\/\/www.multicasa.com.br\/inicio\/wp-json\/wp\/v2\/media\/8346"}],"wp:attachment":[{"href":"https:\/\/www.multicasa.com.br\/inicio\/wp-json\/wp\/v2\/media?parent=8287"}],"wp:term":[{"taxonomy":"product_brand","embeddable":true,"href":"https:\/\/www.multicasa.com.br\/inicio\/wp-json\/wp\/v2\/product_brand?post=8287"},{"taxonomy":"product_cat","embeddable":true,"href":"https:\/\/www.multicasa.com.br\/inicio\/wp-json\/wp\/v2\/product_cat?post=8287"},{"taxonomy":"product_tag","embeddable":true,"href":"https:\/\/www.multicasa.com.br\/inicio\/wp-json\/wp\/v2\/product_tag?post=8287"}],"curies":[{"name":"wp","href":"https:\/\/api.w.org\/{rel}","templated":true}]}}