{"id":8293,"date":"2025-06-20T17:31:25","date_gmt":"2025-06-20T21:31:25","guid":{"rendered":"https:\/\/www.multicasa.com.br\/inicio\/?post_type=product&#038;p=8293"},"modified":"2026-04-23T11:50:13","modified_gmt":"2026-04-23T15:50:13","slug":"folha-de-lixa-dagua-grao-no120-3m","status":"publish","type":"product","link":"https:\/\/www.multicasa.com.br\/inicio\/produto\/folha-de-lixa-dagua-grao-no120-3m\/","title":{"rendered":"Folha de Lixa D\u00c1gua Gr\u00e3o N\u00ba120 3M"},"content":{"rendered":"<p>A 3M desenvolveu a lixa d?\u00e1gua gr\u00e3o 120 para trabalhos sobre qualquer tipo de pintura, revestimento ou superf\u00edcies met\u00e1licas, entregando resultado de acabamento fino e liso. Ideal para uniformizar e eliminar defeitos, apresenta costado com maior resist\u00eancia porque \u00e9 \u00e0 prova d?\u00e1gua. Use para desbaste, nivelamento e acabamento.<\/p>\n","protected":false},"excerpt":{"rendered":"<h4 style=\"margin: 0px;padding: 0px 0px 16px;font-family: Lato, sans-serif;font-weight: bold;line-height: 3rem;color: var(--dark-grey3);font-size: 22px;font-style: normal;letter-spacing: normal;text-align: start;text-indent: 0px;text-transform: none\">Informa\u00e7\u00f5es t\u00e9cnicas<\/h4>\n<p><span style=\"margin: 0px;padding: 0px;font-weight: 450;font-size: 14px;line-height: 21px;color: var(--dark-grey2);font-family: Lato, sans-serif;font-style: normal;letter-spacing: normal;text-align: start;text-indent: 0px;text-transform: none\">Produto: Lixa D?\u00e1gua<br \/>\nMarca: 3M<br \/>\nMaterial: Minerais<br \/>\nResinas<br \/>\nPap\u00e9is<br \/>\nCor: Preto<br \/>\nGr\u00e3o: 120<br \/>\nCaracter\u00edsticas: Maior durabilidade<br \/>\nAlta flexibilidade<br \/>\nBaixo n\u00edvel de rugosidade<br \/>\nItens Inclusos: 1 Lixa D?\u00e1gua<br \/>\n<\/span><\/p>\n","protected":false},"featured_media":8377,"template":"","meta":{"_joinchat":[]},"product_brand":[],"product_cat":[143],"product_tag":[],"class_list":{"0":"post-8293","1":"product","2":"type-product","3":"status-publish","4":"has-post-thumbnail","6":"product_cat-tintas-e-cia","8":"first","9":"instock","10":"shipping-taxable","11":"purchasable","12":"product-type-simple"},"_links":{"self":[{"href":"https:\/\/www.multicasa.com.br\/inicio\/wp-json\/wp\/v2\/product\/8293","targetHints":{"allow":["GET"]}}],"collection":[{"href":"https:\/\/www.multicasa.com.br\/inicio\/wp-json\/wp\/v2\/product"}],"about":[{"href":"https:\/\/www.multicasa.com.br\/inicio\/wp-json\/wp\/v2\/types\/product"}],"wp:featuredmedia":[{"embeddable":true,"href":"https:\/\/www.multicasa.com.br\/inicio\/wp-json\/wp\/v2\/media\/8377"}],"wp:attachment":[{"href":"https:\/\/www.multicasa.com.br\/inicio\/wp-json\/wp\/v2\/media?parent=8293"}],"wp:term":[{"taxonomy":"product_brand","embeddable":true,"href":"https:\/\/www.multicasa.com.br\/inicio\/wp-json\/wp\/v2\/product_brand?post=8293"},{"taxonomy":"product_cat","embeddable":true,"href":"https:\/\/www.multicasa.com.br\/inicio\/wp-json\/wp\/v2\/product_cat?post=8293"},{"taxonomy":"product_tag","embeddable":true,"href":"https:\/\/www.multicasa.com.br\/inicio\/wp-json\/wp\/v2\/product_tag?post=8293"}],"curies":[{"name":"wp","href":"https:\/\/api.w.org\/{rel}","templated":true}]}}