{"id":8296,"date":"2025-06-20T17:31:25","date_gmt":"2025-06-20T21:31:25","guid":{"rendered":"https:\/\/www.multicasa.com.br\/inicio\/?post_type=product&#038;p=8296"},"modified":"2026-01-06T11:00:15","modified_gmt":"2026-01-06T15:00:15","slug":"folha-de-lixa-massa-madeira-no120-vermelho-3m","status":"publish","type":"product","link":"https:\/\/www.multicasa.com.br\/inicio\/produto\/folha-de-lixa-massa-madeira-no120-vermelho-3m\/","title":{"rendered":"Folha de Lixa Massa\/Madeira N\u00ba120 Vermelho 3M"},"content":{"rendered":"<p>A Folha de Lixa Vermelha 3M n\u00ba 120 \u00e9 indicada para prepara\u00e7\u00e3o e repara\u00e7\u00e3o de paredes para pintura, lixamento de massa corrida, gesso, drywall, reboco, alvenaria e madeira. Produzida em costado de papel e \u00f3xido de alum\u00ednio com alta resist\u00eancia e flexibilidade para uso manual, em bloco lixador ou lixadeira port\u00e1til. Enquanto estiver lixando, utilize equipamentos de prote\u00e7\u00e3o. Armazene fora do contato da luz direta, calor e umidade.<\/p>\n","protected":false},"excerpt":{"rendered":"<h4 style=\"margin: 0px;padding: 0px 0px 16px;font-family: Lato, sans-serif;font-weight: bold;line-height: 3rem;color: var(--dark-grey3);font-size: 22px;font-style: normal;letter-spacing: normal;text-align: start;text-indent: 0px;text-transform: none\">Informa\u00e7\u00f5es t\u00e9cnicas<\/h4>\n<p><span style=\"margin: 0px;padding: 0px;font-weight: 450;font-size: 14px;line-height: 21px;color: var(--dark-grey2);font-family: Lato, sans-serif;font-style: normal;letter-spacing: normal;text-align: start;text-indent: 0px;text-transform: none\">Produto: Lixa Madeira<br \/>\nMarca: 3M<br \/>\nMaterial: Costado de papel<br \/>\n\u00d3xido de alum\u00ednio<br \/>\nCor: Vermelha<br \/>\nGr\u00e3o: 120<br \/>\nCaracter\u00edsticas: Maior rendimento<br \/>\nMelhor corte inicial<br \/>\nTemperatura ideal de 17 a 26\u00b0C<br \/>\nUmidade relativa de 35 a 50%<br \/>\nItens Inclusos: 1 Lixa Madeira<br \/>\nDicas de uso e preserva\u00e7\u00e3o: Evite luz solar direta<br \/>\nEvite calor<br \/>\nEvite umidade<br \/>\n<\/span><\/p>\n","protected":false},"featured_media":8384,"template":"","meta":{"_joinchat":[]},"product_brand":[],"product_cat":[143],"product_tag":[],"class_list":{"0":"post-8296","1":"product","2":"type-product","3":"status-publish","4":"has-post-thumbnail","6":"product_cat-tintas-e-cia","8":"first","9":"outofstock","10":"shipping-taxable","11":"purchasable","12":"product-type-simple"},"_links":{"self":[{"href":"https:\/\/www.multicasa.com.br\/inicio\/wp-json\/wp\/v2\/product\/8296","targetHints":{"allow":["GET"]}}],"collection":[{"href":"https:\/\/www.multicasa.com.br\/inicio\/wp-json\/wp\/v2\/product"}],"about":[{"href":"https:\/\/www.multicasa.com.br\/inicio\/wp-json\/wp\/v2\/types\/product"}],"wp:featuredmedia":[{"embeddable":true,"href":"https:\/\/www.multicasa.com.br\/inicio\/wp-json\/wp\/v2\/media\/8384"}],"wp:attachment":[{"href":"https:\/\/www.multicasa.com.br\/inicio\/wp-json\/wp\/v2\/media?parent=8296"}],"wp:term":[{"taxonomy":"product_brand","embeddable":true,"href":"https:\/\/www.multicasa.com.br\/inicio\/wp-json\/wp\/v2\/product_brand?post=8296"},{"taxonomy":"product_cat","embeddable":true,"href":"https:\/\/www.multicasa.com.br\/inicio\/wp-json\/wp\/v2\/product_cat?post=8296"},{"taxonomy":"product_tag","embeddable":true,"href":"https:\/\/www.multicasa.com.br\/inicio\/wp-json\/wp\/v2\/product_tag?post=8296"}],"curies":[{"name":"wp","href":"https:\/\/api.w.org\/{rel}","templated":true}]}}